{"id":64224,"date":"2023-09-25T11:13:53","date_gmt":"2023-09-25T11:13:53","guid":{"rendered":"https:\/\/bustravel.is\/?post_type=product&#038;p=64224"},"modified":"2025-12-02T21:07:15","modified_gmt":"2025-12-02T21:07:15","slug":"%e9%98%bf%e5%85%8b%e9%9b%b7%e9%87%8c%e5%95%a4%e9%85%92%e6%b8%a9%e6%b3%89%e9%97%a8%e7%a5%a8","status":"publish","type":"product","link":"https:\/\/bustravel.is\/zh\/%e4%b8%80%e6%97%a5%e5%9b%a2\/%e9%98%bf%e5%85%8b%e9%9b%b7%e9%87%8c%e5%95%a4%e9%85%92%e6%b8%a9%e6%b3%89%e9%97%a8%e7%a5%a8","title":{"rendered":"\u963f\u514b\u96f7\u91cc\u5564\u9152\u6e29\u6cc9\u95e8\u7968"},"content":{"rendered":"","protected":false},"excerpt":{"rendered":"","protected":false},"featured_media":25331,"comment_status":"closed","ping_status":"closed","template":"","meta":{"_acf_changed":false},"product_brand":[],"product_cat":[294],"product_tag":[],"class_list":{"0":"post-64224","1":"product","2":"type-product","3":"status-publish","4":"has-post-thumbnail","6":"attraction-590","7":"product_cat-294","9":"first","10":"instock","11":"shipping-taxable","12":"purchasable","13":"product-type-simple"},"acf":{"tour_bokun_id":"14109","multi_bokun_id_widget_label":"","multi_day_tour_bokun_ids":null,"badges":[],"intro":"\u51b0\u5c9b\u5317\u90e8\u5564\u9152\u6e29\u6cc9\uff0c\u597d\u53cb\u6216\u60c5\u4fa3\u7684\u7edd\u4f73\u9009\u62e9","text":"","short_text":"\u51b0\u5c9b\u9996\u5bb6\u5564\u9152\u6e29\u6cc9\uff0c\u8ddd\u79bb\u963f\u514b\u96f7\u91cc\u4ec530\u5206\u949f\u8f66\u7a0b","modal_info_title":"","modal_info_text":"","reviews_rating":"","notice_text":"","tour_duration_in_days":"one-day","agency_notice":"\u672c\u56e2\u7531 <b>Bj\u00f3rb\u00f6\u00f0in<\/b>\u8fd0\u8425.","product_description":"Bj\u00f3rb\u00f6\u00f0in \u6e29\u6cc9\u4f4d\u4e8e\u51b0\u5c9b\u5317\u90e8\u7684 \u00c1rsk\u00f3gssandur\uff0c\u5e26\u6765\u522b\u5177\u4e00\u683c\u7684\u653e\u677e\u4f53\u9a8c\u3002\r\n\r\n\u5728\u8fd9\u91cc\uff0c\u60a8\u53ef\u4ee5\u8fdc\u79bb\u73b0\u4ee3\u751f\u6d3b\u7684\u538b\u529b\uff0c\u4eab\u53d7\u4e00\u573a\u6e29\u6696\u5564\u9152\u6d74\uff0c\u5f7b\u5e95\u653e\u677e\u8eab\u5fc3\uff0c\u7115\u53d1\u6d3b\u529b\u3002","product_description_long":"\u5564\u9152\u9175\u6bcd\u6709\u591a\u79cd\u7528\u9014\uff0c\u5176\u4e2d\u6700\u5e38\u89c1\u7684\u662f\u4ee5\u7247\u5242\u5f62\u5f0f\u670d\u7528\uff0c\u5bf9\u8eab\u4f53\u6709\u8bf8\u591a\u76ca\u5904\u3002\u800c\u5564\u9152\u6d74\u5219\u4ee5\u53e6\u4e00\u79cd\u65b9\u5f0f\u53d1\u6325\u5176\u72ec\u7279\u529f\u6548\uff0c\u5c24\u5176\u5bf9\u76ae\u80a4\u5065\u5eb7\u5341\u5206\u6709\u76ca\uff0c\u80fd\u591f\u6ecb\u517b\u808c\u80a4\u3001\u589e\u5f3a\u5f39\u6027\uff0c\u4f7f\u4eba\u7115\u53d1\u81ea\u7136\u5149\u5f69\u3002","starting_point":"Bj\u00f3rb\u00f6\u00f0in Beerspa","accommodation":"false","difficulty":"Easy","difficulty_note":"","live_tour_guide":"notset","group_size":"notset","minimum_age":0,"availability_start":null,"availability_end":null,"price_notice":"","accommodation_text":"","accommodation_gallery":null,"accommodation_list_1":[{"list_item":"\u5564\u9152\u6e29\u6cc9\u4f53\u9a8c","included_or_excluded":true},{"list_item":"\u6d74\u5dfe","included_or_excluded":true},{"list_item":"\u6d74\u888d","included_or_excluded":true}],"accommodation_list_2":[{"list_item":"\u6211\u4eec\u5efa\u8bae\u60a8\u5728\u5564\u9152\u6d74\u4e2d\u4e0d\u7a7f\u6cf3\u8863\uff0c\u4ee5\u5145\u5206\u4f53\u9a8c\u5564\u9152\u9175\u6bcd\u5bf9\u76ae\u80a4\u7684\u6ecb\u517b\u6548\u679c\u3002\u4f46\u5982\u679c\u60a8\u611f\u89c9\u7a7f\u6cf3\u8863\u66f4\u81ea\u5728\uff0c\u90a3\u4e5f\u5b8c\u5168\u6ca1\u95ee\u9898\u3002"}],"accommodation_list_3":[{"list_item":"\u6211\u4eec\u4f4d\u4e8e \u00c1rsk\u00f3gssandur\uff0c\u8ddd\u79bb\u96f7\u514b\u96c5\u672a\u514b\u7ea6 5 \u5c0f\u65f6\u8f66\u7a0b\uff0c\u4f46\u8ddd\u79bb\u963f\u514b\u96f7\u91cc\u4ec5 30 \u5206\u949f\u8f66\u7a0b\u3002"},{"list_item":"\u6240\u6709\u6e38\u5ba2\u9700\u81ea\u884c\u627f\u62c5\u8d23\u4efb\uff0c\u5e76\u5bf9\u968f\u884c\u7684\u513f\u7ae5\u8d1f\u5168\u8d23\u3002"},{"list_item":"\u6bcf\u4f4d\u6e38\u5ba2\u9700\u5bf9\u81ea\u8eab\u7684\u5065\u5eb7\u72b6\u51b5\u8d1f\u8d23\u3002"},{"list_item":"<b>\u53d6\u6d88\u653f\u7b56\uff1a<\/b> \u5982\u5728\u51fa\u53d1\u524d\u8d85\u8fc73\u5929\u53d6\u6d88\uff1a\u53ef\u9000\u8fd890%\u7684\u8d39\u7528\uff1b \u5982\u5728\u51fa\u53d1\u524d1\u81f33\u5929\uff0824\u81f372\u5c0f\u65f6\uff09\u53d6\u6d88\uff1a\u53ef\u9000\u8fd850%\u7684\u8d39\u7528\uff1b \u5982\u5728\u51fa\u53d1\u524d\u4e0d\u8db324\u5c0f\u65f6\u53d6\u6d88\uff1a\u6055\u4e0d\u9000\u6b3e\u3002"}],"itinerary_location_image":25333,"tour_itinerary":[{"itinerary_name":"Bj\u00f3rb\u00f6\u00f0in Beerspa","tour_day":"","display_itinerary_outside_of_modal":true,"itinerary_above_title_in_modal":"","itinerary_description":"<p data-start=\"0\" data-end=\"75\">\u5564\u9152\u6d74\u662f\u5c06\u8eab\u4f53\u6d78\u6ce1\u5728\u65b0\u9c9c\u5564\u9152\u548c\u6d3b\u6027\u5564\u9152\u9175\u6bcd\u4e2d\uff0c\u5e76\u5728\u6570\u5c0f\u65f6\u540e\u624d\u51b2\u6d17\u5e72\u51c0\u3002\u8fd9\u79cd\u72ec\u7279\u7684\u7597\u6cd5\u5bf9\u8eab\u4f53\u548c\u76ae\u80a4\u90fd\u6709\u663e\u8457\u7684\u76ca\u5904\uff0c\u4e0d\u4ec5\u80fd\u6df1\u5c42\u6e05\u6d01\u76ae\u80a4\uff0c\u8fd8\u80fd\u4fc3\u8fdb\u6574\u4f53\u5065\u5eb7\u3002<\/p>\r\n<p data-start=\"77\" data-end=\"125\">\u6b64\u5916\uff0c\u6bcf\u4e2a\u6d74\u7f38\u90fd\u914d\u5907\u4e86\u751f\u5564\u9152\u5206\u914d\u5668\uff0c\u5e74\u6ee120\u5c81\u7684\u5ba2\u4eba\u53ef\u4ee5\u5728\u4eab\u53d7\u653e\u677e\u4f53\u9a8c\u7684\u540c\u65f6\uff0c\u54c1\u5c1d\u4e00\u676f\u51b0\u9547\u5564\u9152\u3002<\/p>\r\n<p data-start=\"127\" data-end=\"179\" data-is-last-node=\"\" data-is-only-node=\"\">\u66f4\u4ee4\u4eba\u5174\u594b\u7684\u662f\uff0c\u6211\u4eec\u65b0\u589e\u4e86\u9002\u5408\u5927\u56e2\u4f53\u4f7f\u7528\u7684\u6237\u5916\u70ed\u6c34\u6d74\u6c60\uff0c\u4ee5\u53ca\u4e00\u5bb6\u4e13\u95e8\u63d0\u4f9b\u4e0e\u5564\u9152\u4e3b\u9898\u76f8\u8f85\u76f8\u6210\u7f8e\u98df\u7684\u65b0\u9910\u5385\u3002<\/p>","itinerary_gallery":[25331,25343],"itinerary_location_image_map_center":"44.0315%,46.4335%"}],"special_offer":"false","promo_code_text":"","promo_code_coupon":"","promo_code_percentage":"","gallery":[{"media_item":{"gallery_media":25331,"gallery_youtube_video_id":"","gallery_youtube_cover_image":null},"gallery_image_location":"Beerspa in North Iceland","gallery_image_description":""},{"media_item":{"gallery_media":25343,"gallery_youtube_video_id":"","gallery_youtube_cover_image":null},"gallery_image_location":"Lounge for relaxation","gallery_image_description":""},{"media_item":{"gallery_media":25347,"gallery_youtube_video_id":"","gallery_youtube_cover_image":null},"gallery_image_location":"Beer bath tub","gallery_image_description":""},{"media_item":{"gallery_media":25348,"gallery_youtube_video_id":"","gallery_youtube_cover_image":null},"gallery_image_location":"BeerSpa hot tub outside","gallery_image_description":""},{"media_item":{"gallery_media":25349,"gallery_youtube_video_id":"","gallery_youtube_cover_image":null},"gallery_image_location":"BeerSpa restaurant","gallery_image_description":""},{"media_item":{"gallery_media":25350,"gallery_youtube_video_id":"","gallery_youtube_cover_image":null},"gallery_image_location":"BeerSpa refresements","gallery_image_description":""}],"select_tours":[63710,34588],"select_discover_iceland":[31147,30119],"availability_dates":null,"availability_serialized":"a:199:{i:0;s:10:\"2023-09-29\";i:5;s:10:\"2023-09-30\";i:9;s:10:\"2023-10-04\";i:13;s:10:\"2023-10-05\";i:19;s:10:\"2023-10-06\";i:25;s:10:\"2023-10-07\";i:31;s:10:\"2023-10-11\";i:35;s:10:\"2023-10-12\";i:41;s:10:\"2023-10-13\";i:46;s:10:\"2023-10-14\";i:52;s:10:\"2023-10-18\";i:56;s:10:\"2023-10-19\";i:62;s:10:\"2023-10-20\";i:68;s:10:\"2023-10-21\";i:74;s:10:\"2023-10-25\";i:78;s:10:\"2023-10-26\";i:84;s:10:\"2023-10-27\";i:90;s:10:\"2023-10-28\";i:95;s:10:\"2023-11-01\";i:99;s:10:\"2023-11-02\";i:105;s:10:\"2023-11-03\";i:111;s:10:\"2023-11-04\";i:117;s:10:\"2023-11-08\";i:121;s:10:\"2023-11-09\";i:127;s:10:\"2023-11-10\";i:133;s:10:\"2023-11-11\";i:139;s:10:\"2023-11-15\";i:143;s:10:\"2023-11-16\";i:149;s:10:\"2023-11-17\";i:155;s:10:\"2023-11-18\";i:161;s:10:\"2023-11-22\";i:165;s:10:\"2023-11-23\";i:171;s:10:\"2023-11-24\";i:177;s:10:\"2023-11-25\";i:183;s:10:\"2023-11-29\";i:187;s:10:\"2023-11-30\";i:193;s:10:\"2023-12-01\";i:199;s:10:\"2023-12-02\";i:205;s:10:\"2023-12-06\";i:209;s:10:\"2023-12-07\";i:214;s:10:\"2023-12-08\";i:220;s:10:\"2023-12-09\";i:226;s:10:\"2023-12-13\";i:230;s:10:\"2023-12-14\";i:236;s:10:\"2023-12-15\";i:242;s:10:\"2023-12-16\";i:248;s:10:\"2023-12-20\";i:252;s:10:\"2023-12-21\";i:258;s:10:\"2023-12-22\";i:264;s:10:\"2023-12-27\";i:268;s:10:\"2023-12-28\";i:274;s:10:\"2023-12-29\";i:280;s:10:\"2023-12-30\";i:286;s:10:\"2024-01-04\";i:290;s:10:\"2024-01-05\";i:296;s:10:\"2024-01-06\";i:302;s:10:\"2024-01-11\";i:306;s:10:\"2024-01-12\";i:312;s:10:\"2024-01-13\";i:318;s:10:\"2024-01-18\";i:322;s:10:\"2024-01-19\";i:328;s:10:\"2024-01-20\";i:334;s:10:\"2024-01-25\";i:338;s:10:\"2024-01-26\";i:344;s:10:\"2024-01-27\";i:350;s:10:\"2024-02-01\";i:354;s:10:\"2024-02-02\";i:360;s:10:\"2024-02-03\";i:366;s:10:\"2024-02-08\";i:370;s:10:\"2024-02-09\";i:376;s:10:\"2024-02-10\";i:382;s:10:\"2024-02-15\";i:386;s:10:\"2024-02-16\";i:392;s:10:\"2024-02-17\";i:398;s:10:\"2024-02-22\";i:402;s:10:\"2024-02-23\";i:408;s:10:\"2024-02-24\";i:414;s:10:\"2024-02-29\";i:418;s:10:\"2024-03-01\";i:424;s:10:\"2024-03-02\";i:430;s:10:\"2024-03-06\";i:436;s:10:\"2024-03-07\";i:442;s:10:\"2024-03-08\";i:448;s:10:\"2024-03-09\";i:454;s:10:\"2024-03-13\";i:460;s:10:\"2024-03-14\";i:466;s:10:\"2024-03-15\";i:472;s:10:\"2024-03-16\";i:478;s:10:\"2024-03-20\";i:484;s:10:\"2024-03-21\";i:490;s:10:\"2024-03-22\";i:496;s:10:\"2024-03-23\";i:502;s:10:\"2024-03-27\";i:508;s:10:\"2024-03-28\";i:514;s:10:\"2024-03-30\";i:520;s:10:\"2024-04-03\";i:526;s:10:\"2024-04-04\";i:532;s:10:\"2024-04-05\";i:538;s:10:\"2024-04-06\";i:544;s:10:\"2024-04-10\";i:550;s:10:\"2024-04-11\";i:556;s:10:\"2024-04-12\";i:562;s:10:\"2024-04-13\";i:568;s:10:\"2024-04-17\";i:574;s:10:\"2024-04-18\";i:580;s:10:\"2024-04-19\";i:586;s:10:\"2024-04-20\";i:592;s:10:\"2024-04-24\";i:598;s:10:\"2024-04-25\";i:604;s:10:\"2024-04-26\";i:610;s:10:\"2024-04-27\";i:616;s:10:\"2024-05-01\";i:622;s:10:\"2024-05-02\";i:628;s:10:\"2024-05-03\";i:634;s:10:\"2024-05-04\";i:640;s:10:\"2024-05-08\";i:646;s:10:\"2024-05-09\";i:652;s:10:\"2024-05-10\";i:658;s:10:\"2024-05-11\";i:664;s:10:\"2024-05-15\";i:670;s:10:\"2024-05-16\";i:676;s:10:\"2024-05-17\";i:682;s:10:\"2024-05-18\";i:688;s:10:\"2024-05-22\";i:694;s:10:\"2024-05-23\";i:700;s:10:\"2024-05-24\";i:706;s:10:\"2024-05-25\";i:712;s:10:\"2024-05-29\";i:718;s:10:\"2024-05-30\";i:724;s:10:\"2024-05-31\";i:730;s:10:\"2024-06-01\";i:736;s:10:\"2024-06-05\";i:742;s:10:\"2024-06-06\";i:748;s:10:\"2024-06-07\";i:754;s:10:\"2024-06-08\";i:760;s:10:\"2024-06-12\";i:766;s:10:\"2024-06-13\";i:772;s:10:\"2024-06-14\";i:778;s:10:\"2024-06-15\";i:784;s:10:\"2024-06-19\";i:790;s:10:\"2024-06-20\";i:796;s:10:\"2024-06-21\";i:802;s:10:\"2024-06-22\";i:808;s:10:\"2024-06-26\";i:814;s:10:\"2024-06-27\";i:820;s:10:\"2024-06-28\";i:826;s:10:\"2024-06-29\";i:832;s:10:\"2024-07-03\";i:838;s:10:\"2024-07-04\";i:844;s:10:\"2024-07-05\";i:850;s:10:\"2024-07-06\";i:856;s:10:\"2024-07-10\";i:862;s:10:\"2024-07-11\";i:868;s:10:\"2024-07-12\";i:874;s:10:\"2024-07-13\";i:880;s:10:\"2024-07-17\";i:886;s:10:\"2024-07-18\";i:892;s:10:\"2024-07-19\";i:898;s:10:\"2024-07-20\";i:904;s:10:\"2024-07-24\";i:910;s:10:\"2024-07-25\";i:916;s:10:\"2024-07-26\";i:922;s:10:\"2024-07-27\";i:928;s:10:\"2024-07-31\";i:934;s:10:\"2024-08-01\";i:940;s:10:\"2024-08-02\";i:946;s:10:\"2024-08-03\";i:952;s:10:\"2024-08-07\";i:958;s:10:\"2024-08-08\";i:964;s:10:\"2024-08-09\";i:970;s:10:\"2024-08-10\";i:976;s:10:\"2024-08-14\";i:982;s:10:\"2024-08-15\";i:988;s:10:\"2024-08-16\";i:994;s:10:\"2024-08-17\";i:1000;s:10:\"2024-08-21\";i:1006;s:10:\"2024-08-22\";i:1012;s:10:\"2024-08-23\";i:1018;s:10:\"2024-08-24\";i:1024;s:10:\"2024-08-28\";i:1030;s:10:\"2024-08-29\";i:1036;s:10:\"2024-08-30\";i:1042;s:10:\"2024-08-31\";i:1048;s:10:\"2024-09-04\";i:1054;s:10:\"2024-09-05\";i:1060;s:10:\"2024-09-06\";i:1066;s:10:\"2024-09-07\";i:1072;s:10:\"2024-09-11\";i:1078;s:10:\"2024-09-12\";i:1084;s:10:\"2024-09-13\";i:1090;s:10:\"2024-09-14\";i:1096;s:10:\"2024-09-18\";i:1102;s:10:\"2024-09-19\";i:1108;s:10:\"2024-09-20\";i:1114;s:10:\"2024-09-21\";i:1120;s:10:\"2024-09-25\";i:1126;s:10:\"2024-09-26\";i:1132;s:10:\"2024-09-27\";i:1138;s:10:\"2024-09-28\";}"},"yoast_head":"<!-- This site is optimized with the Yoast SEO Premium plugin v27.4 (Yoast SEO v27.4) - https:\/\/yoast.com\/product\/yoast-seo-premium-wordpress\/ -->\n<title>\u963f\u514b\u96f7\u91cc\u5564\u9152\u6e29\u6cc9\u95e8\u7968 - BusTravel Iceland<\/title>\n<meta name=\"description\" content=\"Bj\u00f3rb\u00f6\u00f0in \u6e29\u6cc9\u4f4d\u4e8e\u51b0\u5c9b\u5317\u90e8\u7684 \u00c1rsk\u00f3gssandur\uff0c\u5e26\u6765\u522b\u5177\u4e00\u683c\u7684\u653e\u677e\u4f53\u9a8c\u3002\u4eab\u53d7\u6e29\u6696\u5564\u9152\u6d74\uff0c\u5f7b\u5e95\u653e\u677e\u8eab\u5fc3\uff0c\u7115\u53d1\u6d3b\u529b...\" \/>\n<meta name=\"robots\" content=\"index, follow, max-snippet:-1, max-image-preview:large, max-video-preview:-1\" \/>\n<link rel=\"canonical\" href=\"https:\/\/bustravel.is\/zh\/%e4%b8%80%e6%97%a5%e5%9b%a2\/%e9%98%bf%e5%85%8b%e9%9b%b7%e9%87%8c%e5%95%a4%e9%85%92%e6%b8%a9%e6%b3%89%e9%97%a8%e7%a5%a8\" \/>\n<meta property=\"og:locale\" content=\"zh_CN\" \/>\n<meta property=\"og:type\" content=\"article\" \/>\n<meta property=\"og:title\" content=\"\u963f\u514b\u96f7\u91cc\u5564\u9152\u6e29\u6cc9\u95e8\u7968 - BusTravel Iceland\" \/>\n<meta property=\"og:description\" content=\"Bj\u00f3rb\u00f6\u00f0in \u6e29\u6cc9\u4f4d\u4e8e\u51b0\u5c9b\u5317\u90e8\u7684 \u00c1rsk\u00f3gssandur\uff0c\u5e26\u6765\u522b\u5177\u4e00\u683c\u7684\u653e\u677e\u4f53\u9a8c\u3002\u4eab\u53d7\u6e29\u6696\u5564\u9152\u6d74\uff0c\u5f7b\u5e95\u653e\u677e\u8eab\u5fc3\uff0c\u7115\u53d1\u6d3b\u529b...\" \/>\n<meta property=\"og:url\" content=\"https:\/\/bustravel.is\/zh\/%e4%b8%80%e6%97%a5%e5%9b%a2\/%e9%98%bf%e5%85%8b%e9%9b%b7%e9%87%8c%e5%95%a4%e9%85%92%e6%b8%a9%e6%b3%89%e9%97%a8%e7%a5%a8\" \/>\n<meta property=\"og:site_name\" content=\"BusTravel Iceland\" \/>\n<meta property=\"article:modified_time\" content=\"2025-12-02T21:07:15+00:00\" \/>\n<meta property=\"og:image\" content=\"https:\/\/bustravel.is\/wp-content\/uploads\/2023\/09\/Beerspa-in-North-Iceland-admission-ticket-3.jpg\" \/>\n\t<meta property=\"og:image:width\" content=\"1200\" \/>\n\t<meta property=\"og:image:height\" content=\"675\" \/>\n\t<meta property=\"og:image:type\" content=\"image\/jpeg\" \/>\n<meta name=\"twitter:card\" content=\"summary_large_image\" \/>\n<meta name=\"twitter:label1\" content=\"Est. reading time\" \/>\n\t<meta name=\"twitter:data1\" content=\"1 minute\" \/>\n<script type=\"application\/ld+json\" class=\"yoast-schema-graph\">{\"@context\":\"https:\\\/\\\/schema.org\",\"@graph\":[{\"@type\":\"WebPage\",\"@id\":\"https:\\\/\\\/bustravel.is\\\/zh\\\/%e4%b8%80%e6%97%a5%e5%9b%a2\\\/%e9%98%bf%e5%85%8b%e9%9b%b7%e9%87%8c%e5%95%a4%e9%85%92%e6%b8%a9%e6%b3%89%e9%97%a8%e7%a5%a8\",\"url\":\"https:\\\/\\\/bustravel.is\\\/zh\\\/%e4%b8%80%e6%97%a5%e5%9b%a2\\\/%e9%98%bf%e5%85%8b%e9%9b%b7%e9%87%8c%e5%95%a4%e9%85%92%e6%b8%a9%e6%b3%89%e9%97%a8%e7%a5%a8\",\"name\":\"\u963f\u514b\u96f7\u91cc\u5564\u9152\u6e29\u6cc9\u95e8\u7968 - BusTravel Iceland\",\"isPartOf\":{\"@id\":\"https:\\\/\\\/bustravel.is\\\/zh#website\"},\"primaryImageOfPage\":{\"@id\":\"https:\\\/\\\/bustravel.is\\\/zh\\\/%e4%b8%80%e6%97%a5%e5%9b%a2\\\/%e9%98%bf%e5%85%8b%e9%9b%b7%e9%87%8c%e5%95%a4%e9%85%92%e6%b8%a9%e6%b3%89%e9%97%a8%e7%a5%a8#primaryimage\"},\"image\":{\"@id\":\"https:\\\/\\\/bustravel.is\\\/zh\\\/%e4%b8%80%e6%97%a5%e5%9b%a2\\\/%e9%98%bf%e5%85%8b%e9%9b%b7%e9%87%8c%e5%95%a4%e9%85%92%e6%b8%a9%e6%b3%89%e9%97%a8%e7%a5%a8#primaryimage\"},\"thumbnailUrl\":\"https:\\\/\\\/bustravel.is\\\/wp-content\\\/uploads\\\/2023\\\/09\\\/Beerspa-in-North-Iceland-admission-ticket-3.jpg\",\"datePublished\":\"2023-09-25T11:13:53+00:00\",\"dateModified\":\"2025-12-02T21:07:15+00:00\",\"description\":\"Bj\u00f3rb\u00f6\u00f0in \u6e29\u6cc9\u4f4d\u4e8e\u51b0\u5c9b\u5317\u90e8\u7684 \u00c1rsk\u00f3gssandur\uff0c\u5e26\u6765\u522b\u5177\u4e00\u683c\u7684\u653e\u677e\u4f53\u9a8c\u3002\u4eab\u53d7\u6e29\u6696\u5564\u9152\u6d74\uff0c\u5f7b\u5e95\u653e\u677e\u8eab\u5fc3\uff0c\u7115\u53d1\u6d3b\u529b...\",\"breadcrumb\":{\"@id\":\"https:\\\/\\\/bustravel.is\\\/zh\\\/%e4%b8%80%e6%97%a5%e5%9b%a2\\\/%e9%98%bf%e5%85%8b%e9%9b%b7%e9%87%8c%e5%95%a4%e9%85%92%e6%b8%a9%e6%b3%89%e9%97%a8%e7%a5%a8#breadcrumb\"},\"inLanguage\":\"zh\",\"potentialAction\":[{\"@type\":\"ReadAction\",\"target\":[\"https:\\\/\\\/bustravel.is\\\/zh\\\/%e4%b8%80%e6%97%a5%e5%9b%a2\\\/%e9%98%bf%e5%85%8b%e9%9b%b7%e9%87%8c%e5%95%a4%e9%85%92%e6%b8%a9%e6%b3%89%e9%97%a8%e7%a5%a8\"]}]},{\"@type\":\"ImageObject\",\"inLanguage\":\"zh\",\"@id\":\"https:\\\/\\\/bustravel.is\\\/zh\\\/%e4%b8%80%e6%97%a5%e5%9b%a2\\\/%e9%98%bf%e5%85%8b%e9%9b%b7%e9%87%8c%e5%95%a4%e9%85%92%e6%b8%a9%e6%b3%89%e9%97%a8%e7%a5%a8#primaryimage\",\"url\":\"https:\\\/\\\/bustravel.is\\\/wp-content\\\/uploads\\\/2023\\\/09\\\/Beerspa-in-North-Iceland-admission-ticket-3.jpg\",\"contentUrl\":\"https:\\\/\\\/bustravel.is\\\/wp-content\\\/uploads\\\/2023\\\/09\\\/Beerspa-in-North-Iceland-admission-ticket-3.jpg\",\"width\":1200,\"height\":675,\"caption\":\"Beerspa in North Iceland\"},{\"@type\":\"BreadcrumbList\",\"@id\":\"https:\\\/\\\/bustravel.is\\\/zh\\\/%e4%b8%80%e6%97%a5%e5%9b%a2\\\/%e9%98%bf%e5%85%8b%e9%9b%b7%e9%87%8c%e5%95%a4%e9%85%92%e6%b8%a9%e6%b3%89%e9%97%a8%e7%a5%a8#breadcrumb\",\"itemListElement\":[{\"@type\":\"ListItem\",\"position\":1,\"name\":\"\u5546\u5e97\",\"item\":\"https:\\\/\\\/bustravel.is\\\/zh\\\/shop\"},{\"@type\":\"ListItem\",\"position\":2,\"name\":\"\u963f\u514b\u96f7\u91cc\u5564\u9152\u6e29\u6cc9\u95e8\u7968\"}]},{\"@type\":\"WebSite\",\"@id\":\"https:\\\/\\\/bustravel.is\\\/zh#website\",\"url\":\"https:\\\/\\\/bustravel.is\\\/zh\",\"name\":\"BusTravel Iceland\",\"description\":\"#1 for Guided Tours in Iceland\",\"potentialAction\":[{\"@type\":\"SearchAction\",\"target\":{\"@type\":\"EntryPoint\",\"urlTemplate\":\"https:\\\/\\\/bustravel.is\\\/zh?s={search_term_string}\"},\"query-input\":{\"@type\":\"PropertyValueSpecification\",\"valueRequired\":true,\"valueName\":\"search_term_string\"}}],\"inLanguage\":\"zh\"}]}<\/script>\n<!-- \/ Yoast SEO Premium plugin. -->","yoast_head_json":{"title":"\u963f\u514b\u96f7\u91cc\u5564\u9152\u6e29\u6cc9\u95e8\u7968 - BusTravel Iceland","description":"Bj\u00f3rb\u00f6\u00f0in \u6e29\u6cc9\u4f4d\u4e8e\u51b0\u5c9b\u5317\u90e8\u7684 \u00c1rsk\u00f3gssandur\uff0c\u5e26\u6765\u522b\u5177\u4e00\u683c\u7684\u653e\u677e\u4f53\u9a8c\u3002\u4eab\u53d7\u6e29\u6696\u5564\u9152\u6d74\uff0c\u5f7b\u5e95\u653e\u677e\u8eab\u5fc3\uff0c\u7115\u53d1\u6d3b\u529b...","robots":{"index":"index","follow":"follow","max-snippet":"max-snippet:-1","max-image-preview":"max-image-preview:large","max-video-preview":"max-video-preview:-1"},"canonical":"https:\/\/bustravel.is\/zh\/%e4%b8%80%e6%97%a5%e5%9b%a2\/%e9%98%bf%e5%85%8b%e9%9b%b7%e9%87%8c%e5%95%a4%e9%85%92%e6%b8%a9%e6%b3%89%e9%97%a8%e7%a5%a8","og_locale":"zh_CN","og_type":"article","og_title":"\u963f\u514b\u96f7\u91cc\u5564\u9152\u6e29\u6cc9\u95e8\u7968 - BusTravel Iceland","og_description":"Bj\u00f3rb\u00f6\u00f0in \u6e29\u6cc9\u4f4d\u4e8e\u51b0\u5c9b\u5317\u90e8\u7684 \u00c1rsk\u00f3gssandur\uff0c\u5e26\u6765\u522b\u5177\u4e00\u683c\u7684\u653e\u677e\u4f53\u9a8c\u3002\u4eab\u53d7\u6e29\u6696\u5564\u9152\u6d74\uff0c\u5f7b\u5e95\u653e\u677e\u8eab\u5fc3\uff0c\u7115\u53d1\u6d3b\u529b...","og_url":"https:\/\/bustravel.is\/zh\/%e4%b8%80%e6%97%a5%e5%9b%a2\/%e9%98%bf%e5%85%8b%e9%9b%b7%e9%87%8c%e5%95%a4%e9%85%92%e6%b8%a9%e6%b3%89%e9%97%a8%e7%a5%a8","og_site_name":"BusTravel Iceland","article_modified_time":"2025-12-02T21:07:15+00:00","og_image":[{"width":1200,"height":675,"url":"https:\/\/bustravel.is\/wp-content\/uploads\/2023\/09\/Beerspa-in-North-Iceland-admission-ticket-3.jpg","type":"image\/jpeg"}],"twitter_card":"summary_large_image","twitter_misc":{"Est. reading time":"1 minute"},"schema":{"@context":"https:\/\/schema.org","@graph":[{"@type":"WebPage","@id":"https:\/\/bustravel.is\/zh\/%e4%b8%80%e6%97%a5%e5%9b%a2\/%e9%98%bf%e5%85%8b%e9%9b%b7%e9%87%8c%e5%95%a4%e9%85%92%e6%b8%a9%e6%b3%89%e9%97%a8%e7%a5%a8","url":"https:\/\/bustravel.is\/zh\/%e4%b8%80%e6%97%a5%e5%9b%a2\/%e9%98%bf%e5%85%8b%e9%9b%b7%e9%87%8c%e5%95%a4%e9%85%92%e6%b8%a9%e6%b3%89%e9%97%a8%e7%a5%a8","name":"\u963f\u514b\u96f7\u91cc\u5564\u9152\u6e29\u6cc9\u95e8\u7968 - BusTravel Iceland","isPartOf":{"@id":"https:\/\/bustravel.is\/zh#website"},"primaryImageOfPage":{"@id":"https:\/\/bustravel.is\/zh\/%e4%b8%80%e6%97%a5%e5%9b%a2\/%e9%98%bf%e5%85%8b%e9%9b%b7%e9%87%8c%e5%95%a4%e9%85%92%e6%b8%a9%e6%b3%89%e9%97%a8%e7%a5%a8#primaryimage"},"image":{"@id":"https:\/\/bustravel.is\/zh\/%e4%b8%80%e6%97%a5%e5%9b%a2\/%e9%98%bf%e5%85%8b%e9%9b%b7%e9%87%8c%e5%95%a4%e9%85%92%e6%b8%a9%e6%b3%89%e9%97%a8%e7%a5%a8#primaryimage"},"thumbnailUrl":"https:\/\/bustravel.is\/wp-content\/uploads\/2023\/09\/Beerspa-in-North-Iceland-admission-ticket-3.jpg","datePublished":"2023-09-25T11:13:53+00:00","dateModified":"2025-12-02T21:07:15+00:00","description":"Bj\u00f3rb\u00f6\u00f0in \u6e29\u6cc9\u4f4d\u4e8e\u51b0\u5c9b\u5317\u90e8\u7684 \u00c1rsk\u00f3gssandur\uff0c\u5e26\u6765\u522b\u5177\u4e00\u683c\u7684\u653e\u677e\u4f53\u9a8c\u3002\u4eab\u53d7\u6e29\u6696\u5564\u9152\u6d74\uff0c\u5f7b\u5e95\u653e\u677e\u8eab\u5fc3\uff0c\u7115\u53d1\u6d3b\u529b...","breadcrumb":{"@id":"https:\/\/bustravel.is\/zh\/%e4%b8%80%e6%97%a5%e5%9b%a2\/%e9%98%bf%e5%85%8b%e9%9b%b7%e9%87%8c%e5%95%a4%e9%85%92%e6%b8%a9%e6%b3%89%e9%97%a8%e7%a5%a8#breadcrumb"},"inLanguage":"zh","potentialAction":[{"@type":"ReadAction","target":["https:\/\/bustravel.is\/zh\/%e4%b8%80%e6%97%a5%e5%9b%a2\/%e9%98%bf%e5%85%8b%e9%9b%b7%e9%87%8c%e5%95%a4%e9%85%92%e6%b8%a9%e6%b3%89%e9%97%a8%e7%a5%a8"]}]},{"@type":"ImageObject","inLanguage":"zh","@id":"https:\/\/bustravel.is\/zh\/%e4%b8%80%e6%97%a5%e5%9b%a2\/%e9%98%bf%e5%85%8b%e9%9b%b7%e9%87%8c%e5%95%a4%e9%85%92%e6%b8%a9%e6%b3%89%e9%97%a8%e7%a5%a8#primaryimage","url":"https:\/\/bustravel.is\/wp-content\/uploads\/2023\/09\/Beerspa-in-North-Iceland-admission-ticket-3.jpg","contentUrl":"https:\/\/bustravel.is\/wp-content\/uploads\/2023\/09\/Beerspa-in-North-Iceland-admission-ticket-3.jpg","width":1200,"height":675,"caption":"Beerspa in North Iceland"},{"@type":"BreadcrumbList","@id":"https:\/\/bustravel.is\/zh\/%e4%b8%80%e6%97%a5%e5%9b%a2\/%e9%98%bf%e5%85%8b%e9%9b%b7%e9%87%8c%e5%95%a4%e9%85%92%e6%b8%a9%e6%b3%89%e9%97%a8%e7%a5%a8#breadcrumb","itemListElement":[{"@type":"ListItem","position":1,"name":"\u5546\u5e97","item":"https:\/\/bustravel.is\/zh\/shop"},{"@type":"ListItem","position":2,"name":"\u963f\u514b\u96f7\u91cc\u5564\u9152\u6e29\u6cc9\u95e8\u7968"}]},{"@type":"WebSite","@id":"https:\/\/bustravel.is\/zh#website","url":"https:\/\/bustravel.is\/zh","name":"BusTravel Iceland","description":"#1 for Guided Tours in Iceland","potentialAction":[{"@type":"SearchAction","target":{"@type":"EntryPoint","urlTemplate":"https:\/\/bustravel.is\/zh?s={search_term_string}"},"query-input":{"@type":"PropertyValueSpecification","valueRequired":true,"valueName":"search_term_string"}}],"inLanguage":"zh"}]}},"_links":{"self":[{"href":"https:\/\/bustravel.is\/zh\/wp-json\/wp\/v2\/product\/64224","targetHints":{"allow":["GET"]}}],"collection":[{"href":"https:\/\/bustravel.is\/zh\/wp-json\/wp\/v2\/product"}],"about":[{"href":"https:\/\/bustravel.is\/zh\/wp-json\/wp\/v2\/types\/product"}],"replies":[{"embeddable":true,"href":"https:\/\/bustravel.is\/zh\/wp-json\/wp\/v2\/comments?post=64224"}],"acf:post":[{"embeddable":true,"href":"https:\/\/bustravel.is\/zh\/wp-json\/wp\/v2\/posts\/30119"},{"embeddable":true,"href":"https:\/\/bustravel.is\/zh\/wp-json\/wp\/v2\/posts\/31147"},{"embeddable":true,"href":"https:\/\/bustravel.is\/zh\/wp-json\/wp\/v2\/product\/34588"},{"embeddable":true,"href":"https:\/\/bustravel.is\/zh\/wp-json\/wp\/v2\/product\/63710"}],"wp:featuredmedia":[{"embeddable":true,"href":"https:\/\/bustravel.is\/zh\/wp-json\/wp\/v2\/media\/25331"}],"wp:attachment":[{"href":"https:\/\/bustravel.is\/zh\/wp-json\/wp\/v2\/media?parent=64224"}],"wp:term":[{"taxonomy":"product_brand","embeddable":true,"href":"https:\/\/bustravel.is\/zh\/wp-json\/wp\/v2\/product_brand?post=64224"},{"taxonomy":"product_cat","embeddable":true,"href":"https:\/\/bustravel.is\/zh\/wp-json\/wp\/v2\/product_cat?post=64224"},{"taxonomy":"product_tag","embeddable":true,"href":"https:\/\/bustravel.is\/zh\/wp-json\/wp\/v2\/product_tag?post=64224"}],"curies":[{"name":"wp","href":"https:\/\/api.w.org\/{rel}","templated":true}]}}