{"id":31599,"date":"2023-09-18T22:41:52","date_gmt":"2023-09-18T22:41:52","guid":{"rendered":"https:\/\/bustravel.is\/?post_type=product&#038;p=31599"},"modified":"2024-09-25T19:49:02","modified_gmt":"2024-09-25T19:49:02","slug":"%e9%9b%b7%e5%85%8b%e9%9b%85%e6%9c%aa%e5%85%8b%e5%88%b0%e5%87%af%e5%a4%ab%e6%8b%89%e7%bb%b4%e5%85%8b%e5%9b%bd%e9%99%85%e6%9c%ba%e5%9c%ba%e5%8d%95%e7%a8%8b%e5%a4%a7%e5%b7%b4-rvk-kef","status":"publish","type":"product","link":"https:\/\/bustravel.is\/zh\/%e5%be%80%e8%bf%94-%e5%8d%95%e7%a8%8b%e5%b7%b4%e5%a3%ab\/%e9%9b%b7%e5%85%8b%e9%9b%85%e6%9c%aa%e5%85%8b%e5%88%b0%e5%87%af%e5%a4%ab%e6%8b%89%e7%bb%b4%e5%85%8b%e5%9b%bd%e9%99%85%e6%9c%ba%e5%9c%ba%e5%8d%95%e7%a8%8b%e5%a4%a7%e5%b7%b4-rvk-kef","title":{"rendered":"\u96f7\u514b\u96c5\u672a\u514b\u5230\u51ef\u592b\u62c9\u7ef4\u514b\u56fd\u9645\u673a\u573a\u5355\u7a0b\u5927\u5df4 (RVK-KEF)"},"content":{"rendered":"","protected":false},"excerpt":{"rendered":"","protected":false},"featured_media":28885,"comment_status":"closed","ping_status":"closed","template":"","meta":{"_acf_changed":false},"product_brand":[],"product_cat":[338],"product_tag":[],"class_list":{"0":"post-31599","1":"product","2":"type-product","3":"status-publish","4":"has-post-thumbnail","6":"activity-569","7":"product_cat-338","9":"first","10":"instock","11":"shipping-taxable","12":"purchasable","13":"product-type-simple"},"acf":{"tour_bokun_id":"1136","multi_bokun_id_widget_label":"","multi_day_tour_bokun_ids":null,"badges":[],"intro":"Quick and budget friendly transport from Reykjavik city to Keflavik International Airport.","text":"","short_text":"Quick and budget friendly transport from Reykjavik city to Keflavik International Airport.","modal_info_title":"","modal_info_text":"","reviews_rating":"","notice_text":"","tour_duration_in_days":"one-day","agency_notice":"\u672c\u673a\u573a\u5927\u5df4\u7531<b>Gray Line Iceland<\/b>\u8fd0\u8425.","product_description":"Our great value airport shuttle will get you to Reykjav\u00edk International Airport (Keflav\u00edk). We offer multiple departures throughout the day,\u00a0so there is sure to be a bus to suit your flight time. We offer free pickup from Sk\u00f3garhl\u00ed\u00f0 10, 105, Reykjav\u00edk.\r\n<ul>\r\n \t<li>Sk\u00f3garhl\u00ed\u00f0 10 (Bus Hostel Reykjav\u00edk)<\/li>\r\n<\/ul>\r\n<strong>Important Notice<\/strong>: Pick-up from the bus stops starts 30 minutes before the scheduled departure time of the transfer.","product_description_long":"","starting_point":"Sk\u00f3garhl\u00ed\u00f0 10","accommodation":"false","difficulty":"Easy","difficulty_note":"","live_tour_guide":"notset","group_size":"notset","minimum_age":"","availability_start":null,"availability_end":null,"price_notice":"","accommodation_text":"","accommodation_gallery":null,"accommodation_list_1":[{"list_item":"One way shared transfer from Reykjavik to KEF airport","included_or_excluded":true},{"list_item":"Free WiFi on board","included_or_excluded":true},{"list_item":"Hotel pick-up","included_or_excluded":false}],"accommodation_list_2":[{"list_item":""}],"accommodation_list_3":[{"list_item":"Pickup from Bus Stops begins 30 minutes before the scheduled departure time"},{"list_item":"Please allow for the journey to take up to 75-90 minutes"},{"list_item":"Fully paying passengers are entitled to two pieces of luggage weighing upto 30kg each. Please contact us if your baggage is over this limit. Email: iceland@grayline.is or Tel.:+354 540 1313"},{"list_item":"<b>Cancellation policy: <\/b>Cancellation fee of 100% if cancelled 1 day or less before departure"}],"itinerary_location_image":null,"tour_itinerary":null,"special_offer":"false","promo_code_text":"","promo_code_coupon":"","promo_code_percentage":"","gallery":[{"media_item":{"gallery_media":28877,"gallery_youtube_video_id":"","gallery_youtube_cover_image":null},"gallery_image_location":"","gallery_image_description":"Keflavik Airport shuttle bus"},{"media_item":{"gallery_media":28878,"gallery_youtube_video_id":"","gallery_youtube_cover_image":null},"gallery_image_location":"","gallery_image_description":"Keflavik Airport shuttle bus"},{"media_item":{"gallery_media":28879,"gallery_youtube_video_id":"","gallery_youtube_cover_image":null},"gallery_image_location":"","gallery_image_description":"interior of Keflavik airport shuttle bus"},{"media_item":{"gallery_media":28881,"gallery_youtube_video_id":"","gallery_youtube_cover_image":null},"gallery_image_location":"","gallery_image_description":"people boarding Keflavik airport shuttel bus"}],"select_tours":[16199,16196],"select_discover_iceland":[19153,19881],"availability_dates":null,"availability_serialized":""},"yoast_head":"<!-- This site is optimized with the Yoast SEO Premium plugin v26.6 (Yoast SEO v26.9) - https:\/\/yoast.com\/product\/yoast-seo-premium-wordpress\/ -->\n<title>\u96f7\u514b\u96c5\u672a\u514b\u5230\u51ef\u592b\u62c9\u7ef4\u514b\u56fd\u9645\u673a\u573a\u5355\u7a0b\u5927\u5df4 (RVK-KEF) - BusTravel Iceland<\/title>\n<meta name=\"description\" content=\"\u63d0\u524d\u9884\u5b9a\u96f7\u514b\u96c5\u672a\u514b\u5230\u51ef\u592b\u62c9\u7ef4\u514b\u56fd\u9645\u673a\u573a\u7684\u5355\u7a0b\u5927\u5df4\u7968\uff0c\u4e3a\u4f60\u7684\u51b0\u5c9b\u65c5\u884c\u5e26\u6765\u4fbf\u5229\u7684\u6700\u4f73\u9009\u9879\u3002\" \/>\n<meta name=\"robots\" content=\"index, follow, max-snippet:-1, max-image-preview:large, max-video-preview:-1\" \/>\n<link rel=\"canonical\" href=\"https:\/\/bustravel.is\/zh\/%e5%be%80%e8%bf%94-%e5%8d%95%e7%a8%8b%e5%b7%b4%e5%a3%ab\/%e9%9b%b7%e5%85%8b%e9%9b%85%e6%9c%aa%e5%85%8b%e5%88%b0%e5%87%af%e5%a4%ab%e6%8b%89%e7%bb%b4%e5%85%8b%e5%9b%bd%e9%99%85%e6%9c%ba%e5%9c%ba%e5%8d%95%e7%a8%8b%e5%a4%a7%e5%b7%b4-rvk-kef\" \/>\n<meta property=\"og:locale\" content=\"zh_CN\" \/>\n<meta property=\"og:type\" content=\"article\" \/>\n<meta property=\"og:title\" content=\"\u96f7\u514b\u96c5\u672a\u514b\u5230\u51ef\u592b\u62c9\u7ef4\u514b\u56fd\u9645\u673a\u573a\u5355\u7a0b\u5927\u5df4 (RVK-KEF) - BusTravel Iceland\" \/>\n<meta property=\"og:description\" content=\"\u63d0\u524d\u9884\u5b9a\u96f7\u514b\u96c5\u672a\u514b\u5230\u51ef\u592b\u62c9\u7ef4\u514b\u56fd\u9645\u673a\u573a\u7684\u5355\u7a0b\u5927\u5df4\u7968\uff0c\u4e3a\u4f60\u7684\u51b0\u5c9b\u65c5\u884c\u5e26\u6765\u4fbf\u5229\u7684\u6700\u4f73\u9009\u9879\u3002\" \/>\n<meta property=\"og:url\" content=\"https:\/\/bustravel.is\/zh\/%e5%be%80%e8%bf%94-%e5%8d%95%e7%a8%8b%e5%b7%b4%e5%a3%ab\/%e9%9b%b7%e5%85%8b%e9%9b%85%e6%9c%aa%e5%85%8b%e5%88%b0%e5%87%af%e5%a4%ab%e6%8b%89%e7%bb%b4%e5%85%8b%e5%9b%bd%e9%99%85%e6%9c%ba%e5%9c%ba%e5%8d%95%e7%a8%8b%e5%a4%a7%e5%b7%b4-rvk-kef\" \/>\n<meta property=\"og:site_name\" content=\"BusTravel Iceland\" \/>\n<meta property=\"article:modified_time\" content=\"2024-09-25T19:49:02+00:00\" \/>\n<meta property=\"og:image\" content=\"https:\/\/bustravel.is\/wp-content\/uploads\/2023\/09\/Friendly-driver-for-Keflavik-airport-shuttle-bus.png\" \/>\n\t<meta property=\"og:image:width\" content=\"798\" \/>\n\t<meta property=\"og:image:height\" content=\"446\" \/>\n\t<meta property=\"og:image:type\" content=\"image\/png\" \/>\n<meta name=\"twitter:card\" content=\"summary_large_image\" \/>\n<meta name=\"twitter:label1\" content=\"Est. reading time\" \/>\n\t<meta name=\"twitter:data1\" content=\"1 minute\" \/>\n<script type=\"application\/ld+json\" class=\"yoast-schema-graph\">{\"@context\":\"https:\/\/schema.org\",\"@graph\":[{\"@type\":\"WebPage\",\"@id\":\"https:\/\/bustravel.is\/zh\/%e5%be%80%e8%bf%94-%e5%8d%95%e7%a8%8b%e5%b7%b4%e5%a3%ab\/%e9%9b%b7%e5%85%8b%e9%9b%85%e6%9c%aa%e5%85%8b%e5%88%b0%e5%87%af%e5%a4%ab%e6%8b%89%e7%bb%b4%e5%85%8b%e5%9b%bd%e9%99%85%e6%9c%ba%e5%9c%ba%e5%8d%95%e7%a8%8b%e5%a4%a7%e5%b7%b4-rvk-kef\",\"url\":\"https:\/\/bustravel.is\/zh\/%e5%be%80%e8%bf%94-%e5%8d%95%e7%a8%8b%e5%b7%b4%e5%a3%ab\/%e9%9b%b7%e5%85%8b%e9%9b%85%e6%9c%aa%e5%85%8b%e5%88%b0%e5%87%af%e5%a4%ab%e6%8b%89%e7%bb%b4%e5%85%8b%e5%9b%bd%e9%99%85%e6%9c%ba%e5%9c%ba%e5%8d%95%e7%a8%8b%e5%a4%a7%e5%b7%b4-rvk-kef\",\"name\":\"\u96f7\u514b\u96c5\u672a\u514b\u5230\u51ef\u592b\u62c9\u7ef4\u514b\u56fd\u9645\u673a\u573a\u5355\u7a0b\u5927\u5df4 (RVK-KEF) - BusTravel Iceland\",\"isPartOf\":{\"@id\":\"https:\/\/bustravel.is\/zh#website\"},\"primaryImageOfPage\":{\"@id\":\"https:\/\/bustravel.is\/zh\/%e5%be%80%e8%bf%94-%e5%8d%95%e7%a8%8b%e5%b7%b4%e5%a3%ab\/%e9%9b%b7%e5%85%8b%e9%9b%85%e6%9c%aa%e5%85%8b%e5%88%b0%e5%87%af%e5%a4%ab%e6%8b%89%e7%bb%b4%e5%85%8b%e5%9b%bd%e9%99%85%e6%9c%ba%e5%9c%ba%e5%8d%95%e7%a8%8b%e5%a4%a7%e5%b7%b4-rvk-kef#primaryimage\"},\"image\":{\"@id\":\"https:\/\/bustravel.is\/zh\/%e5%be%80%e8%bf%94-%e5%8d%95%e7%a8%8b%e5%b7%b4%e5%a3%ab\/%e9%9b%b7%e5%85%8b%e9%9b%85%e6%9c%aa%e5%85%8b%e5%88%b0%e5%87%af%e5%a4%ab%e6%8b%89%e7%bb%b4%e5%85%8b%e5%9b%bd%e9%99%85%e6%9c%ba%e5%9c%ba%e5%8d%95%e7%a8%8b%e5%a4%a7%e5%b7%b4-rvk-kef#primaryimage\"},\"thumbnailUrl\":\"https:\/\/bustravel.is\/wp-content\/uploads\/2023\/09\/Friendly-driver-for-Keflavik-airport-shuttle-bus.png\",\"datePublished\":\"2023-09-18T22:41:52+00:00\",\"dateModified\":\"2024-09-25T19:49:02+00:00\",\"description\":\"\u63d0\u524d\u9884\u5b9a\u96f7\u514b\u96c5\u672a\u514b\u5230\u51ef\u592b\u62c9\u7ef4\u514b\u56fd\u9645\u673a\u573a\u7684\u5355\u7a0b\u5927\u5df4\u7968\uff0c\u4e3a\u4f60\u7684\u51b0\u5c9b\u65c5\u884c\u5e26\u6765\u4fbf\u5229\u7684\u6700\u4f73\u9009\u9879\u3002\",\"breadcrumb\":{\"@id\":\"https:\/\/bustravel.is\/zh\/%e5%be%80%e8%bf%94-%e5%8d%95%e7%a8%8b%e5%b7%b4%e5%a3%ab\/%e9%9b%b7%e5%85%8b%e9%9b%85%e6%9c%aa%e5%85%8b%e5%88%b0%e5%87%af%e5%a4%ab%e6%8b%89%e7%bb%b4%e5%85%8b%e5%9b%bd%e9%99%85%e6%9c%ba%e5%9c%ba%e5%8d%95%e7%a8%8b%e5%a4%a7%e5%b7%b4-rvk-kef#breadcrumb\"},\"inLanguage\":\"zh\",\"potentialAction\":[{\"@type\":\"ReadAction\",\"target\":[\"https:\/\/bustravel.is\/zh\/%e5%be%80%e8%bf%94-%e5%8d%95%e7%a8%8b%e5%b7%b4%e5%a3%ab\/%e9%9b%b7%e5%85%8b%e9%9b%85%e6%9c%aa%e5%85%8b%e5%88%b0%e5%87%af%e5%a4%ab%e6%8b%89%e7%bb%b4%e5%85%8b%e5%9b%bd%e9%99%85%e6%9c%ba%e5%9c%ba%e5%8d%95%e7%a8%8b%e5%a4%a7%e5%b7%b4-rvk-kef\"]}]},{\"@type\":\"ImageObject\",\"inLanguage\":\"zh\",\"@id\":\"https:\/\/bustravel.is\/zh\/%e5%be%80%e8%bf%94-%e5%8d%95%e7%a8%8b%e5%b7%b4%e5%a3%ab\/%e9%9b%b7%e5%85%8b%e9%9b%85%e6%9c%aa%e5%85%8b%e5%88%b0%e5%87%af%e5%a4%ab%e6%8b%89%e7%bb%b4%e5%85%8b%e5%9b%bd%e9%99%85%e6%9c%ba%e5%9c%ba%e5%8d%95%e7%a8%8b%e5%a4%a7%e5%b7%b4-rvk-kef#primaryimage\",\"url\":\"https:\/\/bustravel.is\/wp-content\/uploads\/2023\/09\/Friendly-driver-for-Keflavik-airport-shuttle-bus.png\",\"contentUrl\":\"https:\/\/bustravel.is\/wp-content\/uploads\/2023\/09\/Friendly-driver-for-Keflavik-airport-shuttle-bus.png\",\"width\":798,\"height\":446,\"caption\":\"Friendly driver for Keflavik airport shuttle bus\"},{\"@type\":\"BreadcrumbList\",\"@id\":\"https:\/\/bustravel.is\/zh\/%e5%be%80%e8%bf%94-%e5%8d%95%e7%a8%8b%e5%b7%b4%e5%a3%ab\/%e9%9b%b7%e5%85%8b%e9%9b%85%e6%9c%aa%e5%85%8b%e5%88%b0%e5%87%af%e5%a4%ab%e6%8b%89%e7%bb%b4%e5%85%8b%e5%9b%bd%e9%99%85%e6%9c%ba%e5%9c%ba%e5%8d%95%e7%a8%8b%e5%a4%a7%e5%b7%b4-rvk-kef#breadcrumb\",\"itemListElement\":[{\"@type\":\"ListItem\",\"position\":1,\"name\":\"\u5546\u5e97\",\"item\":\"https:\/\/bustravel.is\/zh\/shop\"},{\"@type\":\"ListItem\",\"position\":2,\"name\":\"\u96f7\u514b\u96c5\u672a\u514b\u5230\u51ef\u592b\u62c9\u7ef4\u514b\u56fd\u9645\u673a\u573a\u5355\u7a0b\u5927\u5df4 (RVK-KEF)\"}]},{\"@type\":\"WebSite\",\"@id\":\"https:\/\/bustravel.is\/zh#website\",\"url\":\"https:\/\/bustravel.is\/zh\",\"name\":\"BusTravel Iceland\",\"description\":\"#1 for Guided Tours in Iceland\",\"potentialAction\":[{\"@type\":\"SearchAction\",\"target\":{\"@type\":\"EntryPoint\",\"urlTemplate\":\"https:\/\/bustravel.is\/zh?s={search_term_string}\"},\"query-input\":{\"@type\":\"PropertyValueSpecification\",\"valueRequired\":true,\"valueName\":\"search_term_string\"}}],\"inLanguage\":\"zh\"}]}<\/script>\n<!-- \/ Yoast SEO Premium plugin. -->","yoast_head_json":{"title":"\u96f7\u514b\u96c5\u672a\u514b\u5230\u51ef\u592b\u62c9\u7ef4\u514b\u56fd\u9645\u673a\u573a\u5355\u7a0b\u5927\u5df4 (RVK-KEF) - BusTravel Iceland","description":"\u63d0\u524d\u9884\u5b9a\u96f7\u514b\u96c5\u672a\u514b\u5230\u51ef\u592b\u62c9\u7ef4\u514b\u56fd\u9645\u673a\u573a\u7684\u5355\u7a0b\u5927\u5df4\u7968\uff0c\u4e3a\u4f60\u7684\u51b0\u5c9b\u65c5\u884c\u5e26\u6765\u4fbf\u5229\u7684\u6700\u4f73\u9009\u9879\u3002","robots":{"index":"index","follow":"follow","max-snippet":"max-snippet:-1","max-image-preview":"max-image-preview:large","max-video-preview":"max-video-preview:-1"},"canonical":"https:\/\/bustravel.is\/zh\/%e5%be%80%e8%bf%94-%e5%8d%95%e7%a8%8b%e5%b7%b4%e5%a3%ab\/%e9%9b%b7%e5%85%8b%e9%9b%85%e6%9c%aa%e5%85%8b%e5%88%b0%e5%87%af%e5%a4%ab%e6%8b%89%e7%bb%b4%e5%85%8b%e5%9b%bd%e9%99%85%e6%9c%ba%e5%9c%ba%e5%8d%95%e7%a8%8b%e5%a4%a7%e5%b7%b4-rvk-kef","og_locale":"zh_CN","og_type":"article","og_title":"\u96f7\u514b\u96c5\u672a\u514b\u5230\u51ef\u592b\u62c9\u7ef4\u514b\u56fd\u9645\u673a\u573a\u5355\u7a0b\u5927\u5df4 (RVK-KEF) - BusTravel Iceland","og_description":"\u63d0\u524d\u9884\u5b9a\u96f7\u514b\u96c5\u672a\u514b\u5230\u51ef\u592b\u62c9\u7ef4\u514b\u56fd\u9645\u673a\u573a\u7684\u5355\u7a0b\u5927\u5df4\u7968\uff0c\u4e3a\u4f60\u7684\u51b0\u5c9b\u65c5\u884c\u5e26\u6765\u4fbf\u5229\u7684\u6700\u4f73\u9009\u9879\u3002","og_url":"https:\/\/bustravel.is\/zh\/%e5%be%80%e8%bf%94-%e5%8d%95%e7%a8%8b%e5%b7%b4%e5%a3%ab\/%e9%9b%b7%e5%85%8b%e9%9b%85%e6%9c%aa%e5%85%8b%e5%88%b0%e5%87%af%e5%a4%ab%e6%8b%89%e7%bb%b4%e5%85%8b%e5%9b%bd%e9%99%85%e6%9c%ba%e5%9c%ba%e5%8d%95%e7%a8%8b%e5%a4%a7%e5%b7%b4-rvk-kef","og_site_name":"BusTravel Iceland","article_modified_time":"2024-09-25T19:49:02+00:00","og_image":[{"width":798,"height":446,"url":"https:\/\/bustravel.is\/wp-content\/uploads\/2023\/09\/Friendly-driver-for-Keflavik-airport-shuttle-bus.png","type":"image\/png"}],"twitter_card":"summary_large_image","twitter_misc":{"Est. reading time":"1 minute"},"schema":{"@context":"https:\/\/schema.org","@graph":[{"@type":"WebPage","@id":"https:\/\/bustravel.is\/zh\/%e5%be%80%e8%bf%94-%e5%8d%95%e7%a8%8b%e5%b7%b4%e5%a3%ab\/%e9%9b%b7%e5%85%8b%e9%9b%85%e6%9c%aa%e5%85%8b%e5%88%b0%e5%87%af%e5%a4%ab%e6%8b%89%e7%bb%b4%e5%85%8b%e5%9b%bd%e9%99%85%e6%9c%ba%e5%9c%ba%e5%8d%95%e7%a8%8b%e5%a4%a7%e5%b7%b4-rvk-kef","url":"https:\/\/bustravel.is\/zh\/%e5%be%80%e8%bf%94-%e5%8d%95%e7%a8%8b%e5%b7%b4%e5%a3%ab\/%e9%9b%b7%e5%85%8b%e9%9b%85%e6%9c%aa%e5%85%8b%e5%88%b0%e5%87%af%e5%a4%ab%e6%8b%89%e7%bb%b4%e5%85%8b%e5%9b%bd%e9%99%85%e6%9c%ba%e5%9c%ba%e5%8d%95%e7%a8%8b%e5%a4%a7%e5%b7%b4-rvk-kef","name":"\u96f7\u514b\u96c5\u672a\u514b\u5230\u51ef\u592b\u62c9\u7ef4\u514b\u56fd\u9645\u673a\u573a\u5355\u7a0b\u5927\u5df4 (RVK-KEF) - BusTravel Iceland","isPartOf":{"@id":"https:\/\/bustravel.is\/zh#website"},"primaryImageOfPage":{"@id":"https:\/\/bustravel.is\/zh\/%e5%be%80%e8%bf%94-%e5%8d%95%e7%a8%8b%e5%b7%b4%e5%a3%ab\/%e9%9b%b7%e5%85%8b%e9%9b%85%e6%9c%aa%e5%85%8b%e5%88%b0%e5%87%af%e5%a4%ab%e6%8b%89%e7%bb%b4%e5%85%8b%e5%9b%bd%e9%99%85%e6%9c%ba%e5%9c%ba%e5%8d%95%e7%a8%8b%e5%a4%a7%e5%b7%b4-rvk-kef#primaryimage"},"image":{"@id":"https:\/\/bustravel.is\/zh\/%e5%be%80%e8%bf%94-%e5%8d%95%e7%a8%8b%e5%b7%b4%e5%a3%ab\/%e9%9b%b7%e5%85%8b%e9%9b%85%e6%9c%aa%e5%85%8b%e5%88%b0%e5%87%af%e5%a4%ab%e6%8b%89%e7%bb%b4%e5%85%8b%e5%9b%bd%e9%99%85%e6%9c%ba%e5%9c%ba%e5%8d%95%e7%a8%8b%e5%a4%a7%e5%b7%b4-rvk-kef#primaryimage"},"thumbnailUrl":"https:\/\/bustravel.is\/wp-content\/uploads\/2023\/09\/Friendly-driver-for-Keflavik-airport-shuttle-bus.png","datePublished":"2023-09-18T22:41:52+00:00","dateModified":"2024-09-25T19:49:02+00:00","description":"\u63d0\u524d\u9884\u5b9a\u96f7\u514b\u96c5\u672a\u514b\u5230\u51ef\u592b\u62c9\u7ef4\u514b\u56fd\u9645\u673a\u573a\u7684\u5355\u7a0b\u5927\u5df4\u7968\uff0c\u4e3a\u4f60\u7684\u51b0\u5c9b\u65c5\u884c\u5e26\u6765\u4fbf\u5229\u7684\u6700\u4f73\u9009\u9879\u3002","breadcrumb":{"@id":"https:\/\/bustravel.is\/zh\/%e5%be%80%e8%bf%94-%e5%8d%95%e7%a8%8b%e5%b7%b4%e5%a3%ab\/%e9%9b%b7%e5%85%8b%e9%9b%85%e6%9c%aa%e5%85%8b%e5%88%b0%e5%87%af%e5%a4%ab%e6%8b%89%e7%bb%b4%e5%85%8b%e5%9b%bd%e9%99%85%e6%9c%ba%e5%9c%ba%e5%8d%95%e7%a8%8b%e5%a4%a7%e5%b7%b4-rvk-kef#breadcrumb"},"inLanguage":"zh","potentialAction":[{"@type":"ReadAction","target":["https:\/\/bustravel.is\/zh\/%e5%be%80%e8%bf%94-%e5%8d%95%e7%a8%8b%e5%b7%b4%e5%a3%ab\/%e9%9b%b7%e5%85%8b%e9%9b%85%e6%9c%aa%e5%85%8b%e5%88%b0%e5%87%af%e5%a4%ab%e6%8b%89%e7%bb%b4%e5%85%8b%e5%9b%bd%e9%99%85%e6%9c%ba%e5%9c%ba%e5%8d%95%e7%a8%8b%e5%a4%a7%e5%b7%b4-rvk-kef"]}]},{"@type":"ImageObject","inLanguage":"zh","@id":"https:\/\/bustravel.is\/zh\/%e5%be%80%e8%bf%94-%e5%8d%95%e7%a8%8b%e5%b7%b4%e5%a3%ab\/%e9%9b%b7%e5%85%8b%e9%9b%85%e6%9c%aa%e5%85%8b%e5%88%b0%e5%87%af%e5%a4%ab%e6%8b%89%e7%bb%b4%e5%85%8b%e5%9b%bd%e9%99%85%e6%9c%ba%e5%9c%ba%e5%8d%95%e7%a8%8b%e5%a4%a7%e5%b7%b4-rvk-kef#primaryimage","url":"https:\/\/bustravel.is\/wp-content\/uploads\/2023\/09\/Friendly-driver-for-Keflavik-airport-shuttle-bus.png","contentUrl":"https:\/\/bustravel.is\/wp-content\/uploads\/2023\/09\/Friendly-driver-for-Keflavik-airport-shuttle-bus.png","width":798,"height":446,"caption":"Friendly driver for Keflavik airport shuttle bus"},{"@type":"BreadcrumbList","@id":"https:\/\/bustravel.is\/zh\/%e5%be%80%e8%bf%94-%e5%8d%95%e7%a8%8b%e5%b7%b4%e5%a3%ab\/%e9%9b%b7%e5%85%8b%e9%9b%85%e6%9c%aa%e5%85%8b%e5%88%b0%e5%87%af%e5%a4%ab%e6%8b%89%e7%bb%b4%e5%85%8b%e5%9b%bd%e9%99%85%e6%9c%ba%e5%9c%ba%e5%8d%95%e7%a8%8b%e5%a4%a7%e5%b7%b4-rvk-kef#breadcrumb","itemListElement":[{"@type":"ListItem","position":1,"name":"\u5546\u5e97","item":"https:\/\/bustravel.is\/zh\/shop"},{"@type":"ListItem","position":2,"name":"\u96f7\u514b\u96c5\u672a\u514b\u5230\u51ef\u592b\u62c9\u7ef4\u514b\u56fd\u9645\u673a\u573a\u5355\u7a0b\u5927\u5df4 (RVK-KEF)"}]},{"@type":"WebSite","@id":"https:\/\/bustravel.is\/zh#website","url":"https:\/\/bustravel.is\/zh","name":"BusTravel Iceland","description":"#1 for Guided Tours in Iceland","potentialAction":[{"@type":"SearchAction","target":{"@type":"EntryPoint","urlTemplate":"https:\/\/bustravel.is\/zh?s={search_term_string}"},"query-input":{"@type":"PropertyValueSpecification","valueRequired":true,"valueName":"search_term_string"}}],"inLanguage":"zh"}]}},"_links":{"self":[{"href":"https:\/\/bustravel.is\/zh\/wp-json\/wp\/v2\/product\/31599","targetHints":{"allow":["GET"]}}],"collection":[{"href":"https:\/\/bustravel.is\/zh\/wp-json\/wp\/v2\/product"}],"about":[{"href":"https:\/\/bustravel.is\/zh\/wp-json\/wp\/v2\/types\/product"}],"replies":[{"embeddable":true,"href":"https:\/\/bustravel.is\/zh\/wp-json\/wp\/v2\/comments?post=31599"}],"acf:post":[{"embeddable":true,"href":"https:\/\/bustravel.is\/zh\/wp-json\/wp\/v2\/posts\/19881"},{"embeddable":true,"href":"https:\/\/bustravel.is\/zh\/wp-json\/wp\/v2\/posts\/19153"},{"embeddable":true,"href":"https:\/\/bustravel.is\/zh\/wp-json\/wp\/v2\/product\/16196"},{"embeddable":true,"href":"https:\/\/bustravel.is\/zh\/wp-json\/wp\/v2\/product\/16199"}],"wp:featuredmedia":[{"embeddable":true,"href":"https:\/\/bustravel.is\/zh\/wp-json\/wp\/v2\/media\/28885"}],"wp:attachment":[{"href":"https:\/\/bustravel.is\/zh\/wp-json\/wp\/v2\/media?parent=31599"}],"wp:term":[{"taxonomy":"product_brand","embeddable":true,"href":"https:\/\/bustravel.is\/zh\/wp-json\/wp\/v2\/product_brand?post=31599"},{"taxonomy":"product_cat","embeddable":true,"href":"https:\/\/bustravel.is\/zh\/wp-json\/wp\/v2\/product_cat?post=31599"},{"taxonomy":"product_tag","embeddable":true,"href":"https:\/\/bustravel.is\/zh\/wp-json\/wp\/v2\/product_tag?post=31599"}],"curies":[{"name":"wp","href":"https:\/\/api.w.org\/{rel}","templated":true}]}}