{"id":31598,"date":"2023-09-18T22:43:46","date_gmt":"2023-09-18T22:43:46","guid":{"rendered":"https:\/\/bustravel.is\/?post_type=product&#038;p=31598"},"modified":"2024-09-24T21:23:41","modified_gmt":"2024-09-24T21:23:41","slug":"%e5%87%af%e5%a4%ab%e6%8b%89%e7%bb%b4%e5%85%8b%e5%9b%bd%e9%99%85%e6%9c%ba%e5%9c%ba%e5%88%b0%e9%9b%b7%e5%85%8b%e9%9b%85%e6%9c%aa%e5%85%8b%e5%8d%95%e7%a8%8b%e5%a4%a7%e5%b7%b4kef-rvk","status":"publish","type":"product","link":"https:\/\/bustravel.is\/zh\/%e5%be%80%e8%bf%94-%e5%8d%95%e7%a8%8b%e5%b7%b4%e5%a3%ab\/%e5%87%af%e5%a4%ab%e6%8b%89%e7%bb%b4%e5%85%8b%e5%9b%bd%e9%99%85%e6%9c%ba%e5%9c%ba%e5%88%b0%e9%9b%b7%e5%85%8b%e9%9b%85%e6%9c%aa%e5%85%8b%e5%8d%95%e7%a8%8b%e5%a4%a7%e5%b7%b4kef-rvk","title":{"rendered":"\u51ef\u592b\u62c9\u7ef4\u514b\u56fd\u9645\u673a\u573a\u5230\u96f7\u514b\u96c5\u672a\u514b\u5355\u7a0b\u5927\u5df4(KEF-RVK)"},"content":{"rendered":"","protected":false},"excerpt":{"rendered":"","protected":false},"featured_media":28881,"comment_status":"closed","ping_status":"closed","template":"","meta":{"_acf_changed":false},"product_brand":[],"product_cat":[338],"product_tag":[],"class_list":{"0":"post-31598","1":"product","2":"type-product","3":"status-publish","4":"has-post-thumbnail","6":"activity-569","7":"product_cat-338","9":"first","10":"instock","11":"shipping-taxable","12":"purchasable","13":"product-type-simple"},"acf":{"tour_bokun_id":"1133","multi_bokun_id_widget_label":"","multi_day_tour_bokun_ids":null,"badges":[],"intro":"Quick and budget friendly transport from Keflavik International Airport to Reykjavik city.","text":"","short_text":"Quick and budget friendly transport from Keflavik International Airport to Reykjavik city.","modal_info_title":"","modal_info_text":"","reviews_rating":5,"notice_text":"","tour_duration_in_days":"one-day","agency_notice":"\u672c\u673a\u573a\u5927\u5df4\u7531<b>Gray Line Iceland<\/b>\u8fd0\u8425.","product_description":"Reserve this exclusive transportation service to or from Keflavik International Airport in Iceland.\r\n\r\nExperience the convenience of traveling on your own schedule. Opt for a hassle-free and personalized ride to the airport, ensuring a comfortable journey in a spacious vehicle.\r\n\r\nChoosing our service not only saves you time but also offers the convenience of a helpful driver who will assist you with your luggage.\r\n\r\nOur vehicles can accommodate up to six passengers along with all your baggage. We also provide baby car seats suitable for children weighing 0-9 kg and 9-18 kg.\r\n\r\nThe drive from Reykjavik to Keflavik Airport takes approximately 40 minutes. En route to the airport, you'll pass through the Reykjanes peninsula, a youthful and striking region of Iceland characterized by vast lava fields and volcanic landscapes.\r\n\r\nAs an added option, you can make a stop at The Blue Lagoon, one of Iceland's premier tourist attractions. To enjoy this experience, advance booking is necessary. The driver will wait for you at an additional cost, dependent on the time spent at the Lagoon.\r\n\r\nTo confirm availability, select your preferred date and secure your private airport transfer now.","product_description_long":"","starting_point":"","accommodation":"false","difficulty":"Easy","difficulty_note":"","live_tour_guide":"notset","group_size":"notset","minimum_age":"","availability_start":null,"availability_end":null,"price_notice":"","accommodation_text":"","accommodation_gallery":null,"accommodation_list_1":[{"list_item":"Bus transfer","included_or_excluded":true},{"list_item":"Free WiFi on board","included_or_excluded":true},{"list_item":"Drop off at Sk\u00f3garhl\u00ed\u00f0 10, 105, Reykjav\u00edk","included_or_excluded":true},{"list_item":"Hotel drop-off","included_or_excluded":false}],"accommodation_list_2":null,"accommodation_list_3":[{"list_item":"Fully paying passengers are permitted 2 luggage items weighing up to 30 kg each. Please contact us if your baggage is over this limit. Email: iceland@grayline.is or Tel.:+354 540 1313"},{"list_item":"We recommend booking departure approximately 60 minutes after the scheduled flight arrival."},{"list_item":"<b>Cancellation policy: <\/b>Cancellation fee of 100% if cancelled 1 day or less before departure"}],"itinerary_location_image":null,"tour_itinerary":null,"special_offer":"false","promo_code_text":"","promo_code_coupon":"","promo_code_percentage":"","gallery":[{"media_item":{"gallery_media":28877,"gallery_youtube_video_id":"","gallery_youtube_cover_image":null},"gallery_image_location":"","gallery_image_description":"Keflavik airport express shuttle bus"},{"media_item":{"gallery_media":28878,"gallery_youtube_video_id":"","gallery_youtube_cover_image":null},"gallery_image_location":"","gallery_image_description":"Keflavik airport express shuttle bus"},{"media_item":{"gallery_media":28879,"gallery_youtube_video_id":"","gallery_youtube_cover_image":null},"gallery_image_location":"","gallery_image_description":"interior of Keflavik airport shuttle bus"},{"media_item":{"gallery_media":28881,"gallery_youtube_video_id":"","gallery_youtube_cover_image":null},"gallery_image_location":"","gallery_image_description":"people boarding Keflavik airport shuttel bus"}],"select_tours":[16198,16197],"select_discover_iceland":[19881,19153],"availability_dates":null,"availability_serialized":""},"yoast_head":"<!-- This site is optimized with the Yoast SEO Premium plugin v26.6 (Yoast SEO v26.9) - https:\/\/yoast.com\/product\/yoast-seo-premium-wordpress\/ -->\n<title>\u51ef\u592b\u62c9\u7ef4\u514b\u56fd\u9645\u673a\u573a\u5230\u96f7\u514b\u96c5\u672a\u514b\u5355\u7a0b\u5927\u5df4(KEF-RVK) - BusTravel Iceland<\/title>\n<meta name=\"description\" content=\"\u63d0\u524d\u9884\u7ea6\u4ece\u51ef\u592b\u62c9\u7ef4\u514b\u56fd\u9645\u673a\u573a\u5230\u96f7\u514b\u96c5\u672a\u514b\u5355\u7a0b\u5927\u5df4\uff0c\u4e3a\u4f60\u7684\u51b0\u5c9b\u65c5\u884c\u5e26\u6765\u4fbf\u5229\u7684\u673a\u573a\u548c\u5e02\u533a\u7684\u4ea4\u901a\u9009\u62e9\u3002\" \/>\n<meta name=\"robots\" content=\"index, follow, max-snippet:-1, max-image-preview:large, max-video-preview:-1\" \/>\n<link rel=\"canonical\" href=\"https:\/\/bustravel.is\/zh\/%e5%be%80%e8%bf%94-%e5%8d%95%e7%a8%8b%e5%b7%b4%e5%a3%ab\/%e5%87%af%e5%a4%ab%e6%8b%89%e7%bb%b4%e5%85%8b%e5%9b%bd%e9%99%85%e6%9c%ba%e5%9c%ba%e5%88%b0%e9%9b%b7%e5%85%8b%e9%9b%85%e6%9c%aa%e5%85%8b%e5%8d%95%e7%a8%8b%e5%a4%a7%e5%b7%b4kef-rvk\" \/>\n<meta property=\"og:locale\" content=\"zh_CN\" \/>\n<meta property=\"og:type\" content=\"article\" \/>\n<meta property=\"og:title\" content=\"\u51ef\u592b\u62c9\u7ef4\u514b\u56fd\u9645\u673a\u573a\u5230\u96f7\u514b\u96c5\u672a\u514b\u5355\u7a0b\u5927\u5df4(KEF-RVK) - BusTravel Iceland\" \/>\n<meta property=\"og:description\" content=\"\u63d0\u524d\u9884\u7ea6\u4ece\u51ef\u592b\u62c9\u7ef4\u514b\u56fd\u9645\u673a\u573a\u5230\u96f7\u514b\u96c5\u672a\u514b\u5355\u7a0b\u5927\u5df4\uff0c\u4e3a\u4f60\u7684\u51b0\u5c9b\u65c5\u884c\u5e26\u6765\u4fbf\u5229\u7684\u673a\u573a\u548c\u5e02\u533a\u7684\u4ea4\u901a\u9009\u62e9\u3002\" \/>\n<meta property=\"og:url\" content=\"https:\/\/bustravel.is\/zh\/%e5%be%80%e8%bf%94-%e5%8d%95%e7%a8%8b%e5%b7%b4%e5%a3%ab\/%e5%87%af%e5%a4%ab%e6%8b%89%e7%bb%b4%e5%85%8b%e5%9b%bd%e9%99%85%e6%9c%ba%e5%9c%ba%e5%88%b0%e9%9b%b7%e5%85%8b%e9%9b%85%e6%9c%aa%e5%85%8b%e5%8d%95%e7%a8%8b%e5%a4%a7%e5%b7%b4kef-rvk\" \/>\n<meta property=\"og:site_name\" content=\"BusTravel Iceland\" \/>\n<meta property=\"article:modified_time\" content=\"2024-09-24T21:23:41+00:00\" \/>\n<meta property=\"og:image\" content=\"https:\/\/bustravel.is\/wp-content\/uploads\/2023\/09\/people-boarding-Keflavik-airport-shuttel-bus.jpg\" \/>\n\t<meta property=\"og:image:width\" content=\"800\" \/>\n\t<meta property=\"og:image:height\" content=\"450\" \/>\n\t<meta property=\"og:image:type\" content=\"image\/jpeg\" \/>\n<meta name=\"twitter:card\" content=\"summary_large_image\" \/>\n<meta name=\"twitter:label1\" content=\"Est. reading time\" \/>\n\t<meta name=\"twitter:data1\" content=\"1 minute\" \/>\n<script type=\"application\/ld+json\" class=\"yoast-schema-graph\">{\"@context\":\"https:\/\/schema.org\",\"@graph\":[{\"@type\":\"WebPage\",\"@id\":\"https:\/\/bustravel.is\/zh\/%e5%be%80%e8%bf%94-%e5%8d%95%e7%a8%8b%e5%b7%b4%e5%a3%ab\/%e5%87%af%e5%a4%ab%e6%8b%89%e7%bb%b4%e5%85%8b%e5%9b%bd%e9%99%85%e6%9c%ba%e5%9c%ba%e5%88%b0%e9%9b%b7%e5%85%8b%e9%9b%85%e6%9c%aa%e5%85%8b%e5%8d%95%e7%a8%8b%e5%a4%a7%e5%b7%b4kef-rvk\",\"url\":\"https:\/\/bustravel.is\/zh\/%e5%be%80%e8%bf%94-%e5%8d%95%e7%a8%8b%e5%b7%b4%e5%a3%ab\/%e5%87%af%e5%a4%ab%e6%8b%89%e7%bb%b4%e5%85%8b%e5%9b%bd%e9%99%85%e6%9c%ba%e5%9c%ba%e5%88%b0%e9%9b%b7%e5%85%8b%e9%9b%85%e6%9c%aa%e5%85%8b%e5%8d%95%e7%a8%8b%e5%a4%a7%e5%b7%b4kef-rvk\",\"name\":\"\u51ef\u592b\u62c9\u7ef4\u514b\u56fd\u9645\u673a\u573a\u5230\u96f7\u514b\u96c5\u672a\u514b\u5355\u7a0b\u5927\u5df4(KEF-RVK) - BusTravel Iceland\",\"isPartOf\":{\"@id\":\"https:\/\/bustravel.is\/zh#website\"},\"primaryImageOfPage\":{\"@id\":\"https:\/\/bustravel.is\/zh\/%e5%be%80%e8%bf%94-%e5%8d%95%e7%a8%8b%e5%b7%b4%e5%a3%ab\/%e5%87%af%e5%a4%ab%e6%8b%89%e7%bb%b4%e5%85%8b%e5%9b%bd%e9%99%85%e6%9c%ba%e5%9c%ba%e5%88%b0%e9%9b%b7%e5%85%8b%e9%9b%85%e6%9c%aa%e5%85%8b%e5%8d%95%e7%a8%8b%e5%a4%a7%e5%b7%b4kef-rvk#primaryimage\"},\"image\":{\"@id\":\"https:\/\/bustravel.is\/zh\/%e5%be%80%e8%bf%94-%e5%8d%95%e7%a8%8b%e5%b7%b4%e5%a3%ab\/%e5%87%af%e5%a4%ab%e6%8b%89%e7%bb%b4%e5%85%8b%e5%9b%bd%e9%99%85%e6%9c%ba%e5%9c%ba%e5%88%b0%e9%9b%b7%e5%85%8b%e9%9b%85%e6%9c%aa%e5%85%8b%e5%8d%95%e7%a8%8b%e5%a4%a7%e5%b7%b4kef-rvk#primaryimage\"},\"thumbnailUrl\":\"https:\/\/bustravel.is\/wp-content\/uploads\/2023\/09\/people-boarding-Keflavik-airport-shuttel-bus.jpg\",\"datePublished\":\"2023-09-18T22:43:46+00:00\",\"dateModified\":\"2024-09-24T21:23:41+00:00\",\"description\":\"\u63d0\u524d\u9884\u7ea6\u4ece\u51ef\u592b\u62c9\u7ef4\u514b\u56fd\u9645\u673a\u573a\u5230\u96f7\u514b\u96c5\u672a\u514b\u5355\u7a0b\u5927\u5df4\uff0c\u4e3a\u4f60\u7684\u51b0\u5c9b\u65c5\u884c\u5e26\u6765\u4fbf\u5229\u7684\u673a\u573a\u548c\u5e02\u533a\u7684\u4ea4\u901a\u9009\u62e9\u3002\",\"breadcrumb\":{\"@id\":\"https:\/\/bustravel.is\/zh\/%e5%be%80%e8%bf%94-%e5%8d%95%e7%a8%8b%e5%b7%b4%e5%a3%ab\/%e5%87%af%e5%a4%ab%e6%8b%89%e7%bb%b4%e5%85%8b%e5%9b%bd%e9%99%85%e6%9c%ba%e5%9c%ba%e5%88%b0%e9%9b%b7%e5%85%8b%e9%9b%85%e6%9c%aa%e5%85%8b%e5%8d%95%e7%a8%8b%e5%a4%a7%e5%b7%b4kef-rvk#breadcrumb\"},\"inLanguage\":\"zh\",\"potentialAction\":[{\"@type\":\"ReadAction\",\"target\":[\"https:\/\/bustravel.is\/zh\/%e5%be%80%e8%bf%94-%e5%8d%95%e7%a8%8b%e5%b7%b4%e5%a3%ab\/%e5%87%af%e5%a4%ab%e6%8b%89%e7%bb%b4%e5%85%8b%e5%9b%bd%e9%99%85%e6%9c%ba%e5%9c%ba%e5%88%b0%e9%9b%b7%e5%85%8b%e9%9b%85%e6%9c%aa%e5%85%8b%e5%8d%95%e7%a8%8b%e5%a4%a7%e5%b7%b4kef-rvk\"]}]},{\"@type\":\"ImageObject\",\"inLanguage\":\"zh\",\"@id\":\"https:\/\/bustravel.is\/zh\/%e5%be%80%e8%bf%94-%e5%8d%95%e7%a8%8b%e5%b7%b4%e5%a3%ab\/%e5%87%af%e5%a4%ab%e6%8b%89%e7%bb%b4%e5%85%8b%e5%9b%bd%e9%99%85%e6%9c%ba%e5%9c%ba%e5%88%b0%e9%9b%b7%e5%85%8b%e9%9b%85%e6%9c%aa%e5%85%8b%e5%8d%95%e7%a8%8b%e5%a4%a7%e5%b7%b4kef-rvk#primaryimage\",\"url\":\"https:\/\/bustravel.is\/wp-content\/uploads\/2023\/09\/people-boarding-Keflavik-airport-shuttel-bus.jpg\",\"contentUrl\":\"https:\/\/bustravel.is\/wp-content\/uploads\/2023\/09\/people-boarding-Keflavik-airport-shuttel-bus.jpg\",\"width\":800,\"height\":450,\"caption\":\"people boarding Keflavik airport shuttel bus\"},{\"@type\":\"BreadcrumbList\",\"@id\":\"https:\/\/bustravel.is\/zh\/%e5%be%80%e8%bf%94-%e5%8d%95%e7%a8%8b%e5%b7%b4%e5%a3%ab\/%e5%87%af%e5%a4%ab%e6%8b%89%e7%bb%b4%e5%85%8b%e5%9b%bd%e9%99%85%e6%9c%ba%e5%9c%ba%e5%88%b0%e9%9b%b7%e5%85%8b%e9%9b%85%e6%9c%aa%e5%85%8b%e5%8d%95%e7%a8%8b%e5%a4%a7%e5%b7%b4kef-rvk#breadcrumb\",\"itemListElement\":[{\"@type\":\"ListItem\",\"position\":1,\"name\":\"\u5546\u5e97\",\"item\":\"https:\/\/bustravel.is\/zh\/shop\"},{\"@type\":\"ListItem\",\"position\":2,\"name\":\"\u51ef\u592b\u62c9\u7ef4\u514b\u56fd\u9645\u673a\u573a\u5230\u96f7\u514b\u96c5\u672a\u514b\u5355\u7a0b\u5927\u5df4(KEF-RVK)\"}]},{\"@type\":\"WebSite\",\"@id\":\"https:\/\/bustravel.is\/zh#website\",\"url\":\"https:\/\/bustravel.is\/zh\",\"name\":\"BusTravel Iceland\",\"description\":\"#1 for Guided Tours in Iceland\",\"potentialAction\":[{\"@type\":\"SearchAction\",\"target\":{\"@type\":\"EntryPoint\",\"urlTemplate\":\"https:\/\/bustravel.is\/zh?s={search_term_string}\"},\"query-input\":{\"@type\":\"PropertyValueSpecification\",\"valueRequired\":true,\"valueName\":\"search_term_string\"}}],\"inLanguage\":\"zh\"}]}<\/script>\n<!-- \/ Yoast SEO Premium plugin. -->","yoast_head_json":{"title":"\u51ef\u592b\u62c9\u7ef4\u514b\u56fd\u9645\u673a\u573a\u5230\u96f7\u514b\u96c5\u672a\u514b\u5355\u7a0b\u5927\u5df4(KEF-RVK) - BusTravel Iceland","description":"\u63d0\u524d\u9884\u7ea6\u4ece\u51ef\u592b\u62c9\u7ef4\u514b\u56fd\u9645\u673a\u573a\u5230\u96f7\u514b\u96c5\u672a\u514b\u5355\u7a0b\u5927\u5df4\uff0c\u4e3a\u4f60\u7684\u51b0\u5c9b\u65c5\u884c\u5e26\u6765\u4fbf\u5229\u7684\u673a\u573a\u548c\u5e02\u533a\u7684\u4ea4\u901a\u9009\u62e9\u3002","robots":{"index":"index","follow":"follow","max-snippet":"max-snippet:-1","max-image-preview":"max-image-preview:large","max-video-preview":"max-video-preview:-1"},"canonical":"https:\/\/bustravel.is\/zh\/%e5%be%80%e8%bf%94-%e5%8d%95%e7%a8%8b%e5%b7%b4%e5%a3%ab\/%e5%87%af%e5%a4%ab%e6%8b%89%e7%bb%b4%e5%85%8b%e5%9b%bd%e9%99%85%e6%9c%ba%e5%9c%ba%e5%88%b0%e9%9b%b7%e5%85%8b%e9%9b%85%e6%9c%aa%e5%85%8b%e5%8d%95%e7%a8%8b%e5%a4%a7%e5%b7%b4kef-rvk","og_locale":"zh_CN","og_type":"article","og_title":"\u51ef\u592b\u62c9\u7ef4\u514b\u56fd\u9645\u673a\u573a\u5230\u96f7\u514b\u96c5\u672a\u514b\u5355\u7a0b\u5927\u5df4(KEF-RVK) - BusTravel Iceland","og_description":"\u63d0\u524d\u9884\u7ea6\u4ece\u51ef\u592b\u62c9\u7ef4\u514b\u56fd\u9645\u673a\u573a\u5230\u96f7\u514b\u96c5\u672a\u514b\u5355\u7a0b\u5927\u5df4\uff0c\u4e3a\u4f60\u7684\u51b0\u5c9b\u65c5\u884c\u5e26\u6765\u4fbf\u5229\u7684\u673a\u573a\u548c\u5e02\u533a\u7684\u4ea4\u901a\u9009\u62e9\u3002","og_url":"https:\/\/bustravel.is\/zh\/%e5%be%80%e8%bf%94-%e5%8d%95%e7%a8%8b%e5%b7%b4%e5%a3%ab\/%e5%87%af%e5%a4%ab%e6%8b%89%e7%bb%b4%e5%85%8b%e5%9b%bd%e9%99%85%e6%9c%ba%e5%9c%ba%e5%88%b0%e9%9b%b7%e5%85%8b%e9%9b%85%e6%9c%aa%e5%85%8b%e5%8d%95%e7%a8%8b%e5%a4%a7%e5%b7%b4kef-rvk","og_site_name":"BusTravel Iceland","article_modified_time":"2024-09-24T21:23:41+00:00","og_image":[{"width":800,"height":450,"url":"https:\/\/bustravel.is\/wp-content\/uploads\/2023\/09\/people-boarding-Keflavik-airport-shuttel-bus.jpg","type":"image\/jpeg"}],"twitter_card":"summary_large_image","twitter_misc":{"Est. reading time":"1 minute"},"schema":{"@context":"https:\/\/schema.org","@graph":[{"@type":"WebPage","@id":"https:\/\/bustravel.is\/zh\/%e5%be%80%e8%bf%94-%e5%8d%95%e7%a8%8b%e5%b7%b4%e5%a3%ab\/%e5%87%af%e5%a4%ab%e6%8b%89%e7%bb%b4%e5%85%8b%e5%9b%bd%e9%99%85%e6%9c%ba%e5%9c%ba%e5%88%b0%e9%9b%b7%e5%85%8b%e9%9b%85%e6%9c%aa%e5%85%8b%e5%8d%95%e7%a8%8b%e5%a4%a7%e5%b7%b4kef-rvk","url":"https:\/\/bustravel.is\/zh\/%e5%be%80%e8%bf%94-%e5%8d%95%e7%a8%8b%e5%b7%b4%e5%a3%ab\/%e5%87%af%e5%a4%ab%e6%8b%89%e7%bb%b4%e5%85%8b%e5%9b%bd%e9%99%85%e6%9c%ba%e5%9c%ba%e5%88%b0%e9%9b%b7%e5%85%8b%e9%9b%85%e6%9c%aa%e5%85%8b%e5%8d%95%e7%a8%8b%e5%a4%a7%e5%b7%b4kef-rvk","name":"\u51ef\u592b\u62c9\u7ef4\u514b\u56fd\u9645\u673a\u573a\u5230\u96f7\u514b\u96c5\u672a\u514b\u5355\u7a0b\u5927\u5df4(KEF-RVK) - BusTravel Iceland","isPartOf":{"@id":"https:\/\/bustravel.is\/zh#website"},"primaryImageOfPage":{"@id":"https:\/\/bustravel.is\/zh\/%e5%be%80%e8%bf%94-%e5%8d%95%e7%a8%8b%e5%b7%b4%e5%a3%ab\/%e5%87%af%e5%a4%ab%e6%8b%89%e7%bb%b4%e5%85%8b%e5%9b%bd%e9%99%85%e6%9c%ba%e5%9c%ba%e5%88%b0%e9%9b%b7%e5%85%8b%e9%9b%85%e6%9c%aa%e5%85%8b%e5%8d%95%e7%a8%8b%e5%a4%a7%e5%b7%b4kef-rvk#primaryimage"},"image":{"@id":"https:\/\/bustravel.is\/zh\/%e5%be%80%e8%bf%94-%e5%8d%95%e7%a8%8b%e5%b7%b4%e5%a3%ab\/%e5%87%af%e5%a4%ab%e6%8b%89%e7%bb%b4%e5%85%8b%e5%9b%bd%e9%99%85%e6%9c%ba%e5%9c%ba%e5%88%b0%e9%9b%b7%e5%85%8b%e9%9b%85%e6%9c%aa%e5%85%8b%e5%8d%95%e7%a8%8b%e5%a4%a7%e5%b7%b4kef-rvk#primaryimage"},"thumbnailUrl":"https:\/\/bustravel.is\/wp-content\/uploads\/2023\/09\/people-boarding-Keflavik-airport-shuttel-bus.jpg","datePublished":"2023-09-18T22:43:46+00:00","dateModified":"2024-09-24T21:23:41+00:00","description":"\u63d0\u524d\u9884\u7ea6\u4ece\u51ef\u592b\u62c9\u7ef4\u514b\u56fd\u9645\u673a\u573a\u5230\u96f7\u514b\u96c5\u672a\u514b\u5355\u7a0b\u5927\u5df4\uff0c\u4e3a\u4f60\u7684\u51b0\u5c9b\u65c5\u884c\u5e26\u6765\u4fbf\u5229\u7684\u673a\u573a\u548c\u5e02\u533a\u7684\u4ea4\u901a\u9009\u62e9\u3002","breadcrumb":{"@id":"https:\/\/bustravel.is\/zh\/%e5%be%80%e8%bf%94-%e5%8d%95%e7%a8%8b%e5%b7%b4%e5%a3%ab\/%e5%87%af%e5%a4%ab%e6%8b%89%e7%bb%b4%e5%85%8b%e5%9b%bd%e9%99%85%e6%9c%ba%e5%9c%ba%e5%88%b0%e9%9b%b7%e5%85%8b%e9%9b%85%e6%9c%aa%e5%85%8b%e5%8d%95%e7%a8%8b%e5%a4%a7%e5%b7%b4kef-rvk#breadcrumb"},"inLanguage":"zh","potentialAction":[{"@type":"ReadAction","target":["https:\/\/bustravel.is\/zh\/%e5%be%80%e8%bf%94-%e5%8d%95%e7%a8%8b%e5%b7%b4%e5%a3%ab\/%e5%87%af%e5%a4%ab%e6%8b%89%e7%bb%b4%e5%85%8b%e5%9b%bd%e9%99%85%e6%9c%ba%e5%9c%ba%e5%88%b0%e9%9b%b7%e5%85%8b%e9%9b%85%e6%9c%aa%e5%85%8b%e5%8d%95%e7%a8%8b%e5%a4%a7%e5%b7%b4kef-rvk"]}]},{"@type":"ImageObject","inLanguage":"zh","@id":"https:\/\/bustravel.is\/zh\/%e5%be%80%e8%bf%94-%e5%8d%95%e7%a8%8b%e5%b7%b4%e5%a3%ab\/%e5%87%af%e5%a4%ab%e6%8b%89%e7%bb%b4%e5%85%8b%e5%9b%bd%e9%99%85%e6%9c%ba%e5%9c%ba%e5%88%b0%e9%9b%b7%e5%85%8b%e9%9b%85%e6%9c%aa%e5%85%8b%e5%8d%95%e7%a8%8b%e5%a4%a7%e5%b7%b4kef-rvk#primaryimage","url":"https:\/\/bustravel.is\/wp-content\/uploads\/2023\/09\/people-boarding-Keflavik-airport-shuttel-bus.jpg","contentUrl":"https:\/\/bustravel.is\/wp-content\/uploads\/2023\/09\/people-boarding-Keflavik-airport-shuttel-bus.jpg","width":800,"height":450,"caption":"people boarding Keflavik airport shuttel bus"},{"@type":"BreadcrumbList","@id":"https:\/\/bustravel.is\/zh\/%e5%be%80%e8%bf%94-%e5%8d%95%e7%a8%8b%e5%b7%b4%e5%a3%ab\/%e5%87%af%e5%a4%ab%e6%8b%89%e7%bb%b4%e5%85%8b%e5%9b%bd%e9%99%85%e6%9c%ba%e5%9c%ba%e5%88%b0%e9%9b%b7%e5%85%8b%e9%9b%85%e6%9c%aa%e5%85%8b%e5%8d%95%e7%a8%8b%e5%a4%a7%e5%b7%b4kef-rvk#breadcrumb","itemListElement":[{"@type":"ListItem","position":1,"name":"\u5546\u5e97","item":"https:\/\/bustravel.is\/zh\/shop"},{"@type":"ListItem","position":2,"name":"\u51ef\u592b\u62c9\u7ef4\u514b\u56fd\u9645\u673a\u573a\u5230\u96f7\u514b\u96c5\u672a\u514b\u5355\u7a0b\u5927\u5df4(KEF-RVK)"}]},{"@type":"WebSite","@id":"https:\/\/bustravel.is\/zh#website","url":"https:\/\/bustravel.is\/zh","name":"BusTravel Iceland","description":"#1 for Guided Tours in Iceland","potentialAction":[{"@type":"SearchAction","target":{"@type":"EntryPoint","urlTemplate":"https:\/\/bustravel.is\/zh?s={search_term_string}"},"query-input":{"@type":"PropertyValueSpecification","valueRequired":true,"valueName":"search_term_string"}}],"inLanguage":"zh"}]}},"_links":{"self":[{"href":"https:\/\/bustravel.is\/zh\/wp-json\/wp\/v2\/product\/31598","targetHints":{"allow":["GET"]}}],"collection":[{"href":"https:\/\/bustravel.is\/zh\/wp-json\/wp\/v2\/product"}],"about":[{"href":"https:\/\/bustravel.is\/zh\/wp-json\/wp\/v2\/types\/product"}],"replies":[{"embeddable":true,"href":"https:\/\/bustravel.is\/zh\/wp-json\/wp\/v2\/comments?post=31598"}],"acf:post":[{"embeddable":true,"href":"https:\/\/bustravel.is\/zh\/wp-json\/wp\/v2\/posts\/19153"},{"embeddable":true,"href":"https:\/\/bustravel.is\/zh\/wp-json\/wp\/v2\/posts\/19881"},{"embeddable":true,"href":"https:\/\/bustravel.is\/zh\/wp-json\/wp\/v2\/product\/16197"},{"embeddable":true,"href":"https:\/\/bustravel.is\/zh\/wp-json\/wp\/v2\/product\/16198"}],"wp:featuredmedia":[{"embeddable":true,"href":"https:\/\/bustravel.is\/zh\/wp-json\/wp\/v2\/media\/28881"}],"wp:attachment":[{"href":"https:\/\/bustravel.is\/zh\/wp-json\/wp\/v2\/media?parent=31598"}],"wp:term":[{"taxonomy":"product_brand","embeddable":true,"href":"https:\/\/bustravel.is\/zh\/wp-json\/wp\/v2\/product_brand?post=31598"},{"taxonomy":"product_cat","embeddable":true,"href":"https:\/\/bustravel.is\/zh\/wp-json\/wp\/v2\/product_cat?post=31598"},{"taxonomy":"product_tag","embeddable":true,"href":"https:\/\/bustravel.is\/zh\/wp-json\/wp\/v2\/product_tag?post=31598"}],"curies":[{"name":"wp","href":"https:\/\/api.w.org\/{rel}","templated":true}]}}