{"id":25143,"date":"2023-08-08T10:28:46","date_gmt":"2023-08-08T10:28:46","guid":{"rendered":"https:\/\/bustravel.is\/contact"},"modified":"2024-01-19T10:36:02","modified_gmt":"2024-01-19T10:36:02","slug":"contact","status":"publish","type":"page","link":"https:\/\/bustravel.is\/zh\/contact","title":{"rendered":"\u8054\u7cfb\u6211\u4eec"},"content":{"rendered":"\n\n<div id=\"modalContact\" class=\"modal is-hidden modal--primary\" data-js=\"modal\">\n\t<div class=\"modal__content\" data-js=\"modal-content\">\n\n\t\t<div class=\"modal__head\">\n\t\t\t<div class=\"modal__header\">\n\t\t\t\t<div>\n\t\t\t\t\t<h2 class=\"modal__title\" class=\"modal__title\" id=\"%e7%bb%99%e6%88%91%e4%bb%ac%e5%8f%91%e9%80%81%e4%bf%a1%e6%81%af\">\u7ed9\u6211\u4eec\u53d1\u9001\u4fe1\u606f<\/h2>\n\t\t\t\t\t<p class=\"modal__intro\">\u6211\u4eec\u5c06\u5c3d\u5feb\u56de\u590d\u60a8\u3002<\/p>\n\t\t\t\t\t<p class=\"modal__intro modal__success_text\">\u60a8\u7684\u6d88\u606f\u5df2\u6210\u529f\u53d1\u9001\u3002<\/p>\n\t\t\t\t<\/div>\n\t\t\t<\/div>\n\t\t\t\n<div class=\"modal__close-button-container\">\n\t<button title=\"\u5173\u95ed\u6a21\u5757\" class=\"modal__close-button \" data-js=\"closeModal\">\n\t\t\u5173\u95ed\t<\/button>\n<\/div>\n\t\t<\/div>\n\n\t\t<div class=\"modal__body u-mt-xs\">\n\t\t\t\n<div class=\"wpcf7 no-js\" id=\"wpcf7-f25142-o1\" lang=\"zh\" dir=\"ltr\" data-wpcf7-id=\"25142\">\n<div class=\"screen-reader-response\"><p role=\"status\" aria-live=\"polite\" aria-atomic=\"true\"><\/p> <ul><\/ul><\/div>\n<form action=\"\/zh\/wp-json\/wp\/v2\/pages\/25143#wpcf7-f25142-o1\" method=\"post\" class=\"wpcf7-form init\" aria-label=\"Contact form\" novalidate=\"novalidate\" data-status=\"init\">\n<fieldset class=\"hidden-fields-container\"><input type=\"hidden\" name=\"_wpcf7\" value=\"25142\" \/><input type=\"hidden\" name=\"_wpcf7_version\" value=\"6.1.5\" \/><input type=\"hidden\" name=\"_wpcf7_locale\" value=\"zh\" \/><input type=\"hidden\" name=\"_wpcf7_unit_tag\" value=\"wpcf7-f25142-o1\" \/><input type=\"hidden\" name=\"_wpcf7_container_post\" value=\"0\" \/><input type=\"hidden\" name=\"_wpcf7_posted_data_hash\" value=\"\" \/><input type=\"hidden\" name=\"_wpcf7_recaptcha_response\" value=\"\" \/>\n<\/fieldset>\n<div class=\"FormGroup FormGroup--text\">\n\t<p><label class=\"InputLabel\" for=\"your-name\">\u59d3\u540d<\/label><span class=\"wpcf7-form-control-wrap\" data-name=\"your-name\"><input size=\"40\" maxlength=\"400\" class=\"wpcf7-form-control wpcf7-text wpcf7-validates-as-required TextInput\" id=\"name\" aria-required=\"true\" aria-invalid=\"false\" value=\"\" type=\"text\" name=\"your-name\" \/><\/span>\n\t<\/p>\n<\/div>\n<div class=\"FormGroup FormGroup--text\">\n\t<p><label class=\"InputLabel\" for=\"email\">\u7535\u5b50\u90ae\u7bb1<\/label><span class=\"wpcf7-form-control-wrap\" data-name=\"email\"><input size=\"40\" maxlength=\"400\" class=\"wpcf7-form-control wpcf7-email wpcf7-validates-as-required wpcf7-text wpcf7-validates-as-email TextInput\" id=\"email\" aria-required=\"true\" aria-invalid=\"false\" value=\"\" type=\"email\" name=\"email\" \/><\/span>\n\t<\/p>\n<\/div>\n<div class=\"FormGroup FormGroup--textarea\">\n\t<p><label class=\"InputLabel\" for=\"\">\u7559\u8a00<\/label><span class=\"wpcf7-form-control-wrap\" data-name=\"textarea\"><textarea cols=\"30\" rows=\"5\" maxlength=\"2000\" class=\"wpcf7-form-control wpcf7-textarea wpcf7-validates-as-required Textarea\" aria-required=\"true\" aria-invalid=\"false\" name=\"textarea\"><\/textarea><\/span>\n\t<\/p>\n<\/div>\n<div class=\"u-mt-xs u-mb-sm\">\n\t<p><input class=\"wpcf7-form-control wpcf7-submit has-spinner button button--primary button--large button--mobile-full\" id=\"Id\" type=\"submit\" value=\"\u53d1\u9001\" \/>\n\t<\/p>\n<\/div>\n<div class=\"wpcf7-response-output\" aria-hidden=\"true\"><\/div>\n<\/form>\n<\/div>\n\n\t\t\t\n<button title=\"Ok\" type=\"button\"  class=\"button button--primary button--mobile-full modal__success_btn button--large \"   data-js=\"closeModal\">\n\t\t\t\n\t\t\n\t\t\t\t\t<span class=\"text\">\n\t\t\t\tOk\t\t\t<\/span>\n\t\t\n\t<\/button>\n\n\t\t<\/div>\n\t<\/div>\n<\/div>\n\n<div class=\"contact-page\">\n    <div class=\"contact-page__inner\">\n        <div class=\"u-mt-md u-mb-sm\">\n\t\t\t\n<div class=\"head\">\n\t<div class=\"breadcrumbs\"><\/div>\n\t\n\t<h1 class=\"head__title\">\u8054\u7cfb\u65b9\u5f0f<\/h1>\n\t\n\t\t\n\t\t\t<div class=\"head__text\">\n\t\t\t\u5982\u679c\u60a8\u6709\u5173\u4e8e\u9884\u5b9a\u65c5\u884c\u3001\u9700\u8981\u884c\u7a0b\u5b89\u6392\u65b9\u9762\u7684\u5e2e\u52a9\uff0c\u6216\u8005\u53ea\u662f\u60f3\u4e86\u89e3\u66f4\u591a\u5173\u4e8e\u6211\u4eec\u7684\u670d\u52a1\u7684\u4fe1\u606f\uff0c\u6211\u4eec\u5c06\u5f88\u9ad8\u5174\u4e3a\u60a8\u63d0\u4f9b\u5e2e\u52a9\uff0c\u968f\u65f6\u8054\u7cfb\u6211\u4eec\u5427\u3002\r\n\r\n\r\n\r\n\r\n\t\t\t\t\t<\/div>\n\t\n\t<\/div>\n        <\/div>\n\n        <div class=\"u-mb-xs\">\n\t\t\t\n<div class=\"contact-options\">\n\t\t\t<div class=\"contact-options__item\">\n\t\t\t<div class=\"contact-options__icon\">\n\t\t\t\t<svg width=\"48\" height=\"48\" fill=\"none\" xmlns=\"http:\/\/www.w3.org\/2000\/svg\"><path d=\"M19.6 19.2h9.12m0 4.8H19.6m9.12-12H19.6a9.6 9.6 0 00-9.6 9.6 9.6 9.6 0 009.6 9.6h1.92a2.4 2.4 0 012.4 2.4V36c9.958-6.335 14.338-7.933 14.4-14.263V21.6a9.6 9.6 0 00-9.6-9.6z\" stroke=\"#152B47\" stroke-width=\"1.6\" stroke-miterlimit=\"10\" stroke-linecap=\"round\" stroke-linejoin=\"round\"\/><\/svg>\t\t\t<\/div>\n\t\t\t<div class=\"contact-options__content\">\n\t\t\t\t<div class=\"contact-options__label\">\u5ba2\u670d\u5bf9\u8bdd\u6846<\/div>\n\t\t\t\t<div class=\"contact-options__link\">\n\t\t\t\t\t\n\t\t\t\t\t\n<button title=\"\u5f00\u542f\u5bf9\u8bdd\" type=\"button\"  class=\"button button--simple  \"   onclick=\"Beacon('open')\">\n\t\t\t\n\t\t\n\t\t\t\t\t<span class=\"text\">\n\t\t\t\t\u5f00\u542f\u5bf9\u8bdd\t\t\t<\/span>\n\t\t\n\t<\/button>\n\t\t\t\t\t\n\t\t\t\t<\/div>\n\t\t\t<\/div>\n\t\t<\/div>\n\t\t\t<div class=\"contact-options__item\">\n\t\t\t<div class=\"contact-options__icon\">\n\t\t\t\t<svg width=\"48\" height=\"48\" fill=\"none\" xmlns=\"http:\/\/www.w3.org\/2000\/svg\"><path d=\"M31.575 28.905L34.514 36\" stroke=\"#152B47\" stroke-width=\"1.6\" stroke-miterlimit=\"10\" stroke-linecap=\"round\" stroke-linejoin=\"round\"\/><rect x=\"11\" y=\"13\" width=\"26\" height=\"9\" rx=\"2\" stroke=\"#152B47\" stroke-width=\"1.6\" stroke-miterlimit=\"10\" stroke-linecap=\"round\" stroke-linejoin=\"round\"\/><path d=\"M24 17.5h-9.5\" stroke=\"#152B47\" stroke-width=\"1.6\" stroke-miterlimit=\"10\" stroke-linecap=\"round\" stroke-linejoin=\"round\"\/><path d=\"M27.249 18.462l10.443 10.443h-6.117l-4.326 4.326V18.46z\" fill=\"#fff\" stroke=\"#152B47\" stroke-width=\"1.6\" stroke-miterlimit=\"10\" stroke-linecap=\"round\" stroke-linejoin=\"round\"\/><\/svg>\t\t\t<\/div>\n\t\t\t<div class=\"contact-options__content\">\n\t\t\t\t<div class=\"contact-options__label\">\u7ebf\u4e0a\u8868\u5355<\/div>\n\t\t\t\t<div class=\"contact-options__link\">\n\t\t\t\t\t\n\t\t\t\t\t\n<span    class=\"button button--simple  \"   data-js=\"modalContact\">\n\t\t\t\n\t\t\n\t\t\t\t\t<span class=\"text\">\n\t\t\t\t\u7ed9\u6211\u4eec\u53d1\u9001\u4fe1\u606f\t\t\t<\/span>\n\t\t\n\t<\/span>\n\t\t\t\t\t\n\t\t\t\t<\/div>\n\t\t\t<\/div>\n\t\t<\/div>\n\t\t\t<div class=\"contact-options__item\">\n\t\t\t<div class=\"contact-options__icon\">\n\t\t\t\t<svg width=\"48\" height=\"48\" fill=\"none\" xmlns=\"http:\/\/www.w3.org\/2000\/svg\"><path d=\"M19.6 19.2h9.12m0 4.8H19.6m9.12-12H19.6a9.6 9.6 0 00-9.6 9.6 9.6 9.6 0 009.6 9.6h1.92a2.4 2.4 0 012.4 2.4V36c9.958-6.335 14.338-7.933 14.4-14.263V21.6a9.6 9.6 0 00-9.6-9.6z\" stroke=\"#152B47\" stroke-width=\"1.6\" stroke-miterlimit=\"10\" stroke-linecap=\"round\" stroke-linejoin=\"round\"\/><\/svg>\t\t\t<\/div>\n\t\t\t<div class=\"contact-options__content\">\n\t\t\t\t<div class=\"contact-options__label\">\u7535\u90ae<\/div>\n\t\t\t\t<div class=\"contact-options__link\">\n\t\t\t\t\t\n\t\t\t\t\t\n<a title=\"info@bustravel.is\"  href=\"mailto:info@bustravel.is\" class=\"button button--simple  \"   >\n\t\t\t\n\t\t\n\t\t\t\t\t<span class=\"text\">\n\t\t\t\tinfo@bustravel.is\t\t\t<\/span>\n\t\t\n\t<\/a>\n\t\t\t\t\t\n\t\t\t\t<\/div>\n\t\t\t<\/div>\n\t\t<\/div>\n\t\t\t<div class=\"contact-options__item\">\n\t\t\t<div class=\"contact-options__icon\">\n\t\t\t\t<svg width=\"48\" height=\"48\" fill=\"none\" xmlns=\"http:\/\/www.w3.org\/2000\/svg\"><path d=\"M24.872 16.83a.871.871 0 101.743 0 .871.871 0 00-1.743 0zm3.483 0a.871.871 0 101.743 0 .871.871 0 00-1.742 0zm3.489 0a.871.871 0 101.743 0 .871.871 0 00-1.743 0z\" fill=\"#152B47\"\/><path d=\"M22.619 30.772l2.614-1.743 5.216 1.743v3.485c0 .963-.768 1.743-1.73 1.743C19.092 36 10 26.965 10 17.34c0-.963.78-1.73 1.743-1.73h3.485l1.743 5.215-1.743 2.614c1.113 2.783 4.608 6.22 7.39 7.333zM20.514 16.83a5.228 5.228 0 005.229 5.228v3.485l3.485-3.485h3.486c2.888 0 5.286-2.341 5.286-5.229 0-2.887-2.398-5.228-5.286-5.228h-6.971a5.228 5.228 0 00-5.229 5.228z\" stroke=\"#152B47\" stroke-width=\"1.4\" stroke-miterlimit=\"10\" stroke-linecap=\"round\" stroke-linejoin=\"round\"\/><\/svg>\t\t\t<\/div>\n\t\t\t<div class=\"contact-options__content\">\n\t\t\t\t<div class=\"contact-options__label\">\u7535\u8bdd<\/div>\n\t\t\t\t<div class=\"contact-options__link\">\n\t\t\t\t\t\n\t\t\t\t\t\n<a title=\"+(354) 539 3111\"  href=\"tel:+3545393111\" class=\"button button--simple  \"   >\n\t\t\t\n\t\t\n\t\t\t\t\t<span class=\"text\">\n\t\t\t\t+(354) 539 3111\t\t\t<\/span>\n\t\t\n\t<\/a>\n\t\t\t\t\t\n\t\t\t\t<\/div>\n\t\t\t<\/div>\n\t\t<\/div>\n\t<\/div>\n        <\/div>\n\n        <div class=\"u-mb-xs\">\n\t\t\t\n<div class=\"view-faq\">\n\t<div class=\"view-faq__left\">\n\t\t<div class=\"view-faq__text\"> \u9700\u8981\u4e86\u89e3\u6709\u5173\u60a8\u7684\u9884\u5b9a\u3001\u9884\u5b9a\u66f4\u6539\u3001\u53d6\u6d88\u6216\u91cd\u65b0\u9884\u5b9a\u7684\u4fe1\u606f\u5417\uff1f\u8bf7\u67e5\u770b\u5e38\u89c1\u95ee\u9898\u89e3\u7b54\u4ee5\u83b7\u53d6\u7b54\u6848\u3002<\/div>\n\t<\/div>\n\t<div class=\"view-faq__right\">\n\t\t\n<a title=\"\u67e5\u770b\u5e38\u89c1\u95ee\u9898\"  href=\"https:\/\/bustravel.is\/zh\/faq\/\" class=\"button button--secondary button--medium \"   >\n\t\t\t\n\t\t\t\t\t<span class=\"text\">\n\t\t\t\t\u67e5\u770b\u5e38\u89c1\u95ee\u9898\t\t\t<\/span>\n\t\t\n\t\t\t\t\t<span class=\"icon button__icon\"><svg width=\"24\" height=\"24\" fill=\"none\" xmlns=\"http:\/\/www.w3.org\/2000\/svg\"><path d=\"M6 12h12m0 0l-4.5-4.5M18 12l-4.5 4.5\" stroke=\"#E36934\" stroke-width=\"2\" stroke-linecap=\"round\" stroke-linejoin=\"round\"\/><\/svg><\/span>\n\t\t\n\t<\/a>\n\t<\/div>\n<\/div>\n        <\/div>\n\n        <div class=\"u-mb-xlg\">\n\t\t\t\n<div class=\"card-contact\">\n    <div class=\"card-contact__content\">\n        <div class=\"card-contact__label\">\u6211\u4eec\u7684\u529e\u516c\u5730\u70b9<\/div>\n        <div class=\"card-contact__address\">BusTravel Iceland<br\/>Sk\u00f3garhl\u00ed\u00f0 10<br\/>105 Reykjav\u00edk, Iceland<\/div>\n\t\t\n<a title=\"\u5f00\u542f\u5bfc\u822a\"  href=\"https:\/\/goo.gl\/maps\/NaJoJhvNWvANx8y59\" class=\"button button--simple button--medium \" target=\"_blank\"  >\n\t\t\t\n\t\t\n\t\t\t\t\t<span class=\"text\">\n\t\t\t\t<strong>\u5f00\u542f\u5bfc\u822a<\/strong>\t\t\t<\/span>\n\t\t\n\t<\/a>\n    <\/div>\n\t<a href=\"https:\/\/goo.gl\/maps\/NaJoJhvNWvANx8y59\" target=\"_blank\">\n\t\t<img decoding=\"async\" class=\"card-contact__image u-display-desktop lazyload\" data-src=\"\/wp-content\/themes\/bustravel\/assets\/img\/contact\/map.png\" alt=\"Map\" src=\"data:image\/svg+xml;base64,PHN2ZyB3aWR0aD0iMSIgaGVpZ2h0PSIxIiB4bWxucz0iaHR0cDovL3d3dy53My5vcmcvMjAwMC9zdmciPjwvc3ZnPg==\" style=\"--smush-placeholder-width: 660px; --smush-placeholder-aspect-ratio: 660\/400;\">\n\t\t<img decoding=\"async\" class=\"card-contact__image u-display-mobile lazyload\" data-src=\"\/wp-content\/themes\/bustravel\/assets\/img\/contact\/map-mobile.png\" alt=\"Map\" src=\"data:image\/svg+xml;base64,PHN2ZyB3aWR0aD0iMSIgaGVpZ2h0PSIxIiB4bWxucz0iaHR0cDovL3d3dy53My5vcmcvMjAwMC9zdmciPjwvc3ZnPg==\" style=\"--smush-placeholder-width: 320px; --smush-placeholder-aspect-ratio: 320\/320;\">\n\t<\/a>\n<\/div>\n        <\/div>\n    <\/div>\n\n<\/div>\n","protected":false},"excerpt":{"rendered":"","protected":false},"author":5,"featured_media":0,"parent":0,"menu_order":0,"comment_status":"closed","ping_status":"closed","template":"","meta":{"_acf_changed":false,"footnotes":""},"class_list":["post-25143","page","type-page","status-publish","hentry"],"acf":[],"yoast_head":"<!-- This site is optimized with the Yoast SEO Premium plugin v26.6 (Yoast SEO v26.9) - https:\/\/yoast.com\/product\/yoast-seo-premium-wordpress\/ -->\n<title>\u8054\u7cfb\u6211\u4eec - BusTravel Iceland<\/title>\n<meta name=\"description\" content=\"\u5982\u679c\u60a8\u6709\u5173\u4e8e\u9884\u8ba2\u65c5\u884c\u3001\u9700\u8981\u884c\u7a0b\u5b89\u6392\u65b9\u9762\u7684\u5e2e\u52a9\uff0c\u6216\u8005\u53ea\u662f\u60f3\u4e86\u89e3\u66f4\u591a\u5173\u4e8e\u6211\u4eec\u7684\u670d\u52a1\u7684\u4fe1\u606f\uff0c\u6211\u4eec\u5c06\u5f88\u9ad8\u5174\u4e3a\u60a8\u63d0\u4f9b\u5e2e\u52a9\uff0c\u968f\u65f6\u8054\u7cfb\u6211\u4eec\u5427\u3002\" \/>\n<meta name=\"robots\" content=\"index, follow, max-snippet:-1, max-image-preview:large, max-video-preview:-1\" \/>\n<link rel=\"canonical\" href=\"https:\/\/bustravel.is\/zh\/contact\" \/>\n<meta property=\"og:locale\" content=\"zh_CN\" \/>\n<meta property=\"og:type\" content=\"article\" \/>\n<meta property=\"og:title\" content=\"\u8054\u7cfb\u6211\u4eec - BusTravel Iceland\" \/>\n<meta property=\"og:description\" content=\"\u5982\u679c\u60a8\u6709\u5173\u4e8e\u9884\u8ba2\u65c5\u884c\u3001\u9700\u8981\u884c\u7a0b\u5b89\u6392\u65b9\u9762\u7684\u5e2e\u52a9\uff0c\u6216\u8005\u53ea\u662f\u60f3\u4e86\u89e3\u66f4\u591a\u5173\u4e8e\u6211\u4eec\u7684\u670d\u52a1\u7684\u4fe1\u606f\uff0c\u6211\u4eec\u5c06\u5f88\u9ad8\u5174\u4e3a\u60a8\u63d0\u4f9b\u5e2e\u52a9\uff0c\u968f\u65f6\u8054\u7cfb\u6211\u4eec\u5427\u3002\" \/>\n<meta property=\"og:url\" content=\"https:\/\/bustravel.is\/zh\/contact\" \/>\n<meta property=\"og:site_name\" content=\"BusTravel Iceland\" \/>\n<meta property=\"article:modified_time\" content=\"2024-01-19T10:36:02+00:00\" \/>\n<meta name=\"twitter:card\" content=\"summary_large_image\" \/>\n<script type=\"application\/ld+json\" class=\"yoast-schema-graph\">{\"@context\":\"https:\/\/schema.org\",\"@graph\":[{\"@type\":\"WebPage\",\"@id\":\"https:\/\/bustravel.is\/zh\/contact\",\"url\":\"https:\/\/bustravel.is\/zh\/contact\",\"name\":\"\u8054\u7cfb\u6211\u4eec - BusTravel Iceland\",\"isPartOf\":{\"@id\":\"https:\/\/bustravel.is\/zh#website\"},\"datePublished\":\"2023-08-08T10:28:46+00:00\",\"dateModified\":\"2024-01-19T10:36:02+00:00\",\"description\":\"\u5982\u679c\u60a8\u6709\u5173\u4e8e\u9884\u8ba2\u65c5\u884c\u3001\u9700\u8981\u884c\u7a0b\u5b89\u6392\u65b9\u9762\u7684\u5e2e\u52a9\uff0c\u6216\u8005\u53ea\u662f\u60f3\u4e86\u89e3\u66f4\u591a\u5173\u4e8e\u6211\u4eec\u7684\u670d\u52a1\u7684\u4fe1\u606f\uff0c\u6211\u4eec\u5c06\u5f88\u9ad8\u5174\u4e3a\u60a8\u63d0\u4f9b\u5e2e\u52a9\uff0c\u968f\u65f6\u8054\u7cfb\u6211\u4eec\u5427\u3002\",\"inLanguage\":\"zh\",\"potentialAction\":[{\"@type\":\"ReadAction\",\"target\":[\"https:\/\/bustravel.is\/zh\/contact\"]}]},{\"@type\":\"WebSite\",\"@id\":\"https:\/\/bustravel.is\/zh#website\",\"url\":\"https:\/\/bustravel.is\/zh\",\"name\":\"BusTravel Iceland\",\"description\":\"#1 for Guided Tours in Iceland\",\"potentialAction\":[{\"@type\":\"SearchAction\",\"target\":{\"@type\":\"EntryPoint\",\"urlTemplate\":\"https:\/\/bustravel.is\/zh?s={search_term_string}\"},\"query-input\":{\"@type\":\"PropertyValueSpecification\",\"valueRequired\":true,\"valueName\":\"search_term_string\"}}],\"inLanguage\":\"zh\"}]}<\/script>\n<!-- \/ Yoast SEO Premium plugin. -->","yoast_head_json":{"title":"\u8054\u7cfb\u6211\u4eec - BusTravel Iceland","description":"\u5982\u679c\u60a8\u6709\u5173\u4e8e\u9884\u8ba2\u65c5\u884c\u3001\u9700\u8981\u884c\u7a0b\u5b89\u6392\u65b9\u9762\u7684\u5e2e\u52a9\uff0c\u6216\u8005\u53ea\u662f\u60f3\u4e86\u89e3\u66f4\u591a\u5173\u4e8e\u6211\u4eec\u7684\u670d\u52a1\u7684\u4fe1\u606f\uff0c\u6211\u4eec\u5c06\u5f88\u9ad8\u5174\u4e3a\u60a8\u63d0\u4f9b\u5e2e\u52a9\uff0c\u968f\u65f6\u8054\u7cfb\u6211\u4eec\u5427\u3002","robots":{"index":"index","follow":"follow","max-snippet":"max-snippet:-1","max-image-preview":"max-image-preview:large","max-video-preview":"max-video-preview:-1"},"canonical":"https:\/\/bustravel.is\/zh\/contact","og_locale":"zh_CN","og_type":"article","og_title":"\u8054\u7cfb\u6211\u4eec - BusTravel Iceland","og_description":"\u5982\u679c\u60a8\u6709\u5173\u4e8e\u9884\u8ba2\u65c5\u884c\u3001\u9700\u8981\u884c\u7a0b\u5b89\u6392\u65b9\u9762\u7684\u5e2e\u52a9\uff0c\u6216\u8005\u53ea\u662f\u60f3\u4e86\u89e3\u66f4\u591a\u5173\u4e8e\u6211\u4eec\u7684\u670d\u52a1\u7684\u4fe1\u606f\uff0c\u6211\u4eec\u5c06\u5f88\u9ad8\u5174\u4e3a\u60a8\u63d0\u4f9b\u5e2e\u52a9\uff0c\u968f\u65f6\u8054\u7cfb\u6211\u4eec\u5427\u3002","og_url":"https:\/\/bustravel.is\/zh\/contact","og_site_name":"BusTravel Iceland","article_modified_time":"2024-01-19T10:36:02+00:00","twitter_card":"summary_large_image","schema":{"@context":"https:\/\/schema.org","@graph":[{"@type":"WebPage","@id":"https:\/\/bustravel.is\/zh\/contact","url":"https:\/\/bustravel.is\/zh\/contact","name":"\u8054\u7cfb\u6211\u4eec - BusTravel Iceland","isPartOf":{"@id":"https:\/\/bustravel.is\/zh#website"},"datePublished":"2023-08-08T10:28:46+00:00","dateModified":"2024-01-19T10:36:02+00:00","description":"\u5982\u679c\u60a8\u6709\u5173\u4e8e\u9884\u8ba2\u65c5\u884c\u3001\u9700\u8981\u884c\u7a0b\u5b89\u6392\u65b9\u9762\u7684\u5e2e\u52a9\uff0c\u6216\u8005\u53ea\u662f\u60f3\u4e86\u89e3\u66f4\u591a\u5173\u4e8e\u6211\u4eec\u7684\u670d\u52a1\u7684\u4fe1\u606f\uff0c\u6211\u4eec\u5c06\u5f88\u9ad8\u5174\u4e3a\u60a8\u63d0\u4f9b\u5e2e\u52a9\uff0c\u968f\u65f6\u8054\u7cfb\u6211\u4eec\u5427\u3002","inLanguage":"zh","potentialAction":[{"@type":"ReadAction","target":["https:\/\/bustravel.is\/zh\/contact"]}]},{"@type":"WebSite","@id":"https:\/\/bustravel.is\/zh#website","url":"https:\/\/bustravel.is\/zh","name":"BusTravel Iceland","description":"#1 for Guided Tours in Iceland","potentialAction":[{"@type":"SearchAction","target":{"@type":"EntryPoint","urlTemplate":"https:\/\/bustravel.is\/zh?s={search_term_string}"},"query-input":{"@type":"PropertyValueSpecification","valueRequired":true,"valueName":"search_term_string"}}],"inLanguage":"zh"}]}},"_links":{"self":[{"href":"https:\/\/bustravel.is\/zh\/wp-json\/wp\/v2\/pages\/25143","targetHints":{"allow":["GET"]}}],"collection":[{"href":"https:\/\/bustravel.is\/zh\/wp-json\/wp\/v2\/pages"}],"about":[{"href":"https:\/\/bustravel.is\/zh\/wp-json\/wp\/v2\/types\/page"}],"author":[{"embeddable":true,"href":"https:\/\/bustravel.is\/zh\/wp-json\/wp\/v2\/users\/5"}],"replies":[{"embeddable":true,"href":"https:\/\/bustravel.is\/zh\/wp-json\/wp\/v2\/comments?post=25143"}],"version-history":[{"count":8,"href":"https:\/\/bustravel.is\/zh\/wp-json\/wp\/v2\/pages\/25143\/revisions"}],"predecessor-version":[{"id":40042,"href":"https:\/\/bustravel.is\/zh\/wp-json\/wp\/v2\/pages\/25143\/revisions\/40042"}],"wp:attachment":[{"href":"https:\/\/bustravel.is\/zh\/wp-json\/wp\/v2\/media?parent=25143"}],"curies":[{"name":"wp","href":"https:\/\/api.w.org\/{rel}","templated":true}]}}