{"id":63399,"date":"2024-09-01T12:15:45","date_gmt":"2024-09-01T12:15:45","guid":{"rendered":"https:\/\/bustravel.is\/?post_type=product&#038;p=63399"},"modified":"2025-12-02T21:29:15","modified_gmt":"2025-12-02T21:29:15","slug":"totale-sonnenfinsternis-in-island-2026","status":"publish","type":"product","link":"https:\/\/bustravel.is\/de\/eintagige-touren\/totale-sonnenfinsternis-in-island-2026","title":{"rendered":"Totale Sonnenfinsternis in Island 2026"},"content":{"rendered":"","protected":false},"excerpt":{"rendered":"<p>Am 12. August 2026, genau um 16:47 Uhr, erwartet Island ein einmaliges Naturereignis \u2013 eine totale Sonnenfinsternis. Dabei bedeckt der Mond die Sonne vollst\u00e4ndig, sodass ihr Schatten den Tag in Nacht verwandelt. Zum ersten Mal seit 1954 verl\u00e4uft der Kernschatten genau \u00fcber Island, wobei die westliche Halbinsel Sn\u00e6fellsnes vermutlich die beste Aussicht auf dieses seltene himmlische Schauspiel bietet. Die gesamte Finsternis dauert etwa zwei Stunden, der H\u00f6hepunkt der Totalit\u00e4t wird um 17:48 Uhr erreicht.<\/p>\n<p>BusTravel Iceland bietet diese Tour nur an diesem einen Tag an \u2013 unser Programm ist bewusst flexibel gestaltet: Wir suchen nach wolkenfreiem Himmel und genie\u00dfen zugleich die beeindruckende Natur der Region. Highlights k\u00f6nnten der Kirkjufell, Arnarstapi, der schwarze Sandstrand Dj\u00fapal\u00f3nssandur, der Saxh\u00f3ll-Krater und vieles mehr sein. Unser Hauptziel bleibt jedoch das beeindruckende Schauspiel der Sonnenfinsternis.<\/p>\n<p>Wir rechnen mit gro\u00dfer Nachfrage f\u00fcr diese exklusive Tagestour ab Reykjav\u00edk und empfehlen daher eine fr\u00fchzeitige Buchung. Die n\u00e4chste totale Sonnenfinsternis in Island wird erst im Jahr 2196 zu sehen sein \u2013 eine einmalige Gelegenheit, die Sie nicht verpassen sollten!<\/p>\n<p>Das Gebiet, in dem die totale Phase der Sonnenfinsternis sichtbar ist, umfasst normalerweise nur 100 bis 160 km. Zum ersten Mal seit 72 Jahren wird dieses Ereignis genau \u00fcber Island liegen. Eine Wiederholung gibt es erst wieder im Jahr 2196! Das ist also wirklich Ihre einmalige Chance, dieses monumentale Ereignis live mitzuerleben.<\/p>\n","protected":false},"featured_media":60866,"comment_status":"closed","ping_status":"closed","template":"","meta":{"_acf_changed":false},"product_brand":[],"product_cat":[215],"product_tag":[],"class_list":{"0":"post-63399","1":"product","2":"type-product","3":"status-publish","4":"has-post-thumbnail","6":"activity-sightseeing-de","7":"activity-walking-de","8":"attraction-kirkjufell-de","9":"attraction-black-sand-beach-de","10":"attraction-snaefellsnes-de","11":"attraction-volcanoes-de","12":"attraction-waterfalls-de","13":"product_cat-eintagige-touren","15":"first","16":"instock","17":"shipping-taxable","18":"purchasable","19":"product-type-simple"},"acf":{"tour_bokun_id":"1009140","multi_bokun_id_widget_label":"","multi_day_tour_bokun_ids":null,"badges":["new"],"intro":"Fachkundiges lokales Wissen, um dir den besten Aussichtspunkt f\u00fcr die totale Sonnenfinsternis 2026 zu sichern.","text":"","short_text":"Erlebe die himmlische Pracht einer Sonnenfinsternis \u2013 ein Ereignis, das sich nur einmal im Leben bietet.","modal_info_title":"","modal_info_text":"","reviews_rating":"","notice_text":"","tour_duration_in_days":"one-day","agency_notice":"","product_description":"Am 12. August 2026, genau um 16:47 Uhr, erwartet Island ein einmaliges Naturereignis \u2013 eine totale Sonnenfinsternis. Dabei bedeckt der Mond die Sonne vollst\u00e4ndig, sodass ihr Schatten den Tag in Nacht verwandelt. Zum ersten Mal seit 1954 verl\u00e4uft der Kernschatten genau \u00fcber Island, wobei die westliche Halbinsel Sn\u00e6fellsnes vermutlich die beste Aussicht auf dieses seltene himmlische Schauspiel bietet. Die gesamte Finsternis dauert etwa zwei Stunden, der H\u00f6hepunkt der Totalit\u00e4t wird um 17:48 Uhr erreicht.\r\n\r\nBusTravel Iceland bietet diese Tour nur an diesem einen Tag an \u2013 unser Programm ist bewusst flexibel gestaltet: Wir suchen nach wolkenfreiem Himmel und genie\u00dfen zugleich die beeindruckende Natur der Region. Highlights k\u00f6nnten der Kirkjufell, Arnarstapi, der schwarze Sandstrand Dj\u00fapal\u00f3nssandur, der Saxh\u00f3ll-Krater und vieles mehr sein. Unser Hauptziel bleibt jedoch das beeindruckende Schauspiel der Sonnenfinsternis.\r\n\r\nWir rechnen mit gro\u00dfer Nachfrage f\u00fcr diese exklusive Tagestour ab Reykjav\u00edk und empfehlen daher eine fr\u00fchzeitige Buchung. Die n\u00e4chste totale Sonnenfinsternis in Island wird erst im Jahr 2196 zu sehen sein \u2013 eine einmalige Gelegenheit, die Sie nicht verpassen sollten!","product_description_long":"Das Gebiet, in dem die totale Phase der Sonnenfinsternis sichtbar ist, umfasst normalerweise nur 100 bis 160 km. Zum ersten Mal seit 72 Jahren wird dieses Ereignis genau \u00fcber Island liegen. Eine Wiederholung gibt es erst wieder im Jahr 2196! Das ist also wirklich Ihre einmalige Chance, dieses monumentale Ereignis live mitzuerleben.","starting_point":"","accommodation":"false","difficulty":"Easy","difficulty_note":"","live_tour_guide":"english","group_size":"4","minimum_age":6,"availability_start":"20260812","availability_end":"20260812","price_notice":"","accommodation_text":"","accommodation_gallery":null,"accommodation_list_1":[{"list_item":"Professioneller Reiseleiter","included_or_excluded":true},{"list_item":"WLAN","included_or_excluded":true},{"list_item":"Sonnenfinsternisbrille","included_or_excluded":true},{"list_item":"Abholung von und R\u00fcckfahrt zu Ihrer Unterkunft","included_or_excluded":false},{"list_item":"Mahlzeiten und Getr\u00e4nke","included_or_excluded":false}],"accommodation_list_2":[{"list_item":"Warme, wasser- und winddichte Kleidung ist in Island immer n\u00fctzlich."},{"list_item":"Tickets werden digital akzeptiert und m\u00fcssen daher nicht ausgedruckt werden."},{"list_item":"Die Region wird an diesem Tag sehr voll sein, daher empfehlen wir, ein Lunchpaket mitzubringen. Unser Tagesablauf ist flexibel gestaltet, weshalb wir keine Reservierungen f\u00fcr Mittagessen vornehmen."}],"accommodation_list_3":[{"list_item":"<b>Was passiert, wenn das Tourgebiet bew\u00f6lkt ist?<\/b> Falls Sn\u00e6fellsnes, unsere erste Wahl, wolkenverhangen ist, improvisieren wir und erkunden stattdessen andere Regionen im Westen."},{"list_item":"Die Dauer dieses Ausflugs betr\u00e4gt etwa 12 Stunden."},{"list_item":"<b>Stornierungsbedingungen:<\/b> Keine R\u00fcckerstattung bei Stornierung weniger als 48 Stunden vor Abfahrt."}],"itinerary_location_image":61130,"tour_itinerary":[{"itinerary_name":"Totale Sonnenfinsternis in Island 2026","tour_day":"","display_itinerary_outside_of_modal":true,"itinerary_above_title_in_modal":"","itinerary_description":"Flexibilit\u00e4t ist entscheidend, um den besten Beobachtungspunkt f\u00fcr eine totale Sonnenfinsternis zu finden. Auf unserer Sonnenfinsternistour versuchen wir, zwei Dinge zu vermeiden: Wolken und Menschenmassen. F\u00fcr Ersteres konsultieren wir die Wolkenprognosen des Isl\u00e4ndischen Wetteramtes sowie aktuelles Feedback vor Ort. Was die Menschenmassen betrifft, kennen unsere erfahrenen lokalen Guides versteckte Geheimtipps und weniger frequentierte Gebiete. Wir tun alles, um Ihnen ein unterhaltsames und zugleich wissenschaftlich bereicherndes Erlebnis zu garantieren.\r\n\r\nWir sorgen daf\u00fcr, dass wir rechtzeitig vor Beginn der Finsternis um 16:47 Uhr an unserem Beobachtungsplatz sind \u2013 idealerweise nat\u00fcrlich an einem wundersch\u00f6nen Ort.","itinerary_gallery":[61120,61115],"itinerary_location_image_map_center":null},{"itinerary_name":"Sn\u00e6fellsnes","tour_day":"","display_itinerary_outside_of_modal":true,"itinerary_above_title_in_modal":"","itinerary_description":"Sn\u00e6fellsnes wird nicht umsonst als \u201eIsland im Miniaturformat\u201c bezeichnet. Die Halbinsel bietet Gletscher, vulkanische Krater, schwarze Sandstr\u00e4nde und vieles mehr. Da sie relativ klein ist, rechnen wir damit, vor Beginn der Finsternis um etwa 16:47 Uhr verschiedene Naturattraktionen besuchen zu k\u00f6nnen \u2013 darunter der ber\u00fchmte Berg Kirkjufell, der vulkanische Schwarze Strand Dj\u00fapal\u00f3nssandur und weitere Highlights.\r\n\r\nNat\u00fcrlich m\u00fcssen wir flexibel bleiben, daher sind bestimmte Stopps nicht garantiert.","itinerary_gallery":[11914,33404],"itinerary_location_image_map_center":null}],"special_offer":"false","promo_code_text":"Limited Seats","promo_code_coupon":"Aug 12 2026","promo_code_percentage":"","gallery":[{"media_item":{"gallery_media":61040,"gallery_youtube_video_id":"","gallery_youtube_cover_image":null},"gallery_image_location":"Composite images of 2024 Total Solar Eclipse over the USA","gallery_image_description":""},{"media_item":{"gallery_media":12785,"gallery_youtube_video_id":"","gallery_youtube_cover_image":null},"gallery_image_location":"Mt. Kirkjufell","gallery_image_description":""},{"media_item":{"gallery_media":12049,"gallery_youtube_video_id":"","gallery_youtube_cover_image":null},"gallery_image_location":"Arnarstapi","gallery_image_description":""},{"media_item":{"gallery_media":null,"gallery_youtube_video_id":"I9Xp2cYJifg","gallery_youtube_cover_image":61045},"gallery_image_location":"Eclipse 2024","gallery_image_description":"Nasa footage of the 2024 Eclipse"},{"media_item":{"gallery_media":12535,"gallery_youtube_video_id":"","gallery_youtube_cover_image":null},"gallery_image_location":"Dj\u00fapal\u00f3nssandur Black Sand Beach","gallery_image_description":""}],"select_tours":[35070,2198],"select_discover_iceland":[19661,41509],"availability_dates":null,"availability_serialized":""},"yoast_head":"<!-- This site is optimized with the Yoast SEO Premium plugin v26.6 (Yoast SEO v26.9) - https:\/\/yoast.com\/product\/yoast-seo-premium-wordpress\/ -->\n<title>Totale Sonnenfinsternis in Island 2026 - BusTravel Iceland<\/title>\n<meta name=\"description\" content=\"Erleben Sie am 12. August 2026 ein himmlisches Highlight mit BusTravel Iceland: eine totale Sonnenfinsternis \u00fcber der magischen Halbinsel Sn\u00e6fellsnes \u2013 zum ersten Mal seit 1954! Unsere exklusive Tagestour kombiniert flexible Routenwahl f\u00fcr die beste Sicht mit Naturhighlights wie Kirkjufell, Dj\u00fapal\u00f3nssandur und Saxh\u00f3ll. Unser Ziel: wolkenfreier Himmel und ein unvergessliches Naturschauspiel...\" \/>\n<meta name=\"robots\" content=\"index, follow, max-snippet:-1, max-image-preview:large, max-video-preview:-1\" \/>\n<link rel=\"canonical\" href=\"https:\/\/bustravel.is\/de\/eintagige-touren\/totale-sonnenfinsternis-in-island-2026\" \/>\n<meta property=\"og:locale\" content=\"de_DE\" \/>\n<meta property=\"og:type\" content=\"article\" \/>\n<meta property=\"og:title\" content=\"Totale Sonnenfinsternis in Island 2026 - BusTravel Iceland\" \/>\n<meta property=\"og:description\" content=\"Erleben Sie am 12. August 2026 ein himmlisches Highlight mit BusTravel Iceland: eine totale Sonnenfinsternis \u00fcber der magischen Halbinsel Sn\u00e6fellsnes \u2013 zum ersten Mal seit 1954! Unsere exklusive Tagestour kombiniert flexible Routenwahl f\u00fcr die beste Sicht mit Naturhighlights wie Kirkjufell, Dj\u00fapal\u00f3nssandur und Saxh\u00f3ll. Unser Ziel: wolkenfreier Himmel und ein unvergessliches Naturschauspiel...\" \/>\n<meta property=\"og:url\" content=\"https:\/\/bustravel.is\/de\/eintagige-touren\/totale-sonnenfinsternis-in-island-2026\" \/>\n<meta property=\"og:site_name\" content=\"BusTravel Iceland\" \/>\n<meta property=\"article:modified_time\" content=\"2025-12-02T21:29:15+00:00\" \/>\n<meta property=\"og:image\" content=\"https:\/\/bustravel.is\/wp-content\/uploads\/2025\/04\/jongsun-lee-F-pSZO_jeE8-unsplash-scaled.jpg\" \/>\n\t<meta property=\"og:image:width\" content=\"2560\" \/>\n\t<meta property=\"og:image:height\" content=\"1706\" \/>\n\t<meta property=\"og:image:type\" content=\"image\/jpeg\" \/>\n<meta name=\"twitter:card\" content=\"summary_large_image\" \/>\n<meta name=\"twitter:label1\" content=\"Gesch\u00e4tzte Lesezeit\" \/>\n\t<meta name=\"twitter:data1\" content=\"1\u00a0Minute\" \/>\n<script type=\"application\/ld+json\" class=\"yoast-schema-graph\">{\"@context\":\"https:\/\/schema.org\",\"@graph\":[{\"@type\":\"WebPage\",\"@id\":\"https:\/\/bustravel.is\/de\/eintagige-touren\/totale-sonnenfinsternis-in-island-2026\",\"url\":\"https:\/\/bustravel.is\/de\/eintagige-touren\/totale-sonnenfinsternis-in-island-2026\",\"name\":\"Totale Sonnenfinsternis in Island 2026 - BusTravel Iceland\",\"isPartOf\":{\"@id\":\"https:\/\/bustravel.is\/de#website\"},\"primaryImageOfPage\":{\"@id\":\"https:\/\/bustravel.is\/de\/eintagige-touren\/totale-sonnenfinsternis-in-island-2026#primaryimage\"},\"image\":{\"@id\":\"https:\/\/bustravel.is\/de\/eintagige-touren\/totale-sonnenfinsternis-in-island-2026#primaryimage\"},\"thumbnailUrl\":\"https:\/\/bustravel.is\/wp-content\/uploads\/2025\/04\/jongsun-lee-F-pSZO_jeE8-unsplash-scaled.jpg\",\"datePublished\":\"2024-09-01T12:15:45+00:00\",\"dateModified\":\"2025-12-02T21:29:15+00:00\",\"description\":\"Erleben Sie am 12. August 2026 ein himmlisches Highlight mit BusTravel Iceland: eine totale Sonnenfinsternis \u00fcber der magischen Halbinsel Sn\u00e6fellsnes \u2013 zum ersten Mal seit 1954! Unsere exklusive Tagestour kombiniert flexible Routenwahl f\u00fcr die beste Sicht mit Naturhighlights wie Kirkjufell, Dj\u00fapal\u00f3nssandur und Saxh\u00f3ll. Unser Ziel: wolkenfreier Himmel und ein unvergessliches Naturschauspiel...\",\"breadcrumb\":{\"@id\":\"https:\/\/bustravel.is\/de\/eintagige-touren\/totale-sonnenfinsternis-in-island-2026#breadcrumb\"},\"inLanguage\":\"de\",\"potentialAction\":[{\"@type\":\"ReadAction\",\"target\":[\"https:\/\/bustravel.is\/de\/eintagige-touren\/totale-sonnenfinsternis-in-island-2026\"]}]},{\"@type\":\"ImageObject\",\"inLanguage\":\"de\",\"@id\":\"https:\/\/bustravel.is\/de\/eintagige-touren\/totale-sonnenfinsternis-in-island-2026#primaryimage\",\"url\":\"https:\/\/bustravel.is\/wp-content\/uploads\/2025\/04\/jongsun-lee-F-pSZO_jeE8-unsplash-scaled.jpg\",\"contentUrl\":\"https:\/\/bustravel.is\/wp-content\/uploads\/2025\/04\/jongsun-lee-F-pSZO_jeE8-unsplash-scaled.jpg\",\"width\":2560,\"height\":1706,\"caption\":\"Solar eclipse 2026\"},{\"@type\":\"BreadcrumbList\",\"@id\":\"https:\/\/bustravel.is\/de\/eintagige-touren\/totale-sonnenfinsternis-in-island-2026#breadcrumb\",\"itemListElement\":[{\"@type\":\"ListItem\",\"position\":1,\"name\":\"Shop\",\"item\":\"https:\/\/bustravel.is\/de\/shop\"},{\"@type\":\"ListItem\",\"position\":2,\"name\":\"Totale Sonnenfinsternis in Island 2026\"}]},{\"@type\":\"WebSite\",\"@id\":\"https:\/\/bustravel.is\/de#website\",\"url\":\"https:\/\/bustravel.is\/de\",\"name\":\"BusTravel Iceland\",\"description\":\"#1 for Guided Tours in Iceland\",\"potentialAction\":[{\"@type\":\"SearchAction\",\"target\":{\"@type\":\"EntryPoint\",\"urlTemplate\":\"https:\/\/bustravel.is\/de?s={search_term_string}\"},\"query-input\":{\"@type\":\"PropertyValueSpecification\",\"valueRequired\":true,\"valueName\":\"search_term_string\"}}],\"inLanguage\":\"de\"}]}<\/script>\n<!-- \/ Yoast SEO Premium plugin. -->","yoast_head_json":{"title":"Totale Sonnenfinsternis in Island 2026 - BusTravel Iceland","description":"Erleben Sie am 12. August 2026 ein himmlisches Highlight mit BusTravel Iceland: eine totale Sonnenfinsternis \u00fcber der magischen Halbinsel Sn\u00e6fellsnes \u2013 zum ersten Mal seit 1954! Unsere exklusive Tagestour kombiniert flexible Routenwahl f\u00fcr die beste Sicht mit Naturhighlights wie Kirkjufell, Dj\u00fapal\u00f3nssandur und Saxh\u00f3ll. Unser Ziel: wolkenfreier Himmel und ein unvergessliches Naturschauspiel...","robots":{"index":"index","follow":"follow","max-snippet":"max-snippet:-1","max-image-preview":"max-image-preview:large","max-video-preview":"max-video-preview:-1"},"canonical":"https:\/\/bustravel.is\/de\/eintagige-touren\/totale-sonnenfinsternis-in-island-2026","og_locale":"de_DE","og_type":"article","og_title":"Totale Sonnenfinsternis in Island 2026 - BusTravel Iceland","og_description":"Erleben Sie am 12. August 2026 ein himmlisches Highlight mit BusTravel Iceland: eine totale Sonnenfinsternis \u00fcber der magischen Halbinsel Sn\u00e6fellsnes \u2013 zum ersten Mal seit 1954! Unsere exklusive Tagestour kombiniert flexible Routenwahl f\u00fcr die beste Sicht mit Naturhighlights wie Kirkjufell, Dj\u00fapal\u00f3nssandur und Saxh\u00f3ll. Unser Ziel: wolkenfreier Himmel und ein unvergessliches Naturschauspiel...","og_url":"https:\/\/bustravel.is\/de\/eintagige-touren\/totale-sonnenfinsternis-in-island-2026","og_site_name":"BusTravel Iceland","article_modified_time":"2025-12-02T21:29:15+00:00","og_image":[{"width":2560,"height":1706,"url":"https:\/\/bustravel.is\/wp-content\/uploads\/2025\/04\/jongsun-lee-F-pSZO_jeE8-unsplash-scaled.jpg","type":"image\/jpeg"}],"twitter_card":"summary_large_image","twitter_misc":{"Gesch\u00e4tzte Lesezeit":"1\u00a0Minute"},"schema":{"@context":"https:\/\/schema.org","@graph":[{"@type":"WebPage","@id":"https:\/\/bustravel.is\/de\/eintagige-touren\/totale-sonnenfinsternis-in-island-2026","url":"https:\/\/bustravel.is\/de\/eintagige-touren\/totale-sonnenfinsternis-in-island-2026","name":"Totale Sonnenfinsternis in Island 2026 - BusTravel Iceland","isPartOf":{"@id":"https:\/\/bustravel.is\/de#website"},"primaryImageOfPage":{"@id":"https:\/\/bustravel.is\/de\/eintagige-touren\/totale-sonnenfinsternis-in-island-2026#primaryimage"},"image":{"@id":"https:\/\/bustravel.is\/de\/eintagige-touren\/totale-sonnenfinsternis-in-island-2026#primaryimage"},"thumbnailUrl":"https:\/\/bustravel.is\/wp-content\/uploads\/2025\/04\/jongsun-lee-F-pSZO_jeE8-unsplash-scaled.jpg","datePublished":"2024-09-01T12:15:45+00:00","dateModified":"2025-12-02T21:29:15+00:00","description":"Erleben Sie am 12. August 2026 ein himmlisches Highlight mit BusTravel Iceland: eine totale Sonnenfinsternis \u00fcber der magischen Halbinsel Sn\u00e6fellsnes \u2013 zum ersten Mal seit 1954! Unsere exklusive Tagestour kombiniert flexible Routenwahl f\u00fcr die beste Sicht mit Naturhighlights wie Kirkjufell, Dj\u00fapal\u00f3nssandur und Saxh\u00f3ll. Unser Ziel: wolkenfreier Himmel und ein unvergessliches Naturschauspiel...","breadcrumb":{"@id":"https:\/\/bustravel.is\/de\/eintagige-touren\/totale-sonnenfinsternis-in-island-2026#breadcrumb"},"inLanguage":"de","potentialAction":[{"@type":"ReadAction","target":["https:\/\/bustravel.is\/de\/eintagige-touren\/totale-sonnenfinsternis-in-island-2026"]}]},{"@type":"ImageObject","inLanguage":"de","@id":"https:\/\/bustravel.is\/de\/eintagige-touren\/totale-sonnenfinsternis-in-island-2026#primaryimage","url":"https:\/\/bustravel.is\/wp-content\/uploads\/2025\/04\/jongsun-lee-F-pSZO_jeE8-unsplash-scaled.jpg","contentUrl":"https:\/\/bustravel.is\/wp-content\/uploads\/2025\/04\/jongsun-lee-F-pSZO_jeE8-unsplash-scaled.jpg","width":2560,"height":1706,"caption":"Solar eclipse 2026"},{"@type":"BreadcrumbList","@id":"https:\/\/bustravel.is\/de\/eintagige-touren\/totale-sonnenfinsternis-in-island-2026#breadcrumb","itemListElement":[{"@type":"ListItem","position":1,"name":"Shop","item":"https:\/\/bustravel.is\/de\/shop"},{"@type":"ListItem","position":2,"name":"Totale Sonnenfinsternis in Island 2026"}]},{"@type":"WebSite","@id":"https:\/\/bustravel.is\/de#website","url":"https:\/\/bustravel.is\/de","name":"BusTravel Iceland","description":"#1 for Guided Tours in Iceland","potentialAction":[{"@type":"SearchAction","target":{"@type":"EntryPoint","urlTemplate":"https:\/\/bustravel.is\/de?s={search_term_string}"},"query-input":{"@type":"PropertyValueSpecification","valueRequired":true,"valueName":"search_term_string"}}],"inLanguage":"de"}]}},"_links":{"self":[{"href":"https:\/\/bustravel.is\/de\/wp-json\/wp\/v2\/product\/63399","targetHints":{"allow":["GET"]}}],"collection":[{"href":"https:\/\/bustravel.is\/de\/wp-json\/wp\/v2\/product"}],"about":[{"href":"https:\/\/bustravel.is\/de\/wp-json\/wp\/v2\/types\/product"}],"replies":[{"embeddable":true,"href":"https:\/\/bustravel.is\/de\/wp-json\/wp\/v2\/comments?post=63399"}],"acf:post":[{"embeddable":true,"href":"https:\/\/bustravel.is\/de\/wp-json\/wp\/v2\/posts\/41509"},{"embeddable":true,"href":"https:\/\/bustravel.is\/de\/wp-json\/wp\/v2\/posts\/19661"},{"embeddable":true,"href":"https:\/\/bustravel.is\/de\/wp-json\/wp\/v2\/product\/2198"},{"embeddable":true,"href":"https:\/\/bustravel.is\/de\/wp-json\/wp\/v2\/product\/35070"}],"wp:featuredmedia":[{"embeddable":true,"href":"https:\/\/bustravel.is\/de\/wp-json\/wp\/v2\/media\/60866"}],"wp:attachment":[{"href":"https:\/\/bustravel.is\/de\/wp-json\/wp\/v2\/media?parent=63399"}],"wp:term":[{"taxonomy":"product_brand","embeddable":true,"href":"https:\/\/bustravel.is\/de\/wp-json\/wp\/v2\/product_brand?post=63399"},{"taxonomy":"product_cat","embeddable":true,"href":"https:\/\/bustravel.is\/de\/wp-json\/wp\/v2\/product_cat?post=63399"},{"taxonomy":"product_tag","embeddable":true,"href":"https:\/\/bustravel.is\/de\/wp-json\/wp\/v2\/product_tag?post=63399"}],"curies":[{"name":"wp","href":"https:\/\/api.w.org\/{rel}","templated":true}]}}