{"id":61548,"date":"2024-09-30T11:55:49","date_gmt":"2024-09-30T11:55:49","guid":{"rendered":"https:\/\/bustravel.is\/?post_type=product&#038;p=61548"},"modified":"2026-02-04T12:47:55","modified_gmt":"2026-02-04T12:47:55","slug":"erkunden-sie-dettifoss-asbyrgi-und-myvatn-von-husavik-aus","status":"publish","type":"product","link":"https:\/\/bustravel.is\/de\/eintagige-touren\/erkunden-sie-dettifoss-asbyrgi-und-myvatn-von-husavik-aus","title":{"rendered":"Erkunden Sie Dettifoss, \u00c1sbyrgi und M\u00fdvatn von H\u00fasav\u00edk aus"},"content":{"rendered":"","protected":false},"excerpt":{"rendered":"","protected":false},"featured_media":46178,"comment_status":"closed","ping_status":"closed","template":"","meta":{"_acf_changed":false},"product_brand":[],"product_cat":[215],"product_tag":[],"class_list":{"0":"post-61548","1":"product","2":"type-product","3":"status-publish","4":"has-post-thumbnail","6":"activity-shore-excursions-de-2","7":"activity-sightseeing-de","8":"attraction-dettifoss-waterfall-de","9":"attraction-hot-springs-de","10":"attraction-waterfalls-de","11":"product_cat-eintagige-touren","13":"first","14":"instock","15":"shipping-taxable","16":"purchasable","17":"product-type-simple"},"acf":{"tour_bokun_id":"","multi_bokun_id_widget_label":"W\u00e4hlen Sie Ihre Stornierungsoption","multi_day_tour_bokun_ids":[{"bokun_id":"857682","dropdown_label":"Free 24h Cancellation"},{"bokun_id":"1027641","dropdown_label":"Free 1h Cancellation"}],"badges":["new"],"intro":"Der perfekte Landausflug f\u00fcr Kreuzfahrtpassagiere, die in H\u00fasav\u00edk anlegen.","text":"","short_text":"Erleben Sie die tosenden Wassermassen des Dettifoss, riechen Sie den Schwefel der geothermischen hei\u00dfen Quellen und vieles mehr auf unserer Diamond Circle Tour ab H\u00fasav\u00edk.","modal_info_title":"","modal_info_text":"","reviews_rating":"","notice_text":"","tour_duration_in_days":"one-day","agency_notice":"","product_description":"Dieser wunderbare Ausflug ab H\u00fasav\u00edk f\u00fchrt Sie zu den Highlights Nordislands und ist die perfekte Wahl f\u00fcr Kreuzfahrtpassagiere, die im kleinen Hafenst\u00e4dtchen H\u00fasav\u00edk anlegen. Unsere Reiseleiter empfangen Sie direkt am Hafen, und gemeinsam brechen wir zu einem spannenden Abenteuer auf, das Sie zu einigen der spektakul\u00e4rsten Naturwunder der Region f\u00fchrt.\r\n\r\nWir besuchen den Dettifoss, der als der m\u00e4chtigste Wasserfall Europas gilt. Man h\u00f6rt das Tosen der Wassermassen schon, bevor man den Wasserfall \u00fcberhaupt sieht \u2013 so gewaltig ist die Kraft des Wassers, das 44 Meter in die darunterliegende Schlucht st\u00fcrzt. Kein Islandbesuch ist komplett ohne den Anblick eines geothermisch aktiven Gebiets \u2013 im Gebiet von N\u00e1maskar\u00f0 erwarten Sie dampfende Schlammt\u00f6pfe, kochende Quellen und andere eindrucksvolle Erscheinungen. Au\u00dferdem besuchen wir \u00c1sbyrgi, eine au\u00dfergew\u00f6hnliche hufeisenf\u00f6rmige Schlucht, die vor rund 10.000 Jahren durch eine Gletscherflut entstanden ist. Bewundern Sie die steilen Felsw\u00e4nde, die ruhige Waldpfade umgeben.\r\n\r\nAlles in allem ist unsere Diamond Circle Express Tour eine hervorragende M\u00f6glichkeit, den Norden Islands zu erkunden \u2013 auch wenn Sie nur wenige Stunden Zeit haben.","product_description_long":"BusTravel Iceland bietet au\u00dferdem eine erweiterte Version dieser Tour ab Akureyri sowie verschiedene andere Landausfl\u00fcge in ganz Island an.","starting_point":"Husavik","accommodation":"false","difficulty":"Easy","difficulty_note":"","live_tour_guide":"notset","group_size":"notset","minimum_age":"","availability_start":null,"availability_end":null,"price_notice":"","accommodation_text":"","accommodation_gallery":null,"accommodation_list_1":[{"list_item":"Professionelle Reiseleiter","included_or_excluded":true},{"list_item":"Abholung von und R\u00fcckkehr zum Kreuzfahrthafen H\u00fasav\u00edk","included_or_excluded":true},{"list_item":"WLAN","included_or_excluded":true},{"list_item":"Lunchpaket","included_or_excluded":true}],"accommodation_list_2":[{"list_item":"Robuste Schuhe und eine windfeste Regenjacke werden empfohlen"},{"list_item":"Kleinigkeiten zu essen und Wasser"}],"accommodation_list_3":[{"list_item":"<b>Hinweis: <\/b>Die L\u00e4nge des Ausflugs ist ca. 6,5 Stunden. Die Startzeiten der Landausfl\u00fcge sind auf die Anlegezeiten der Schiffe im Hafen am jeweiligen Tag abgestimmt."},{"list_item":"<b>Stornierungsbedingungen:<\/b> Keine R\u00fcckerstattung bei Stornierung weniger als 24 Stunden vor Abfahrt."}],"itinerary_location_image":46370,"tour_itinerary":[{"itinerary_name":"H\u00fasav\u00edk","tour_day":"","display_itinerary_outside_of_modal":false,"itinerary_above_title_in_modal":"","itinerary_description":"H\u00fasav\u00edk entwickelt sich zu einem beliebten neuen Zwischenstopp f\u00fcr Kreuzfahrtschiffe in Island. Dieses charmante Fischerdorf ist der Ausgangspunkt f\u00fcr unsere Tour.","itinerary_gallery":[1828],"itinerary_location_image_map_center":"42.7111%,29.8546%"},{"itinerary_name":"Die Klippen von Tj\u00f6rnes","tour_day":"","display_itinerary_outside_of_modal":true,"itinerary_above_title_in_modal":"","itinerary_description":"Hringsbjarg, eine imposante Klippe mit einer H\u00f6he von 60 Metern, liegt am Rand der Halbinsel Tj\u00f6rnes, n\u00f6rdlich von H\u00fasav\u00edk. Auf der Spitze der Klippe befindet sich die Aussichtsplattform Tj\u00f6rnes, die atemberaubende Panoramablicke auf das Meer und den Fjord \u00d6xarfj\u00f6r\u00f0ur bietet. Mit etwas Gl\u00fcck ersp\u00e4hen Sie hier nistende Papageitaucher \u2013 unsere beliebten Sommerg\u00e4ste.","itinerary_gallery":[1850,46365],"itinerary_location_image_map_center":"45.3519%,19.2755%"},{"itinerary_name":"\u00c1sbyrgi","tour_day":"","display_itinerary_outside_of_modal":true,"itinerary_above_title_in_modal":"","itinerary_description":"\u00c1sbyrgi ist ein wahrer Geheimtipp \u2013 vielleicht deshalb, weil sich seine einzigartige Sch\u00f6nheit nur schwer auf Fotos festhalten l\u00e4sst. Steile Canyonw\u00e4nde umschlie\u00dfen einen kleinen Wald und eine Lagune, in der zahlreiche Vogelarten heimisch sind.\r\n\r\nEiner Legende nach entstand die hufeisenf\u00f6rmige Schlucht, als Sleipnir, das achtbeinige Pferd des nordischen G\u00f6ttervaters Odin, an dieser Stelle mit einem Huf auf die Erde trat.","itinerary_gallery":[46198,46193],"itinerary_location_image_map_center":"60.7298%,35.6414%"},{"itinerary_name":"Dettifoss","tour_day":"","display_itinerary_outside_of_modal":true,"itinerary_above_title_in_modal":"","itinerary_description":"Dettifoss, geh\u00f6rt zum Nationalpark Vatnaj\u00f6kull und ist der leistungsst\u00e4rkste Wasserfall Europas \u2013 durchschnittlich st\u00fcrzen unglaubliche 193 Kubikmeter Wasser pro Sekunde \u00fcber seine Kante. Dettifoss besitzt eine urgewaltige Pr\u00e4senz, die einen dem\u00fctig und klein erscheinen l\u00e4sst angesichts seiner gewaltigen Dimensionen: Der Wasserfall ist 44 Meter hoch und 100 Meter breit!","itinerary_gallery":[1812,46173],"itinerary_location_image_map_center":"63.2493%,58.1901%"},{"itinerary_name":"N\u00e1maskar\u00f0 \/ Hverir","tour_day":"","display_itinerary_outside_of_modal":true,"itinerary_above_title_in_modal":"","itinerary_description":"Unser n\u00e4chster Halt ist das geothermisch aktive Gebiet N\u00e1maskar\u00f0 mit seinen blubbernden Schlammquellen und dampfenden hei\u00dfen Quellen. Schwefeldunst liegt in der Luft und verleiht der Umgebung eine geradezu au\u00dferweltliche Atmosph\u00e4re. Mineralablagerungen aus dem geothermalen Wasser haben die Felsen hier verf\u00e4rbt und tragen zus\u00e4tzlich zum bizarren Landschaftsbild bei.\r\n\r\nGeothermische Kr\u00e4fte haben eine entscheidende Rolle bei der Entstehung der isl\u00e4ndischen Landschaften gespielt.","itinerary_gallery":[46218,46213],"itinerary_location_image_map_center":"53.6056%,76.7382%"},{"itinerary_name":"H\u00fasav\u00edk","tour_day":"","display_itinerary_outside_of_modal":false,"itinerary_above_title_in_modal":"","itinerary_description":"Wenn unsere gemeinsame Zeit zu Ende geht, bringen wir Sie rechtzeitig zur\u00fcck zum Hafen von H\u00fasav\u00edk, bevor Ihr Schiff ablegt.","itinerary_gallery":[1828],"itinerary_location_image_map_center":"42.4848%,32.3682%"}],"special_offer":"true","promo_code_text":"Promo code","promo_code_coupon":"EB10","promo_code_percentage":10,"gallery":[{"media_item":{"gallery_media":1807,"gallery_youtube_video_id":"","gallery_youtube_cover_image":null},"gallery_image_location":"Dettifoss Waterfall","gallery_image_description":""},{"media_item":{"gallery_media":1762,"gallery_youtube_video_id":"","gallery_youtube_cover_image":null},"gallery_image_location":"Go\u00f0afoss Waterfall","gallery_image_description":""},{"media_item":{"gallery_media":1772,"gallery_youtube_video_id":"","gallery_youtube_cover_image":null},"gallery_image_location":"\u00c1sbyrgi ","gallery_image_description":""},{"media_item":{"gallery_media":1693,"gallery_youtube_video_id":"","gallery_youtube_cover_image":null},"gallery_image_location":"N\u00e1maskar\u00f0 geothermal area","gallery_image_description":""},{"media_item":{"gallery_media":46193,"gallery_youtube_video_id":"","gallery_youtube_cover_image":null},"gallery_image_location":"\u00c1sbyrgi","gallery_image_description":""},{"media_item":{"gallery_media":46203,"gallery_youtube_video_id":"","gallery_youtube_cover_image":null},"gallery_image_location":"N\u00e1maskar\u00f0 ","gallery_image_description":""},{"media_item":{"gallery_media":1812,"gallery_youtube_video_id":"","gallery_youtube_cover_image":null},"gallery_image_location":"Dettifoss Waterfall","gallery_image_description":""},{"media_item":{"gallery_media":35145,"gallery_youtube_video_id":"","gallery_youtube_cover_image":null},"gallery_image_location":"Go\u00f0afoss Waterfall","gallery_image_description":""},{"media_item":{"gallery_media":30630,"gallery_youtube_video_id":"","gallery_youtube_cover_image":null},"gallery_image_location":"H\u00fasav\u00edk is the starting point of the tour","gallery_image_description":""}],"select_tours":[1615,1644],"select_discover_iceland":[20547,30713],"availability_dates":[{"availability":"2026-07-27"},{"availability":"2026-08-11"},{"availability":"2026-08-25"}],"availability_serialized":""},"yoast_head":"<!-- This site is optimized with the Yoast SEO Premium plugin v27.5 (Yoast SEO v27.5) - https:\/\/yoast.com\/product\/yoast-seo-premium-wordpress\/ -->\n<title>Erkunden Sie Dettifoss, \u00c1sbyrgi und M\u00fdvatn von H\u00fasav\u00edk aus - BusTravel Iceland<\/title>\n<meta name=\"description\" content=\"Dieser wunderbare Ausflug ab H\u00fasav\u00edk f\u00fchrt Sie zu den Highlights Nordislands und ist die perfekte Wahl f\u00fcr Kreuzfahrtpassagiere, die im kleinen Hafenst\u00e4dtchen H\u00fasav\u00edk anlegen...\" \/>\n<meta name=\"robots\" content=\"index, follow, max-snippet:-1, max-image-preview:large, max-video-preview:-1\" \/>\n<link rel=\"canonical\" href=\"https:\/\/bustravel.is\/de\/eintagige-touren\/erkunden-sie-dettifoss-asbyrgi-und-myvatn-von-husavik-aus\" \/>\n<meta property=\"og:locale\" content=\"de_DE\" \/>\n<meta property=\"og:type\" content=\"article\" \/>\n<meta property=\"og:title\" content=\"Erkunden Sie Dettifoss, \u00c1sbyrgi und M\u00fdvatn von H\u00fasav\u00edk aus - BusTravel Iceland\" \/>\n<meta property=\"og:description\" content=\"Dieser wunderbare Ausflug ab H\u00fasav\u00edk f\u00fchrt Sie zu den Highlights Nordislands und ist die perfekte Wahl f\u00fcr Kreuzfahrtpassagiere, die im kleinen Hafenst\u00e4dtchen H\u00fasav\u00edk anlegen...\" \/>\n<meta property=\"og:url\" content=\"https:\/\/bustravel.is\/de\/eintagige-touren\/erkunden-sie-dettifoss-asbyrgi-und-myvatn-von-husavik-aus\" \/>\n<meta property=\"og:site_name\" content=\"BusTravel Iceland\" \/>\n<meta property=\"article:modified_time\" content=\"2026-02-04T12:47:55+00:00\" \/>\n<meta property=\"og:image\" content=\"https:\/\/bustravel.is\/wp-content\/uploads\/2024\/04\/AdobeStock_235919656.jpg\" \/>\n\t<meta property=\"og:image:width\" content=\"1200\" \/>\n\t<meta property=\"og:image:height\" content=\"801\" \/>\n\t<meta property=\"og:image:type\" content=\"image\/jpeg\" \/>\n<meta name=\"twitter:card\" content=\"summary_large_image\" \/>\n<meta name=\"twitter:label1\" content=\"Gesch\u00e4tzte Lesezeit\" \/>\n\t<meta name=\"twitter:data1\" content=\"1\u00a0Minute\" \/>\n<script type=\"application\/ld+json\" class=\"yoast-schema-graph\">{\"@context\":\"https:\\\/\\\/schema.org\",\"@graph\":[{\"@type\":\"WebPage\",\"@id\":\"https:\\\/\\\/bustravel.is\\\/de\\\/eintagige-touren\\\/erkunden-sie-dettifoss-asbyrgi-und-myvatn-von-husavik-aus\",\"url\":\"https:\\\/\\\/bustravel.is\\\/de\\\/eintagige-touren\\\/erkunden-sie-dettifoss-asbyrgi-und-myvatn-von-husavik-aus\",\"name\":\"Erkunden Sie Dettifoss, \u00c1sbyrgi und M\u00fdvatn von H\u00fasav\u00edk aus - BusTravel Iceland\",\"isPartOf\":{\"@id\":\"https:\\\/\\\/bustravel.is\\\/de#website\"},\"primaryImageOfPage\":{\"@id\":\"https:\\\/\\\/bustravel.is\\\/de\\\/eintagige-touren\\\/erkunden-sie-dettifoss-asbyrgi-und-myvatn-von-husavik-aus#primaryimage\"},\"image\":{\"@id\":\"https:\\\/\\\/bustravel.is\\\/de\\\/eintagige-touren\\\/erkunden-sie-dettifoss-asbyrgi-und-myvatn-von-husavik-aus#primaryimage\"},\"thumbnailUrl\":\"https:\\\/\\\/bustravel.is\\\/wp-content\\\/uploads\\\/2024\\\/04\\\/AdobeStock_235919656.jpg\",\"datePublished\":\"2024-09-30T11:55:49+00:00\",\"dateModified\":\"2026-02-04T12:47:55+00:00\",\"description\":\"Dieser wunderbare Ausflug ab H\u00fasav\u00edk f\u00fchrt Sie zu den Highlights Nordislands und ist die perfekte Wahl f\u00fcr Kreuzfahrtpassagiere, die im kleinen Hafenst\u00e4dtchen H\u00fasav\u00edk anlegen...\",\"breadcrumb\":{\"@id\":\"https:\\\/\\\/bustravel.is\\\/de\\\/eintagige-touren\\\/erkunden-sie-dettifoss-asbyrgi-und-myvatn-von-husavik-aus#breadcrumb\"},\"inLanguage\":\"de\",\"potentialAction\":[{\"@type\":\"ReadAction\",\"target\":[\"https:\\\/\\\/bustravel.is\\\/de\\\/eintagige-touren\\\/erkunden-sie-dettifoss-asbyrgi-und-myvatn-von-husavik-aus\"]}]},{\"@type\":\"ImageObject\",\"inLanguage\":\"de\",\"@id\":\"https:\\\/\\\/bustravel.is\\\/de\\\/eintagige-touren\\\/erkunden-sie-dettifoss-asbyrgi-und-myvatn-von-husavik-aus#primaryimage\",\"url\":\"https:\\\/\\\/bustravel.is\\\/wp-content\\\/uploads\\\/2024\\\/04\\\/AdobeStock_235919656.jpg\",\"contentUrl\":\"https:\\\/\\\/bustravel.is\\\/wp-content\\\/uploads\\\/2024\\\/04\\\/AdobeStock_235919656.jpg\",\"width\":1200,\"height\":801,\"caption\":\"Famous Iceland giant Dettifoss waterfall and woman dressed in red for proportionality.\"},{\"@type\":\"BreadcrumbList\",\"@id\":\"https:\\\/\\\/bustravel.is\\\/de\\\/eintagige-touren\\\/erkunden-sie-dettifoss-asbyrgi-und-myvatn-von-husavik-aus#breadcrumb\",\"itemListElement\":[{\"@type\":\"ListItem\",\"position\":1,\"name\":\"Shop\",\"item\":\"https:\\\/\\\/bustravel.is\\\/de\\\/shop\"},{\"@type\":\"ListItem\",\"position\":2,\"name\":\"Erkunden Sie Dettifoss, \u00c1sbyrgi und M\u00fdvatn von H\u00fasav\u00edk aus\"}]},{\"@type\":\"WebSite\",\"@id\":\"https:\\\/\\\/bustravel.is\\\/de#website\",\"url\":\"https:\\\/\\\/bustravel.is\\\/de\",\"name\":\"BusTravel Iceland\",\"description\":\"#1 for Guided Tours in Iceland\",\"potentialAction\":[{\"@type\":\"SearchAction\",\"target\":{\"@type\":\"EntryPoint\",\"urlTemplate\":\"https:\\\/\\\/bustravel.is\\\/de?s={search_term_string}\"},\"query-input\":{\"@type\":\"PropertyValueSpecification\",\"valueRequired\":true,\"valueName\":\"search_term_string\"}}],\"inLanguage\":\"de\"}]}<\/script>\n<!-- \/ Yoast SEO Premium plugin. -->","yoast_head_json":{"title":"Erkunden Sie Dettifoss, \u00c1sbyrgi und M\u00fdvatn von H\u00fasav\u00edk aus - BusTravel Iceland","description":"Dieser wunderbare Ausflug ab H\u00fasav\u00edk f\u00fchrt Sie zu den Highlights Nordislands und ist die perfekte Wahl f\u00fcr Kreuzfahrtpassagiere, die im kleinen Hafenst\u00e4dtchen H\u00fasav\u00edk anlegen...","robots":{"index":"index","follow":"follow","max-snippet":"max-snippet:-1","max-image-preview":"max-image-preview:large","max-video-preview":"max-video-preview:-1"},"canonical":"https:\/\/bustravel.is\/de\/eintagige-touren\/erkunden-sie-dettifoss-asbyrgi-und-myvatn-von-husavik-aus","og_locale":"de_DE","og_type":"article","og_title":"Erkunden Sie Dettifoss, \u00c1sbyrgi und M\u00fdvatn von H\u00fasav\u00edk aus - BusTravel Iceland","og_description":"Dieser wunderbare Ausflug ab H\u00fasav\u00edk f\u00fchrt Sie zu den Highlights Nordislands und ist die perfekte Wahl f\u00fcr Kreuzfahrtpassagiere, die im kleinen Hafenst\u00e4dtchen H\u00fasav\u00edk anlegen...","og_url":"https:\/\/bustravel.is\/de\/eintagige-touren\/erkunden-sie-dettifoss-asbyrgi-und-myvatn-von-husavik-aus","og_site_name":"BusTravel Iceland","article_modified_time":"2026-02-04T12:47:55+00:00","og_image":[{"width":1200,"height":801,"url":"https:\/\/bustravel.is\/wp-content\/uploads\/2024\/04\/AdobeStock_235919656.jpg","type":"image\/jpeg"}],"twitter_card":"summary_large_image","twitter_misc":{"Gesch\u00e4tzte Lesezeit":"1\u00a0Minute"},"schema":{"@context":"https:\/\/schema.org","@graph":[{"@type":"WebPage","@id":"https:\/\/bustravel.is\/de\/eintagige-touren\/erkunden-sie-dettifoss-asbyrgi-und-myvatn-von-husavik-aus","url":"https:\/\/bustravel.is\/de\/eintagige-touren\/erkunden-sie-dettifoss-asbyrgi-und-myvatn-von-husavik-aus","name":"Erkunden Sie Dettifoss, \u00c1sbyrgi und M\u00fdvatn von H\u00fasav\u00edk aus - BusTravel Iceland","isPartOf":{"@id":"https:\/\/bustravel.is\/de#website"},"primaryImageOfPage":{"@id":"https:\/\/bustravel.is\/de\/eintagige-touren\/erkunden-sie-dettifoss-asbyrgi-und-myvatn-von-husavik-aus#primaryimage"},"image":{"@id":"https:\/\/bustravel.is\/de\/eintagige-touren\/erkunden-sie-dettifoss-asbyrgi-und-myvatn-von-husavik-aus#primaryimage"},"thumbnailUrl":"https:\/\/bustravel.is\/wp-content\/uploads\/2024\/04\/AdobeStock_235919656.jpg","datePublished":"2024-09-30T11:55:49+00:00","dateModified":"2026-02-04T12:47:55+00:00","description":"Dieser wunderbare Ausflug ab H\u00fasav\u00edk f\u00fchrt Sie zu den Highlights Nordislands und ist die perfekte Wahl f\u00fcr Kreuzfahrtpassagiere, die im kleinen Hafenst\u00e4dtchen H\u00fasav\u00edk anlegen...","breadcrumb":{"@id":"https:\/\/bustravel.is\/de\/eintagige-touren\/erkunden-sie-dettifoss-asbyrgi-und-myvatn-von-husavik-aus#breadcrumb"},"inLanguage":"de","potentialAction":[{"@type":"ReadAction","target":["https:\/\/bustravel.is\/de\/eintagige-touren\/erkunden-sie-dettifoss-asbyrgi-und-myvatn-von-husavik-aus"]}]},{"@type":"ImageObject","inLanguage":"de","@id":"https:\/\/bustravel.is\/de\/eintagige-touren\/erkunden-sie-dettifoss-asbyrgi-und-myvatn-von-husavik-aus#primaryimage","url":"https:\/\/bustravel.is\/wp-content\/uploads\/2024\/04\/AdobeStock_235919656.jpg","contentUrl":"https:\/\/bustravel.is\/wp-content\/uploads\/2024\/04\/AdobeStock_235919656.jpg","width":1200,"height":801,"caption":"Famous Iceland giant Dettifoss waterfall and woman dressed in red for proportionality."},{"@type":"BreadcrumbList","@id":"https:\/\/bustravel.is\/de\/eintagige-touren\/erkunden-sie-dettifoss-asbyrgi-und-myvatn-von-husavik-aus#breadcrumb","itemListElement":[{"@type":"ListItem","position":1,"name":"Shop","item":"https:\/\/bustravel.is\/de\/shop"},{"@type":"ListItem","position":2,"name":"Erkunden Sie Dettifoss, \u00c1sbyrgi und M\u00fdvatn von H\u00fasav\u00edk aus"}]},{"@type":"WebSite","@id":"https:\/\/bustravel.is\/de#website","url":"https:\/\/bustravel.is\/de","name":"BusTravel Iceland","description":"#1 for Guided Tours in Iceland","potentialAction":[{"@type":"SearchAction","target":{"@type":"EntryPoint","urlTemplate":"https:\/\/bustravel.is\/de?s={search_term_string}"},"query-input":{"@type":"PropertyValueSpecification","valueRequired":true,"valueName":"search_term_string"}}],"inLanguage":"de"}]}},"_links":{"self":[{"href":"https:\/\/bustravel.is\/de\/wp-json\/wp\/v2\/product\/61548","targetHints":{"allow":["GET"]}}],"collection":[{"href":"https:\/\/bustravel.is\/de\/wp-json\/wp\/v2\/product"}],"about":[{"href":"https:\/\/bustravel.is\/de\/wp-json\/wp\/v2\/types\/product"}],"replies":[{"embeddable":true,"href":"https:\/\/bustravel.is\/de\/wp-json\/wp\/v2\/comments?post=61548"}],"acf:post":[{"embeddable":true,"href":"https:\/\/bustravel.is\/de\/wp-json\/wp\/v2\/posts\/30713"},{"embeddable":true,"href":"https:\/\/bustravel.is\/de\/wp-json\/wp\/v2\/posts\/20547"},{"embeddable":true,"href":"https:\/\/bustravel.is\/de\/wp-json\/wp\/v2\/product\/1644"},{"embeddable":true,"href":"https:\/\/bustravel.is\/de\/wp-json\/wp\/v2\/product\/1615"}],"wp:featuredmedia":[{"embeddable":true,"href":"https:\/\/bustravel.is\/de\/wp-json\/wp\/v2\/media\/46178"}],"wp:attachment":[{"href":"https:\/\/bustravel.is\/de\/wp-json\/wp\/v2\/media?parent=61548"}],"wp:term":[{"taxonomy":"product_brand","embeddable":true,"href":"https:\/\/bustravel.is\/de\/wp-json\/wp\/v2\/product_brand?post=61548"},{"taxonomy":"product_cat","embeddable":true,"href":"https:\/\/bustravel.is\/de\/wp-json\/wp\/v2\/product_cat?post=61548"},{"taxonomy":"product_tag","embeddable":true,"href":"https:\/\/bustravel.is\/de\/wp-json\/wp\/v2\/product_tag?post=61548"}],"curies":[{"name":"wp","href":"https:\/\/api.w.org\/{rel}","templated":true}]}}