{"id":61036,"date":"2024-09-30T14:12:48","date_gmt":"2024-09-30T14:12:48","guid":{"rendered":"https:\/\/bustravel.is\/?post_type=product&#038;p=61036"},"modified":"2026-02-04T12:47:43","modified_gmt":"2026-02-04T12:47:43","slug":"fuer-kreuzfahrten-godafoss-und-das-laufas-torfhaus-ab-akureyri","status":"publish","type":"product","link":"https:\/\/bustravel.is\/de\/eintagige-touren\/fuer-kreuzfahrten-godafoss-und-das-laufas-torfhaus-ab-akureyri","title":{"rendered":"F\u00fcr Kreuzfahrten: Go\u00f0afoss und das Lauf\u00e1s Torfhaus ab Akureyri"},"content":{"rendered":"","protected":false},"excerpt":{"rendered":"","protected":false},"featured_media":46310,"comment_status":"closed","ping_status":"closed","template":"","meta":{"_acf_changed":false},"product_brand":[],"product_cat":[215],"product_tag":[],"class_list":{"0":"post-61036","1":"product","2":"type-product","3":"status-publish","4":"has-post-thumbnail","6":"activity-museum-de","7":"activity-shore-excursions-de-2","8":"activity-sightseeing-de","9":"attraction-waterfalls-de","10":"product_cat-eintagige-touren","12":"first","13":"instock","14":"shipping-taxable","15":"purchasable","16":"product-type-simple"},"acf":{"tour_bokun_id":"","multi_bokun_id_widget_label":"W\u00e4hlen Sie Ihre Stornierungsoption","multi_day_tour_bokun_ids":[{"bokun_id":"859595","dropdown_label":"Free 24h Cancellation"},{"bokun_id":"1027622","dropdown_label":"Free 1h Cancellation"}],"badges":["new"],"intro":"Fantastischer Landausflug ab dem Hafen von Akureyri \u2013 voller Naturwunder, Geschichte und Kultur.","text":"","short_text":"Auf diesem halbt\u00e4gigen Landausflug ab dem Hafen von Akureyri erleben Sie die Sch\u00f6nheit des Wasserfalls Go\u00f0afoss und erhalten im Torfhausmuseum Lauf\u00e1s spannende Einblicke in das Leben in Island im 19. Jahrhundert.","modal_info_title":"","modal_info_text":"","reviews_rating":"","notice_text":"","tour_duration_in_days":"one-day","agency_notice":"","product_description":"Fahren Sie entlang unber\u00fchrter Fjorde und erleben Sie einige kulturelle und landschaftliche H\u00f6hepunkte Nordislands auf unserer halbt\u00e4gigen Go\u00f0afoss und das Lauf\u00e1s Torfhaus Tour ab Akureyri. Mit Abholung und R\u00fccktransfer direkt vom Kreuzfahrtterminal in Akureyri ist die Teilnahme ganz unkompliziert. Da es sich um eine k\u00fcrzere Tour handelt, bleibt Ihnen au\u00dferdem gen\u00fcgend freie Zeit, um das Zentrum von Akureyri auf eigene Faust zu erkunden.\r\n\r\nUnsere leidenschaftlichen Guides zeigen Ihnen einige der kulturellen und nat\u00fcrlichen Highlights der Region. Den Anfang macht der Besuch des <strong>Go\u00f0afoss<\/strong>, eines der beeindruckendsten Wasserf\u00e4lle Islands \u2013 und das in einem Land, das f\u00fcr seine zahlreichen Wasserf\u00e4lle bekannt ist. Dieser Ort hat f\u00fcr die Isl\u00e4nder eine besondere kulturelle und historische Bedeutung.\r\n\r\nAnschlie\u00dfend setzen wir unser kulturelles Thema mit einem Besuch des Torfhauses <strong>Lauf\u00e1s<\/strong>\u00a0fort. Der wunderbar erhaltene Hof mit seinen Nebengeb\u00e4uden vermittelt einen authentischen Eindruck davon, wie die Menschen im sp\u00e4ten 19. Jahrhundert unter den herausfordernden Bedingungen Islands lebten. Solche <strong>Torfh\u00e4user<\/strong> waren fr\u00fcher weit verbreitet, doch heute existieren nur noch wenige \u2013 und kaum eines in einem so guten Zustand wie dieses.","product_description_long":"Als Teil des Nationalmuseums von Island ist <strong>Lauf\u00e1s<\/strong> auch ein perfekter Fotostopp.\r\n\r\nZum Abschluss der Tour halten wir an einem gro\u00dfartigen Aussichtspunkt mit Blick \u00fcber den Fjord von Akureyri. Genie\u00dfen Sie den Ausblick auf die Stadt und den belebten Hafen \u2013 und machen Sie das perfekte Foto als Erinnerung an Ihren Besuch in dieser lebhaften Stadt.","starting_point":"Akureyri","accommodation":"false","difficulty":"Easy","difficulty_note":"","live_tour_guide":"english","group_size":"4","minimum_age":2,"availability_start":null,"availability_end":null,"price_notice":"","accommodation_text":"","accommodation_gallery":null,"accommodation_list_1":[{"list_item":"Abholung von und R\u00fcckkehr zum Kreuzfahrthafen Akureyri","included_or_excluded":true},{"list_item":"Professionelle Reiseleiter","included_or_excluded":true},{"list_item":"Eintritt zum Lauf\u00e1s Museum","included_or_excluded":true},{"list_item":"WLAN","included_or_excluded":true},{"list_item":"Mahlzeiten und Getr\u00e4nke","included_or_excluded":false}],"accommodation_list_2":[{"list_item":"Robuste Schuhe und eine windfeste Regenjacke werden empfohlen"},{"list_item":"Kleinigkeiten zu essen und Wasser"}],"accommodation_list_3":[{"list_item":"Die Startzeiten der Landausfl\u00fcge sind auf die Anlegezeiten der Schiffe im Hafen am jeweiligen Tag abgestimmt."},{"list_item":"<b>Hinweis: <\/b>Die L\u00e4nge des Ausflugs ist ca. 3,5 Stunden. Die L\u00e4nge und Route des Ausflugs kann aufgrund von schlechten Wetter- und Stra\u00dfenverh\u00e4ltnissen oder anderen Vorkommnissen variieren. "},{"list_item":"<b>Stornierungsbedingungen:<\/b> Keine R\u00fcckerstattung bei Stornierung weniger als 24 Stunden vor Abfahrt."}],"itinerary_location_image":46351,"tour_itinerary":[{"itinerary_name":"Akureyri","tour_day":"","display_itinerary_outside_of_modal":false,"itinerary_above_title_in_modal":"","itinerary_description":"Unser Team erwartet Sie am Kreuzfahrtterminal in Akureyri. Sobald alle G\u00e4ste an Bord sind, brechen wir gemeinsam zu unserem halbt\u00e4gigen Abenteuer auf.","itinerary_gallery":[35459],"itinerary_location_image_map_center":"42.3905%,73.6300%"},{"itinerary_name":"Go\u00f0afoss","tour_day":"","display_itinerary_outside_of_modal":true,"itinerary_above_title_in_modal":"","itinerary_description":"Unser erster Halt ist am Wasserfall Go\u00f0afoss. Ruhig und malerisch liegt er am Gletscherfluss Skj\u00e1lfandaflj\u00f3t, der seine Quelle im Vatnaj\u00f6kull hat \u2013 dem gr\u00f6\u00dften Gletscher Europas. Go\u00f0afoss ist etwa 30\u202fMeter breit, und das Wasser st\u00fcrzt aus einer H\u00f6he von 12\u202fMetern in das Becken darunter. Die halbmondf\u00f6rmige Gestalt des Wasserfalls ist besonders eindrucksvoll und wundersch\u00f6n.\r\n\r\nGo\u00f0afoss bedeutet auf Deutsch \u201eWasserfall der G\u00f6tter\u201c. Der Name stammt aus einer Legende, der zufolge ein einflussreicher H\u00e4uptling namens \u00deorgeir Lj\u00f3svetningago\u00f0i einst G\u00f6tzenbilder der heidnischen G\u00f6tter in den Wasserfall warf. Als Gesetzessprecher symbolisierte diese Handlung die Abkehr Islands vom alten nordischen Glauben und die Hinwendung zum Christentum.","itinerary_gallery":[35145,46305],"itinerary_location_image_map_center":"68.3537%,75.1395%"},{"itinerary_name":"Lauf\u00e1s Museum und Kulturerbe","tour_day":"","display_itinerary_outside_of_modal":true,"itinerary_above_title_in_modal":"","itinerary_description":"Wir setzen unsere Tour fort zum n\u00e4chsten Ziel: dem Kulturdenkmal Lauf\u00e1s mit Museum. Lauf\u00e1s liegt idyllisch am Ufer des Eyjafj\u00f6r\u00f0ur \u2013 die Aussicht ist schlichtweg atemberaubend. An diesem Ort besteht seit dem 11.\u202fJahrhundert eine Siedlung, auch wenn die \u00e4ltesten noch erhaltenen Geb\u00e4ude aus der Mitte des 19.\u202fJahrhunderts stammen.\r\n\r\nLauf\u00e1s ist ein Beispiel f\u00fcr die traditionellen Torfh\u00e4user, wie sie bis weit ins 20.\u202fJahrhundert hinein in Island verbreitet waren. Erde und Torf isolieren hervorragend und halfen den Bewohnern, auch in den h\u00e4rtesten Wintern warm zu bleiben. Eine h\u00fcbsche kleine Kirche geh\u00f6rt ebenfalls zum Anwesen.\r\n\r\nSpazieren Sie durch die verschiedenen R\u00e4ume des Bauernhauses und gewinnen Sie einen Eindruck davon, wie die Isl\u00e4nder fr\u00fcher lebten.\r\n\r\nHeute geh\u00f6rt Lauf\u00e1s zum Nationalmuseum Islands, das sich um die Finanzierung und langfristige Erhaltung dieses einzigartigen Kulturerbes k\u00fcmmert.","itinerary_gallery":[46341,46346],"itinerary_location_image_map_center":"43.1919%,23.4811%"},{"itinerary_name":"Akureyri Aussichtspunkt","tour_day":"","display_itinerary_outside_of_modal":true,"itinerary_above_title_in_modal":"","itinerary_description":"Wir fahren zur\u00fcck entlang des Fjords in Richtung Akureyri. Zum Abschluss legen wir noch einen letzten Halt an einem wundersch\u00f6nen Aussichtspunkt ein, von dem aus man Akureyri und den Eyjafj\u00f6r\u00f0ur fast im Panoramaformat bestaunen kann \u2013 die perfekte Gelegenheit f\u00fcr ein unvergessliches Foto.","itinerary_gallery":[1658],"itinerary_location_image_map_center":"44.3939%,73.7978%"},{"itinerary_name":"Akureyri Kreuzfahrthafen","tour_day":"","display_itinerary_outside_of_modal":false,"itinerary_above_title_in_modal":"","itinerary_description":"Leider neigt sich unsere gemeinsame Zeit dem Ende zu, und wir bringen Sie zur\u00fcck zu Ihrem Schiff.","itinerary_gallery":null,"itinerary_location_image_map_center":"42.7111%,75.4750%"}],"special_offer":"true","promo_code_text":"Promo code","promo_code_coupon":"EB10","promo_code_percentage":10,"gallery":[{"media_item":{"gallery_media":46310,"gallery_youtube_video_id":"","gallery_youtube_cover_image":null},"gallery_image_location":"Go\u00f0afoss Waterfall","gallery_image_description":""},{"media_item":{"gallery_media":46315,"gallery_youtube_video_id":"","gallery_youtube_cover_image":null},"gallery_image_location":"Lauf\u00e6as Museum and Heritage Site","gallery_image_description":""},{"media_item":{"gallery_media":46336,"gallery_youtube_video_id":"","gallery_youtube_cover_image":null},"gallery_image_location":"The turg houses at Lauf\u00e1s","gallery_image_description":""},{"media_item":{"gallery_media":46305,"gallery_youtube_video_id":"","gallery_youtube_cover_image":null},"gallery_image_location":"G\u00f3\u00f0afoss","gallery_image_description":""},{"media_item":{"gallery_media":1658,"gallery_youtube_video_id":"","gallery_youtube_cover_image":null},"gallery_image_location":"Akureyri viewpoint","gallery_image_description":""},{"media_item":{"gallery_media":46325,"gallery_youtube_video_id":"","gallery_youtube_cover_image":null},"gallery_image_location":"Lauf\u00e1s Museum","gallery_image_description":""},{"media_item":{"gallery_media":1663,"gallery_youtube_video_id":"","gallery_youtube_cover_image":null},"gallery_image_location":"Go\u00f0afoss Waterfall","gallery_image_description":""},{"media_item":{"gallery_media":46330,"gallery_youtube_video_id":"","gallery_youtube_cover_image":null},"gallery_image_location":"Lauf\u00e1s Museum on Icelandic Independence Day, June 17th","gallery_image_description":""}],"select_tours":[1615,1728],"select_discover_iceland":[31118,20547],"availability_dates":[{"availability":"2026-05-10"},{"availability":"2026-05-10"},{"availability":"2026-05-18"},{"availability":"2026-05-18"},{"availability":"2026-05-21"},{"availability":"2026-05-21"},{"availability":"2026-05-22"},{"availability":"2026-05-22"},{"availability":"2026-05-23"},{"availability":"2026-05-23"},{"availability":"2026-05-24"},{"availability":"2026-05-24"},{"availability":"2026-05-27"},{"availability":"2026-05-27"},{"availability":"2026-05-29"},{"availability":"2026-05-29"},{"availability":"2026-06-08"},{"availability":"2026-06-08"},{"availability":"2026-06-09"},{"availability":"2026-06-09"},{"availability":"2026-06-10"},{"availability":"2026-06-10"},{"availability":"2026-06-11"},{"availability":"2026-06-12"},{"availability":"2026-06-12"},{"availability":"2026-06-13"},{"availability":"2026-06-13"},{"availability":"2026-06-14"},{"availability":"2026-06-14"},{"availability":"2026-06-18"},{"availability":"2026-06-18"},{"availability":"2026-06-20"},{"availability":"2026-06-20"},{"availability":"2026-06-21"},{"availability":"2026-06-21"},{"availability":"2026-06-22"},{"availability":"2026-06-22"},{"availability":"2026-06-23"},{"availability":"2026-06-23"},{"availability":"2026-06-24"},{"availability":"2026-06-24"},{"availability":"2026-06-25"},{"availability":"2026-06-25"},{"availability":"2026-06-28"},{"availability":"2026-06-29"},{"availability":"2026-06-29"},{"availability":"2026-07-15"},{"availability":"2026-07-16"}],"availability_serialized":""},"yoast_head":"<!-- This site is optimized with the Yoast SEO Premium plugin v26.6 (Yoast SEO v26.9) - https:\/\/yoast.com\/product\/yoast-seo-premium-wordpress\/ -->\n<title>Ab Akureyri: Island-Highlights Go\u00f0afoss &amp; Lauf\u00e1s Torfhaus - BusTravel Iceland<\/title>\n<meta name=\"description\" content=\"Fahren Sie entlang unber\u00fchrter Fjorde und erleben Sie einige kulturelle und landschaftliche H\u00f6hepunkte Nordislands auf unserer halbt\u00e4gigen Go\u00f0afoss und das Lauf\u00e1s Torfhaus Tour ab Akureyri. Mit Abholung und R\u00fccktransfer direkt vom Kreuzfahrtterminal in Akureyri ist die Teilnahme ganz unkompliziert...\" \/>\n<meta name=\"robots\" content=\"index, follow, max-snippet:-1, max-image-preview:large, max-video-preview:-1\" \/>\n<link rel=\"canonical\" href=\"https:\/\/bustravel.is\/de\/eintagige-touren\/fuer-kreuzfahrten-godafoss-und-das-laufas-torfhaus-ab-akureyri\" \/>\n<meta property=\"og:locale\" content=\"de_DE\" \/>\n<meta property=\"og:type\" content=\"article\" \/>\n<meta property=\"og:title\" content=\"Ab Akureyri: Island-Highlights Go\u00f0afoss &amp; Lauf\u00e1s Torfhaus - BusTravel Iceland\" \/>\n<meta property=\"og:description\" content=\"Fahren Sie entlang unber\u00fchrter Fjorde und erleben Sie einige kulturelle und landschaftliche H\u00f6hepunkte Nordislands auf unserer halbt\u00e4gigen Go\u00f0afoss und das Lauf\u00e1s Torfhaus Tour ab Akureyri. Mit Abholung und R\u00fccktransfer direkt vom Kreuzfahrtterminal in Akureyri ist die Teilnahme ganz unkompliziert...\" \/>\n<meta property=\"og:url\" content=\"https:\/\/bustravel.is\/de\/eintagige-touren\/fuer-kreuzfahrten-godafoss-und-das-laufas-torfhaus-ab-akureyri\" \/>\n<meta property=\"og:site_name\" content=\"BusTravel Iceland\" \/>\n<meta property=\"article:modified_time\" content=\"2026-02-04T12:47:43+00:00\" \/>\n<meta property=\"og:image\" content=\"https:\/\/bustravel.is\/wp-content\/uploads\/2024\/04\/pexels-riccardo-bertolo-6332714.jpg\" \/>\n\t<meta property=\"og:image:width\" content=\"960\" \/>\n\t<meta property=\"og:image:height\" content=\"1200\" \/>\n\t<meta property=\"og:image:type\" content=\"image\/jpeg\" \/>\n<meta name=\"twitter:card\" content=\"summary_large_image\" \/>\n<meta name=\"twitter:label1\" content=\"Gesch\u00e4tzte Lesezeit\" \/>\n\t<meta name=\"twitter:data1\" content=\"1\u00a0Minute\" \/>\n<script type=\"application\/ld+json\" class=\"yoast-schema-graph\">{\"@context\":\"https:\/\/schema.org\",\"@graph\":[{\"@type\":\"WebPage\",\"@id\":\"https:\/\/bustravel.is\/de\/eintagige-touren\/fuer-kreuzfahrten-godafoss-und-das-laufas-torfhaus-ab-akureyri\",\"url\":\"https:\/\/bustravel.is\/de\/eintagige-touren\/fuer-kreuzfahrten-godafoss-und-das-laufas-torfhaus-ab-akureyri\",\"name\":\"Ab Akureyri: Island-Highlights Go\u00f0afoss & Lauf\u00e1s Torfhaus - BusTravel Iceland\",\"isPartOf\":{\"@id\":\"https:\/\/bustravel.is\/de#website\"},\"primaryImageOfPage\":{\"@id\":\"https:\/\/bustravel.is\/de\/eintagige-touren\/fuer-kreuzfahrten-godafoss-und-das-laufas-torfhaus-ab-akureyri#primaryimage\"},\"image\":{\"@id\":\"https:\/\/bustravel.is\/de\/eintagige-touren\/fuer-kreuzfahrten-godafoss-und-das-laufas-torfhaus-ab-akureyri#primaryimage\"},\"thumbnailUrl\":\"https:\/\/bustravel.is\/wp-content\/uploads\/2024\/04\/pexels-riccardo-bertolo-6332714.jpg\",\"datePublished\":\"2024-09-30T14:12:48+00:00\",\"dateModified\":\"2026-02-04T12:47:43+00:00\",\"description\":\"Fahren Sie entlang unber\u00fchrter Fjorde und erleben Sie einige kulturelle und landschaftliche H\u00f6hepunkte Nordislands auf unserer halbt\u00e4gigen Go\u00f0afoss und das Lauf\u00e1s Torfhaus Tour ab Akureyri. Mit Abholung und R\u00fccktransfer direkt vom Kreuzfahrtterminal in Akureyri ist die Teilnahme ganz unkompliziert...\",\"breadcrumb\":{\"@id\":\"https:\/\/bustravel.is\/de\/eintagige-touren\/fuer-kreuzfahrten-godafoss-und-das-laufas-torfhaus-ab-akureyri#breadcrumb\"},\"inLanguage\":\"de\",\"potentialAction\":[{\"@type\":\"ReadAction\",\"target\":[\"https:\/\/bustravel.is\/de\/eintagige-touren\/fuer-kreuzfahrten-godafoss-und-das-laufas-torfhaus-ab-akureyri\"]}]},{\"@type\":\"ImageObject\",\"inLanguage\":\"de\",\"@id\":\"https:\/\/bustravel.is\/de\/eintagige-touren\/fuer-kreuzfahrten-godafoss-und-das-laufas-torfhaus-ab-akureyri#primaryimage\",\"url\":\"https:\/\/bustravel.is\/wp-content\/uploads\/2024\/04\/pexels-riccardo-bertolo-6332714.jpg\",\"contentUrl\":\"https:\/\/bustravel.is\/wp-content\/uploads\/2024\/04\/pexels-riccardo-bertolo-6332714.jpg\",\"width\":960,\"height\":1200,\"caption\":\"Godafoss waterfall\"},{\"@type\":\"BreadcrumbList\",\"@id\":\"https:\/\/bustravel.is\/de\/eintagige-touren\/fuer-kreuzfahrten-godafoss-und-das-laufas-torfhaus-ab-akureyri#breadcrumb\",\"itemListElement\":[{\"@type\":\"ListItem\",\"position\":1,\"name\":\"Shop\",\"item\":\"https:\/\/bustravel.is\/de\/shop\"},{\"@type\":\"ListItem\",\"position\":2,\"name\":\"F\u00fcr Kreuzfahrten: Go\u00f0afoss und das Lauf\u00e1s Torfhaus ab Akureyri\"}]},{\"@type\":\"WebSite\",\"@id\":\"https:\/\/bustravel.is\/de#website\",\"url\":\"https:\/\/bustravel.is\/de\",\"name\":\"BusTravel Iceland\",\"description\":\"#1 for Guided Tours in Iceland\",\"potentialAction\":[{\"@type\":\"SearchAction\",\"target\":{\"@type\":\"EntryPoint\",\"urlTemplate\":\"https:\/\/bustravel.is\/de?s={search_term_string}\"},\"query-input\":{\"@type\":\"PropertyValueSpecification\",\"valueRequired\":true,\"valueName\":\"search_term_string\"}}],\"inLanguage\":\"de\"}]}<\/script>\n<!-- \/ Yoast SEO Premium plugin. -->","yoast_head_json":{"title":"Ab Akureyri: Island-Highlights Go\u00f0afoss & Lauf\u00e1s Torfhaus - BusTravel Iceland","description":"Fahren Sie entlang unber\u00fchrter Fjorde und erleben Sie einige kulturelle und landschaftliche H\u00f6hepunkte Nordislands auf unserer halbt\u00e4gigen Go\u00f0afoss und das Lauf\u00e1s Torfhaus Tour ab Akureyri. Mit Abholung und R\u00fccktransfer direkt vom Kreuzfahrtterminal in Akureyri ist die Teilnahme ganz unkompliziert...","robots":{"index":"index","follow":"follow","max-snippet":"max-snippet:-1","max-image-preview":"max-image-preview:large","max-video-preview":"max-video-preview:-1"},"canonical":"https:\/\/bustravel.is\/de\/eintagige-touren\/fuer-kreuzfahrten-godafoss-und-das-laufas-torfhaus-ab-akureyri","og_locale":"de_DE","og_type":"article","og_title":"Ab Akureyri: Island-Highlights Go\u00f0afoss & Lauf\u00e1s Torfhaus - BusTravel Iceland","og_description":"Fahren Sie entlang unber\u00fchrter Fjorde und erleben Sie einige kulturelle und landschaftliche H\u00f6hepunkte Nordislands auf unserer halbt\u00e4gigen Go\u00f0afoss und das Lauf\u00e1s Torfhaus Tour ab Akureyri. Mit Abholung und R\u00fccktransfer direkt vom Kreuzfahrtterminal in Akureyri ist die Teilnahme ganz unkompliziert...","og_url":"https:\/\/bustravel.is\/de\/eintagige-touren\/fuer-kreuzfahrten-godafoss-und-das-laufas-torfhaus-ab-akureyri","og_site_name":"BusTravel Iceland","article_modified_time":"2026-02-04T12:47:43+00:00","og_image":[{"width":960,"height":1200,"url":"https:\/\/bustravel.is\/wp-content\/uploads\/2024\/04\/pexels-riccardo-bertolo-6332714.jpg","type":"image\/jpeg"}],"twitter_card":"summary_large_image","twitter_misc":{"Gesch\u00e4tzte Lesezeit":"1\u00a0Minute"},"schema":{"@context":"https:\/\/schema.org","@graph":[{"@type":"WebPage","@id":"https:\/\/bustravel.is\/de\/eintagige-touren\/fuer-kreuzfahrten-godafoss-und-das-laufas-torfhaus-ab-akureyri","url":"https:\/\/bustravel.is\/de\/eintagige-touren\/fuer-kreuzfahrten-godafoss-und-das-laufas-torfhaus-ab-akureyri","name":"Ab Akureyri: Island-Highlights Go\u00f0afoss & Lauf\u00e1s Torfhaus - BusTravel Iceland","isPartOf":{"@id":"https:\/\/bustravel.is\/de#website"},"primaryImageOfPage":{"@id":"https:\/\/bustravel.is\/de\/eintagige-touren\/fuer-kreuzfahrten-godafoss-und-das-laufas-torfhaus-ab-akureyri#primaryimage"},"image":{"@id":"https:\/\/bustravel.is\/de\/eintagige-touren\/fuer-kreuzfahrten-godafoss-und-das-laufas-torfhaus-ab-akureyri#primaryimage"},"thumbnailUrl":"https:\/\/bustravel.is\/wp-content\/uploads\/2024\/04\/pexels-riccardo-bertolo-6332714.jpg","datePublished":"2024-09-30T14:12:48+00:00","dateModified":"2026-02-04T12:47:43+00:00","description":"Fahren Sie entlang unber\u00fchrter Fjorde und erleben Sie einige kulturelle und landschaftliche H\u00f6hepunkte Nordislands auf unserer halbt\u00e4gigen Go\u00f0afoss und das Lauf\u00e1s Torfhaus Tour ab Akureyri. Mit Abholung und R\u00fccktransfer direkt vom Kreuzfahrtterminal in Akureyri ist die Teilnahme ganz unkompliziert...","breadcrumb":{"@id":"https:\/\/bustravel.is\/de\/eintagige-touren\/fuer-kreuzfahrten-godafoss-und-das-laufas-torfhaus-ab-akureyri#breadcrumb"},"inLanguage":"de","potentialAction":[{"@type":"ReadAction","target":["https:\/\/bustravel.is\/de\/eintagige-touren\/fuer-kreuzfahrten-godafoss-und-das-laufas-torfhaus-ab-akureyri"]}]},{"@type":"ImageObject","inLanguage":"de","@id":"https:\/\/bustravel.is\/de\/eintagige-touren\/fuer-kreuzfahrten-godafoss-und-das-laufas-torfhaus-ab-akureyri#primaryimage","url":"https:\/\/bustravel.is\/wp-content\/uploads\/2024\/04\/pexels-riccardo-bertolo-6332714.jpg","contentUrl":"https:\/\/bustravel.is\/wp-content\/uploads\/2024\/04\/pexels-riccardo-bertolo-6332714.jpg","width":960,"height":1200,"caption":"Godafoss waterfall"},{"@type":"BreadcrumbList","@id":"https:\/\/bustravel.is\/de\/eintagige-touren\/fuer-kreuzfahrten-godafoss-und-das-laufas-torfhaus-ab-akureyri#breadcrumb","itemListElement":[{"@type":"ListItem","position":1,"name":"Shop","item":"https:\/\/bustravel.is\/de\/shop"},{"@type":"ListItem","position":2,"name":"F\u00fcr Kreuzfahrten: Go\u00f0afoss und das Lauf\u00e1s Torfhaus ab Akureyri"}]},{"@type":"WebSite","@id":"https:\/\/bustravel.is\/de#website","url":"https:\/\/bustravel.is\/de","name":"BusTravel Iceland","description":"#1 for Guided Tours in Iceland","potentialAction":[{"@type":"SearchAction","target":{"@type":"EntryPoint","urlTemplate":"https:\/\/bustravel.is\/de?s={search_term_string}"},"query-input":{"@type":"PropertyValueSpecification","valueRequired":true,"valueName":"search_term_string"}}],"inLanguage":"de"}]}},"_links":{"self":[{"href":"https:\/\/bustravel.is\/de\/wp-json\/wp\/v2\/product\/61036","targetHints":{"allow":["GET"]}}],"collection":[{"href":"https:\/\/bustravel.is\/de\/wp-json\/wp\/v2\/product"}],"about":[{"href":"https:\/\/bustravel.is\/de\/wp-json\/wp\/v2\/types\/product"}],"replies":[{"embeddable":true,"href":"https:\/\/bustravel.is\/de\/wp-json\/wp\/v2\/comments?post=61036"}],"acf:post":[{"embeddable":true,"href":"https:\/\/bustravel.is\/de\/wp-json\/wp\/v2\/posts\/20547"},{"embeddable":true,"href":"https:\/\/bustravel.is\/de\/wp-json\/wp\/v2\/posts\/31118"},{"embeddable":true,"href":"https:\/\/bustravel.is\/de\/wp-json\/wp\/v2\/product\/1728"},{"embeddable":true,"href":"https:\/\/bustravel.is\/de\/wp-json\/wp\/v2\/product\/1615"}],"wp:featuredmedia":[{"embeddable":true,"href":"https:\/\/bustravel.is\/de\/wp-json\/wp\/v2\/media\/46310"}],"wp:attachment":[{"href":"https:\/\/bustravel.is\/de\/wp-json\/wp\/v2\/media?parent=61036"}],"wp:term":[{"taxonomy":"product_brand","embeddable":true,"href":"https:\/\/bustravel.is\/de\/wp-json\/wp\/v2\/product_brand?post=61036"},{"taxonomy":"product_cat","embeddable":true,"href":"https:\/\/bustravel.is\/de\/wp-json\/wp\/v2\/product_cat?post=61036"},{"taxonomy":"product_tag","embeddable":true,"href":"https:\/\/bustravel.is\/de\/wp-json\/wp\/v2\/product_tag?post=61036"}],"curies":[{"name":"wp","href":"https:\/\/api.w.org\/{rel}","templated":true}]}}