{"id":56591,"date":"2024-10-03T05:21:36","date_gmt":"2024-10-03T05:21:36","guid":{"rendered":"https:\/\/bustravel.is\/?post_type=product&#038;p=56591"},"modified":"2026-02-04T12:39:54","modified_gmt":"2026-02-04T12:39:54","slug":"kleingruppentour-mit-nordlichterfotographie","status":"publish","type":"product","link":"https:\/\/bustravel.is\/de\/eintagige-touren\/kleingruppentour-mit-nordlichterfotographie","title":{"rendered":"Kleingruppentour mit Nordlichterfotographie"},"content":{"rendered":"","protected":false},"excerpt":{"rendered":"<p><span style=\"font-weight: 400;\">Erleben Sie auf dieser Tour einen unterhaltsamen Abend mit Polarlichtjagd, der Sie zu den besten Orten f\u00fchrt und Ihnen dabei hilft, das perfekte Nordlichtfoto zu schie\u00dfen. Ihr Guide f\u00fcr die Nacht ist ein Profifotograf, der Ihnen dabei hilft, die Lichter selbst einzufangen und tolle Fotos von Ihnen mit der Aurora als Hintergrund zu machen.<\/span><\/p>\n<p><span style=\"font-weight: 400;\">Diese Tour eignet sich sowohl f\u00fcr diejenigen, die eine kleine Gruppe suchen, als auch f\u00fcr Fotografie-Enthusiasten! Diese Kleingruppenoption bietet Ihnen ein intimes Erlebnis und stellt sicher, dass unser Reisef\u00fchrer gen\u00fcgend Zeit f\u00fcr alle hat. Und Sie erhalten nach der Tour auch kostenlose Fotos.<\/span><\/p>\n","protected":false},"featured_media":15818,"comment_status":"closed","ping_status":"closed","template":"","meta":{"_acf_changed":false},"product_brand":[],"product_cat":[215],"product_tag":[],"class_list":{"0":"post-56591","1":"product","2":"type-product","3":"status-publish","4":"has-post-thumbnail","6":"activity-small-group-de","7":"activity-northern-lights-hunt-de","8":"attraction-northern-lights-de","9":"product_cat-eintagige-touren","11":"first","12":"instock","13":"shipping-taxable","14":"purchasable","15":"product-type-simple"},"acf":{"tour_bokun_id":"420899","multi_bokun_id_widget_label":"","multi_day_tour_bokun_ids":null,"badges":[],"intro":"Besuchen Sie die besten Orte um die Aurora zu sehen und bekommen Sie ihr kostenloses Erinnerungsfoto","text":"","short_text":"Besuchen Sie die besten Orte um die Aurora zu sehen und bekommen Sie ihr kostenloses Erinnerungsfoto","modal_info_title":"","modal_info_text":"","reviews_rating":2.86,"notice_text":"If the lights are not seen on this tour, try again for free!","tour_duration_in_days":"one-day","agency_notice":"","product_description":"<span style=\"font-weight: 400;\">Erleben Sie auf dieser Tour einen unterhaltsamen Abend mit Polarlichtjagd, der Sie zu den besten Orten f\u00fchrt und Ihnen dabei hilft, das perfekte Nordlichtfoto zu schie\u00dfen. Ihr Guide f\u00fcr die Nacht ist ein Profifotograf, der Ihnen dabei hilft, die Lichter selbst einzufangen und tolle Fotos von Ihnen mit der Aurora als Hintergrund zu machen.<\/span>\r\n\r\n<span style=\"font-weight: 400;\">Diese Tour eignet sich sowohl f\u00fcr diejenigen, die eine kleine Gruppe suchen, als auch f\u00fcr Fotografie-Enthusiasten! Diese Kleingruppenoption bietet Ihnen ein intimes Erlebnis und stellt sicher, dass unser Reisef\u00fchrer gen\u00fcgend Zeit f\u00fcr alle hat. Und Sie erhalten nach der Tour auch kostenlose Fotos.<\/span>","product_description_long":"<span style=\"font-weight: 400;\">Der Versuch, die Lichter mit der Kamera einzufangen, kann selbst f\u00fcr erfahrene Fotografen einsch\u00fcchternd sein. Auf dieser Tour bringen wir Sie zu bemerkenswerten Orten mit atemberaubender Kulisse, f\u00fcr Ihr einmaliges Aurora-Erlebnis. Der Standort h\u00e4ngt immer von den Wetterbedingungen ab, und unser professionelles Einsatzteam wird tags\u00fcber hart daran arbeiten, den perfekten wolkenfreien Standort zu bestimmen, indem es die Wetterdaten f\u00fcr diesen <\/span><span style=\"font-weight: 400;\">Abend untersucht.<\/span>\r\n\r\n<span style=\"font-weight: 400;\">Alle unsere Nordlichtertouren beinhalten eine kostenfreie Wiederholung, sollte der erste Versuch keine ausreichenden Sichtungen hervorbringen. Bitte beachten Sie, dass die Wiederholung auch mit einer gr\u00f6\u00dferen Gruppe stattfinden kann. Daf\u00fcr ist dieses Angebot bis zu drei Jahre ab dem Datum Ihrer urspr\u00fcnglichen Tour g\u00fcltig, sollte es bei diesem Aufenthalt auf Island nicht klappen. Kontaktieren Sie uns einfach, um Ihre Tour umzubuchen.<\/span>","starting_point":"Reykjavik","accommodation":"false","difficulty":"Easy","difficulty_note":"","live_tour_guide":"english","group_size":"2","minimum_age":8,"availability_start":"20230816","availability_end":"20240420","price_notice":"","accommodation_text":"","accommodation_gallery":null,"accommodation_list_1":[{"list_item":"Nordlichterjagd","included_or_excluded":true},{"list_item":"Auf Fotografie und Nordlichter spezialisierter Reiseleiter","included_or_excluded":true},{"list_item":"Kostenlose Fotos von der Tour","included_or_excluded":true},{"list_item":"Kostenfreie Wiederholung bei Nichtsichtung m\u00f6glich. Begleiten Sie uns dazu auf unserer regul\u00e4ren Nordlichtertour. Dieses Angebot ist bis zu drei Jahre nach dem originalen Tourdatum g\u00fcltig.","included_or_excluded":true},{"list_item":"Hei\u00dfe Schokolade und andere Erfrischungen","included_or_excluded":true},{"list_item":"Zubringerservice von und zu Unterk\u00fcnften und zentralen Orten in Reykjavik","included_or_excluded":true},{"list_item":"WLAN","included_or_excluded":true},{"list_item":"Mahlzeiten und Getr\u00e4nke (au\u00dfer oben erw\u00e4hnte Hei\u00dfe Schokolade)","included_or_excluded":false}],"accommodation_list_2":[{"list_item":"Warme Kleidung und Schuhe"},{"list_item":"M\u00fctze und Handschuhe oder F\u00e4ustlinge"}],"accommodation_list_3":[{"list_item":"Der Ausflug dauert drei bis vier Stunden, die L\u00e4nge kann aber aufgrund der Wetterverh\u00e4ltnisse variieren"},{"list_item":"Keine R\u00fcckerstattung bei durchgef\u00fchrter Tour ohne Sichtung von Nordlichtern. Eine kostenlose Wiederholung mit unserer regul\u00e4ren Nordlichterjagd ist bis zu drei Jahre nach dem originalen Durchf\u00fchrungsdatum kostenfrei m\u00f6glich."},{"list_item":"<b>Stornierungsbedingungen:<\/b> Keine R\u00fcckerstattung bei Stornierung weniger als 24 Stunden vor Abfahrt"}],"itinerary_location_image":53808,"tour_itinerary":[{"itinerary_name":"Reykjavik","tour_day":"","display_itinerary_outside_of_modal":false,"itinerary_above_title_in_modal":"Pick-up","itinerary_description":"<span style=\"font-weight: 400;\">Ihr Abend beginnt mit einem reibungslosen und effizienten Zubringerservice, der im Preis inbegriffen ist. <\/span>","itinerary_gallery":[32172],"itinerary_location_image_map_center":"29.7143%,26.1420%"},{"itinerary_name":"Die Jagd nach den Nordlichtern","tour_day":"","display_itinerary_outside_of_modal":true,"itinerary_above_title_in_modal":"","itinerary_description":"<span style=\"font-weight: 400;\">Nachdem wir alle aufgesammelt haben, verl\u00e4sst die Tour Reykjavik in Richtung der vielversprechendsten Wetter- und Polarlichtvorhersage. Um eine gute Sicht auf das Nordlicht zu gew\u00e4hrleisten, ist Anpassungsf\u00e4higkeit der Schl\u00fcssel, daher wird sich die Tour darauf konzentrieren, den besten Beobachtungsort zu finden.<\/span>\r\n\r\n<span style=\"font-weight: 400;\">W\u00e4hrend der Fahrt teilen unsere spezialisierten Reiseleiter ihr Wissen \u00fcber dieses spektakul\u00e4re Ph\u00e4nomen mit Ihnen, bereiten Sie auf die Nacht vor und geben Ihnen Kameratipps. Wir empfehlen Ihnen, auf dieser Tour ein Stativ mitzubringen. Mit vielen modernen Smartphones k\u00f6nnen Sie ph\u00e4nomenale Fotos des Nordlichts machen, aber mit einer DSLR-Kamera erzielen Sie die besten Ergebnisse.<\/span>\r\n\r\n<span style=\"font-weight: 400;\">Bei einer kleinen Gruppengr\u00f6\u00dfe k\u00f6nnen Sie sich auf ein fokussierteres Erlebnis verlassen, das flexibel und individuell ist. Es wird garantiert, dass Ihr Guide die Zeit hat, Sie bei der Verwirklichung Ihrer fotografischen Ambitionen zu unterst\u00fctzen.<\/span>","itinerary_gallery":[11669,11724],"itinerary_location_image_map_center":"60.8163%,48.3541%"},{"itinerary_name":"Hei\u00dfe Schokolade und isl\u00e4ndische Kleinigkeiten","tour_day":"","display_itinerary_outside_of_modal":true,"itinerary_above_title_in_modal":"","itinerary_description":"<span style=\"font-weight: 400;\">Das Polarlicht ist ein Naturph\u00e4nomen und unvorhersehbar, daher ist Geduld gefragt. Um das Warten angenehmer zu gestalten und Sie aufzuw\u00e4rmen, werden Ihnen hausgemachte hei\u00dfe Schokolade und einige traditionelle isl\u00e4ndische Snacks angeboten. Bitte achten Sie dennoch auf warme und winddichte Kleidung, eine gute M\u00fctze und Handschuhe sowie warme Schuhe.<\/span>","itinerary_gallery":[16166,16156],"itinerary_location_image_map_center":"61.1429%,54.1634%"},{"itinerary_name":"Was, wenn keine Nordlichter auftauchen?","tour_day":"","display_itinerary_outside_of_modal":true,"itinerary_above_title_in_modal":"","itinerary_description":"<span style=\"font-weight: 400;\">Die Beobachtung der Nordlichter ist ein einzigartiges Erlebnis und ein Muss, wenn man im Winter auf Island ist. Allerdings sind die Lichter schwer vorherzusagen und eine Sichtung ist nicht garantiert. Unsere hauseigenen Spezialisten arbeiten hart daran, sicherzustellen, dass die Touren nur dann starten, wenn eine gute M\u00f6glichkeit besteht, die Lichter zu sehen. Wenn Sie das Polarlicht nicht sehen, bieten wir eine kostenlose Wiederholungstour an, die bis zu drei Jahre nach dem originalen Reisedatum eingel\u00f6st werden kann.<\/span>","itinerary_gallery":[11554,11449],"itinerary_location_image_map_center":"63.8367%,60.3145%"},{"itinerary_name":"Reykjavik","tour_day":"","display_itinerary_outside_of_modal":false,"itinerary_above_title_in_modal":"Drop-off","itinerary_description":"Am Ende der Jagd bringen wir Sie zu dem Ort zur\u00fcck an dem wir Sie abgeholt haben.","itinerary_gallery":[32172],"itinerary_location_image_map_center":"29.8776%,26.8254%"}],"special_offer":"true","promo_code_text":"Promo code","promo_code_coupon":"EB10","promo_code_percentage":10,"gallery":[{"media_item":{"gallery_media":16908,"gallery_youtube_video_id":"","gallery_youtube_cover_image":null},"gallery_image_location":"","gallery_image_description":"Priceless aurora memories"},{"media_item":{"gallery_media":11449,"gallery_youtube_video_id":"","gallery_youtube_cover_image":null},"gallery_image_location":"","gallery_image_description":"Northern Lights over the Blue Lagoon"},{"media_item":{"gallery_media":11664,"gallery_youtube_video_id":"","gallery_youtube_cover_image":null},"gallery_image_location":"","gallery_image_description":"Chasing aurora borealis"},{"media_item":{"gallery_media":30256,"gallery_youtube_video_id":"","gallery_youtube_cover_image":null},"gallery_image_location":"","gallery_image_description":"We will send you your photos"},{"media_item":{"gallery_media":11504,"gallery_youtube_video_id":"","gallery_youtube_cover_image":null},"gallery_image_location":"","gallery_image_description":"Northern lights dancing"},{"media_item":{"gallery_media":11564,"gallery_youtube_video_id":"","gallery_youtube_cover_image":null},"gallery_image_location":"","gallery_image_description":"Northern Lights at Thingvellir"},{"media_item":{"gallery_media":11724,"gallery_youtube_video_id":"","gallery_youtube_cover_image":null},"gallery_image_location":"","gallery_image_description":"Enjoying the Northern Lights"},{"media_item":{"gallery_media":null,"gallery_youtube_video_id":"ud7KjL_vG_M","gallery_youtube_cover_image":16998},"gallery_image_location":"","gallery_image_description":"Northern Lights Photography Tour"}],"select_tours":[2385,3203],"select_discover_iceland":[14903,19863],"availability_dates":[{"availability":"2026-04-23"},{"availability":"2026-04-24"}],"availability_serialized":""},"yoast_head":"<!-- This site is optimized with the Yoast SEO Premium plugin v27.4 (Yoast SEO v27.4) - https:\/\/yoast.com\/product\/yoast-seo-premium-wordpress\/ -->\n<title>Kleingruppentour mit Nordlichterfotographie - BusTravel Iceland<\/title>\n<meta name=\"description\" content=\"Erleben Sie auf dieser Tour einen unterhaltsamen Abend mit Polarlichtjagd, der Sie zu den besten Orten f\u00fchrt und Ihnen dabei hilft, das perfekte Nordlichtfoto zu schie\u00dfen. Ihr Guide f\u00fcr die Nacht ist ein Profifotograf, der Ihnen dabei hilft, die Lichter selbst einzufangen und tolle Fotos von Ihnen mit der Aurora als Hintergrund zu machen...\" \/>\n<meta name=\"robots\" content=\"index, follow, max-snippet:-1, max-image-preview:large, max-video-preview:-1\" \/>\n<link rel=\"canonical\" href=\"https:\/\/bustravel.is\/de\/eintagige-touren\/kleingruppentour-mit-nordlichterfotographie\" \/>\n<meta property=\"og:locale\" content=\"de_DE\" \/>\n<meta property=\"og:type\" content=\"article\" \/>\n<meta property=\"og:title\" content=\"Kleingruppentour mit Nordlichterfotographie - BusTravel Iceland\" \/>\n<meta property=\"og:description\" content=\"Erleben Sie auf dieser Tour einen unterhaltsamen Abend mit Polarlichtjagd, der Sie zu den besten Orten f\u00fchrt und Ihnen dabei hilft, das perfekte Nordlichtfoto zu schie\u00dfen. Ihr Guide f\u00fcr die Nacht ist ein Profifotograf, der Ihnen dabei hilft, die Lichter selbst einzufangen und tolle Fotos von Ihnen mit der Aurora als Hintergrund zu machen...\" \/>\n<meta property=\"og:url\" content=\"https:\/\/bustravel.is\/de\/eintagige-touren\/kleingruppentour-mit-nordlichterfotographie\" \/>\n<meta property=\"og:site_name\" content=\"BusTravel Iceland\" \/>\n<meta property=\"article:modified_time\" content=\"2026-02-04T12:39:54+00:00\" \/>\n<meta property=\"og:image\" content=\"https:\/\/bustravel.is\/wp-content\/uploads\/2023\/09\/Northern-Lights-by-Siggi-Antons-10782107632_0Y8A1209.jpg\" \/>\n\t<meta property=\"og:image:width\" content=\"1200\" \/>\n\t<meta property=\"og:image:height\" content=\"800\" \/>\n\t<meta property=\"og:image:type\" content=\"image\/jpeg\" \/>\n<meta name=\"twitter:card\" content=\"summary_large_image\" \/>\n<meta name=\"twitter:label1\" content=\"Gesch\u00e4tzte Lesezeit\" \/>\n\t<meta name=\"twitter:data1\" content=\"1\u00a0Minute\" \/>\n<script type=\"application\/ld+json\" class=\"yoast-schema-graph\">{\"@context\":\"https:\\\/\\\/schema.org\",\"@graph\":[{\"@type\":\"WebPage\",\"@id\":\"https:\\\/\\\/bustravel.is\\\/de\\\/eintagige-touren\\\/kleingruppentour-mit-nordlichterfotographie\",\"url\":\"https:\\\/\\\/bustravel.is\\\/de\\\/eintagige-touren\\\/kleingruppentour-mit-nordlichterfotographie\",\"name\":\"Kleingruppentour mit Nordlichterfotographie - BusTravel Iceland\",\"isPartOf\":{\"@id\":\"https:\\\/\\\/bustravel.is\\\/de#website\"},\"primaryImageOfPage\":{\"@id\":\"https:\\\/\\\/bustravel.is\\\/de\\\/eintagige-touren\\\/kleingruppentour-mit-nordlichterfotographie#primaryimage\"},\"image\":{\"@id\":\"https:\\\/\\\/bustravel.is\\\/de\\\/eintagige-touren\\\/kleingruppentour-mit-nordlichterfotographie#primaryimage\"},\"thumbnailUrl\":\"https:\\\/\\\/bustravel.is\\\/wp-content\\\/uploads\\\/2023\\\/09\\\/Northern-Lights-by-Siggi-Antons-10782107632_0Y8A1209.jpg\",\"datePublished\":\"2024-10-03T05:21:36+00:00\",\"dateModified\":\"2026-02-04T12:39:54+00:00\",\"description\":\"Erleben Sie auf dieser Tour einen unterhaltsamen Abend mit Polarlichtjagd, der Sie zu den besten Orten f\u00fchrt und Ihnen dabei hilft, das perfekte Nordlichtfoto zu schie\u00dfen. Ihr Guide f\u00fcr die Nacht ist ein Profifotograf, der Ihnen dabei hilft, die Lichter selbst einzufangen und tolle Fotos von Ihnen mit der Aurora als Hintergrund zu machen...\",\"breadcrumb\":{\"@id\":\"https:\\\/\\\/bustravel.is\\\/de\\\/eintagige-touren\\\/kleingruppentour-mit-nordlichterfotographie#breadcrumb\"},\"inLanguage\":\"de\",\"potentialAction\":[{\"@type\":\"ReadAction\",\"target\":[\"https:\\\/\\\/bustravel.is\\\/de\\\/eintagige-touren\\\/kleingruppentour-mit-nordlichterfotographie\"]}]},{\"@type\":\"ImageObject\",\"inLanguage\":\"de\",\"@id\":\"https:\\\/\\\/bustravel.is\\\/de\\\/eintagige-touren\\\/kleingruppentour-mit-nordlichterfotographie#primaryimage\",\"url\":\"https:\\\/\\\/bustravel.is\\\/wp-content\\\/uploads\\\/2023\\\/09\\\/Northern-Lights-by-Siggi-Antons-10782107632_0Y8A1209.jpg\",\"contentUrl\":\"https:\\\/\\\/bustravel.is\\\/wp-content\\\/uploads\\\/2023\\\/09\\\/Northern-Lights-by-Siggi-Antons-10782107632_0Y8A1209.jpg\",\"width\":1200,\"height\":800},{\"@type\":\"BreadcrumbList\",\"@id\":\"https:\\\/\\\/bustravel.is\\\/de\\\/eintagige-touren\\\/kleingruppentour-mit-nordlichterfotographie#breadcrumb\",\"itemListElement\":[{\"@type\":\"ListItem\",\"position\":1,\"name\":\"Shop\",\"item\":\"https:\\\/\\\/bustravel.is\\\/de\\\/shop\"},{\"@type\":\"ListItem\",\"position\":2,\"name\":\"Kleingruppentour mit Nordlichterfotographie\"}]},{\"@type\":\"WebSite\",\"@id\":\"https:\\\/\\\/bustravel.is\\\/de#website\",\"url\":\"https:\\\/\\\/bustravel.is\\\/de\",\"name\":\"BusTravel Iceland\",\"description\":\"#1 for Guided Tours in Iceland\",\"potentialAction\":[{\"@type\":\"SearchAction\",\"target\":{\"@type\":\"EntryPoint\",\"urlTemplate\":\"https:\\\/\\\/bustravel.is\\\/de?s={search_term_string}\"},\"query-input\":{\"@type\":\"PropertyValueSpecification\",\"valueRequired\":true,\"valueName\":\"search_term_string\"}}],\"inLanguage\":\"de\"}]}<\/script>\n<!-- \/ Yoast SEO Premium plugin. -->","yoast_head_json":{"title":"Kleingruppentour mit Nordlichterfotographie - BusTravel Iceland","description":"Erleben Sie auf dieser Tour einen unterhaltsamen Abend mit Polarlichtjagd, der Sie zu den besten Orten f\u00fchrt und Ihnen dabei hilft, das perfekte Nordlichtfoto zu schie\u00dfen. Ihr Guide f\u00fcr die Nacht ist ein Profifotograf, der Ihnen dabei hilft, die Lichter selbst einzufangen und tolle Fotos von Ihnen mit der Aurora als Hintergrund zu machen...","robots":{"index":"index","follow":"follow","max-snippet":"max-snippet:-1","max-image-preview":"max-image-preview:large","max-video-preview":"max-video-preview:-1"},"canonical":"https:\/\/bustravel.is\/de\/eintagige-touren\/kleingruppentour-mit-nordlichterfotographie","og_locale":"de_DE","og_type":"article","og_title":"Kleingruppentour mit Nordlichterfotographie - BusTravel Iceland","og_description":"Erleben Sie auf dieser Tour einen unterhaltsamen Abend mit Polarlichtjagd, der Sie zu den besten Orten f\u00fchrt und Ihnen dabei hilft, das perfekte Nordlichtfoto zu schie\u00dfen. Ihr Guide f\u00fcr die Nacht ist ein Profifotograf, der Ihnen dabei hilft, die Lichter selbst einzufangen und tolle Fotos von Ihnen mit der Aurora als Hintergrund zu machen...","og_url":"https:\/\/bustravel.is\/de\/eintagige-touren\/kleingruppentour-mit-nordlichterfotographie","og_site_name":"BusTravel Iceland","article_modified_time":"2026-02-04T12:39:54+00:00","og_image":[{"width":1200,"height":800,"url":"https:\/\/bustravel.is\/wp-content\/uploads\/2023\/09\/Northern-Lights-by-Siggi-Antons-10782107632_0Y8A1209.jpg","type":"image\/jpeg"}],"twitter_card":"summary_large_image","twitter_misc":{"Gesch\u00e4tzte Lesezeit":"1\u00a0Minute"},"schema":{"@context":"https:\/\/schema.org","@graph":[{"@type":"WebPage","@id":"https:\/\/bustravel.is\/de\/eintagige-touren\/kleingruppentour-mit-nordlichterfotographie","url":"https:\/\/bustravel.is\/de\/eintagige-touren\/kleingruppentour-mit-nordlichterfotographie","name":"Kleingruppentour mit Nordlichterfotographie - BusTravel Iceland","isPartOf":{"@id":"https:\/\/bustravel.is\/de#website"},"primaryImageOfPage":{"@id":"https:\/\/bustravel.is\/de\/eintagige-touren\/kleingruppentour-mit-nordlichterfotographie#primaryimage"},"image":{"@id":"https:\/\/bustravel.is\/de\/eintagige-touren\/kleingruppentour-mit-nordlichterfotographie#primaryimage"},"thumbnailUrl":"https:\/\/bustravel.is\/wp-content\/uploads\/2023\/09\/Northern-Lights-by-Siggi-Antons-10782107632_0Y8A1209.jpg","datePublished":"2024-10-03T05:21:36+00:00","dateModified":"2026-02-04T12:39:54+00:00","description":"Erleben Sie auf dieser Tour einen unterhaltsamen Abend mit Polarlichtjagd, der Sie zu den besten Orten f\u00fchrt und Ihnen dabei hilft, das perfekte Nordlichtfoto zu schie\u00dfen. Ihr Guide f\u00fcr die Nacht ist ein Profifotograf, der Ihnen dabei hilft, die Lichter selbst einzufangen und tolle Fotos von Ihnen mit der Aurora als Hintergrund zu machen...","breadcrumb":{"@id":"https:\/\/bustravel.is\/de\/eintagige-touren\/kleingruppentour-mit-nordlichterfotographie#breadcrumb"},"inLanguage":"de","potentialAction":[{"@type":"ReadAction","target":["https:\/\/bustravel.is\/de\/eintagige-touren\/kleingruppentour-mit-nordlichterfotographie"]}]},{"@type":"ImageObject","inLanguage":"de","@id":"https:\/\/bustravel.is\/de\/eintagige-touren\/kleingruppentour-mit-nordlichterfotographie#primaryimage","url":"https:\/\/bustravel.is\/wp-content\/uploads\/2023\/09\/Northern-Lights-by-Siggi-Antons-10782107632_0Y8A1209.jpg","contentUrl":"https:\/\/bustravel.is\/wp-content\/uploads\/2023\/09\/Northern-Lights-by-Siggi-Antons-10782107632_0Y8A1209.jpg","width":1200,"height":800},{"@type":"BreadcrumbList","@id":"https:\/\/bustravel.is\/de\/eintagige-touren\/kleingruppentour-mit-nordlichterfotographie#breadcrumb","itemListElement":[{"@type":"ListItem","position":1,"name":"Shop","item":"https:\/\/bustravel.is\/de\/shop"},{"@type":"ListItem","position":2,"name":"Kleingruppentour mit Nordlichterfotographie"}]},{"@type":"WebSite","@id":"https:\/\/bustravel.is\/de#website","url":"https:\/\/bustravel.is\/de","name":"BusTravel Iceland","description":"#1 for Guided Tours in Iceland","potentialAction":[{"@type":"SearchAction","target":{"@type":"EntryPoint","urlTemplate":"https:\/\/bustravel.is\/de?s={search_term_string}"},"query-input":{"@type":"PropertyValueSpecification","valueRequired":true,"valueName":"search_term_string"}}],"inLanguage":"de"}]}},"_links":{"self":[{"href":"https:\/\/bustravel.is\/de\/wp-json\/wp\/v2\/product\/56591","targetHints":{"allow":["GET"]}}],"collection":[{"href":"https:\/\/bustravel.is\/de\/wp-json\/wp\/v2\/product"}],"about":[{"href":"https:\/\/bustravel.is\/de\/wp-json\/wp\/v2\/types\/product"}],"replies":[{"embeddable":true,"href":"https:\/\/bustravel.is\/de\/wp-json\/wp\/v2\/comments?post=56591"}],"acf:post":[{"embeddable":true,"href":"https:\/\/bustravel.is\/de\/wp-json\/wp\/v2\/posts\/19863"},{"embeddable":true,"href":"https:\/\/bustravel.is\/de\/wp-json\/wp\/v2\/posts\/14903"},{"embeddable":true,"href":"https:\/\/bustravel.is\/de\/wp-json\/wp\/v2\/product\/3203"},{"embeddable":true,"href":"https:\/\/bustravel.is\/de\/wp-json\/wp\/v2\/product\/2385"}],"wp:featuredmedia":[{"embeddable":true,"href":"https:\/\/bustravel.is\/de\/wp-json\/wp\/v2\/media\/15818"}],"wp:attachment":[{"href":"https:\/\/bustravel.is\/de\/wp-json\/wp\/v2\/media?parent=56591"}],"wp:term":[{"taxonomy":"product_brand","embeddable":true,"href":"https:\/\/bustravel.is\/de\/wp-json\/wp\/v2\/product_brand?post=56591"},{"taxonomy":"product_cat","embeddable":true,"href":"https:\/\/bustravel.is\/de\/wp-json\/wp\/v2\/product_cat?post=56591"},{"taxonomy":"product_tag","embeddable":true,"href":"https:\/\/bustravel.is\/de\/wp-json\/wp\/v2\/product_tag?post=56591"}],"curies":[{"name":"wp","href":"https:\/\/api.w.org\/{rel}","templated":true}]}}