{"id":57088,"date":"2023-09-26T13:42:40","date_gmt":"2023-09-26T13:42:40","guid":{"rendered":"https:\/\/bustravel.is\/?page_id=57088"},"modified":"2025-11-14T10:01:54","modified_gmt":"2025-11-14T10:01:54","slug":"reiseinformationen-fuer-passagiere-mit-eingeschraenkter-mobilitaet","status":"publish","type":"page","link":"https:\/\/bustravel.is\/de\/reiseinformationen-fuer-passagiere-mit-eingeschraenkter-mobilitaet","title":{"rendered":"Reiseinformationen f\u00fcr Passagiere mit eingeschr\u00e4nkter Mobilit\u00e4t"},"content":{"rendered":"<div     class=\"\">\n    <h1>Reiseinformationen f\u00fcr Passagiere mit eingeschr\u00e4nkter Mobilit\u00e4t<\/h1>\n<\/div>\n\n<div     class=\" \">\n    <p>Bei BusTravel Iceland sind wir bestrebt, allen Reisenden ein sicheres und angenehmes Erlebnis zu bieten, einschlie\u00dflich Passagieren mit besonderen Bed\u00fcrfnissen.<\/p>\n<h4>Nutzung eines Rollstuhls<\/h4>\n<ul>\n<li>Wenn Sie einen Rollstuhl nutzen, bitten wir darum, dass dieser zusammenklappbar ist, da er w\u00e4hrend der Fahrt zwischen den Stopps im Gep\u00e4ckbereich des Busses verstaut wird.<\/li>\n<\/ul>\n<h4>Anforderungen hinzuf\u00fcgen<\/h4>\n<ul>\n<li>Besuchen Sie <a href=\"https:\/\/my.bustravel.is\" target=\"_new\" rel=\"noopener\"><strong>my.bustravel.is<\/strong><\/a>, um Unterst\u00fctzungserfordernisse zu Ihrer Buchung hinzuzuf\u00fcgen.<\/li>\n<li>Nach dem Einloggen auf Ihrer personalisierten Tour-Seite finden Sie Schaltfl\u00e4chen, \u00fcber die Sie uns \u00fcber Ihre speziellen Bed\u00fcrfnisse informieren k\u00f6nnen. So k\u00f6nnen wir sicherstellen, dass Ihre Reise mit uns so komfortabel wie m\u00f6glich gestaltet wird.<\/li>\n<\/ul>\n<h4>Warum uns informieren?<\/h4>\n<ul>\n<li>Das rechtzeitige Mitteilen Ihrer Anforderungen ist entscheidend! Wir verf\u00fcgen \u00fcber eine Vielzahl von Ressourcen, um Sie bestm\u00f6glich zu unterst\u00fctzen und Ihre Bed\u00fcrfnisse zu ber\u00fccksichtigen.<\/li>\n<\/ul>\n<h4>Kontakt<\/h4>\n<p>F\u00fcr weitere Informationen oder Fragen kontaktieren Sie bitte unser Support-Team:<br \/>\n<strong>E-Mail:<\/strong> <a rel=\"noopener\">info@bustravel.is<\/a><\/p>\n<\/div>","protected":false},"excerpt":{"rendered":"","protected":false},"author":8,"featured_media":0,"parent":0,"menu_order":0,"comment_status":"closed","ping_status":"closed","template":"","meta":{"_acf_changed":false,"footnotes":""},"class_list":["post-57088","page","type-page","status-publish","hentry"],"acf":[],"yoast_head":"<!-- This site is optimized with the Yoast SEO Premium plugin v26.6 (Yoast SEO v26.9) - https:\/\/yoast.com\/product\/yoast-seo-premium-wordpress\/ -->\n<title>Informationen f\u00fcr mobilit\u00e4tseingeschr\u00e4nkte Reisende - BusTravel Iceland<\/title>\n<meta name=\"description\" content=\"BusTravel Iceland bietet sicheres und komfortables Reisen f\u00fcr alle G\u00e4ste, einschlie\u00dflich Passagieren mit besonderen Bed\u00fcrfnissen, und legt gro\u00dfen Wert auf barrierefreie und inklusive Erlebnisse.\" \/>\n<meta name=\"robots\" content=\"index, follow, max-snippet:-1, max-image-preview:large, max-video-preview:-1\" \/>\n<link rel=\"canonical\" href=\"https:\/\/bustravel.is\/de\/reiseinformationen-fuer-passagiere-mit-eingeschraenkter-mobilitaet\" \/>\n<meta property=\"og:locale\" content=\"de_DE\" \/>\n<meta property=\"og:type\" content=\"article\" \/>\n<meta property=\"og:title\" content=\"Informationen f\u00fcr mobilit\u00e4tseingeschr\u00e4nkte Reisende - BusTravel Iceland\" \/>\n<meta property=\"og:description\" content=\"BusTravel Iceland bietet sicheres und komfortables Reisen f\u00fcr alle G\u00e4ste, einschlie\u00dflich Passagieren mit besonderen Bed\u00fcrfnissen, und legt gro\u00dfen Wert auf barrierefreie und inklusive Erlebnisse.\" \/>\n<meta property=\"og:url\" content=\"https:\/\/bustravel.is\/de\/reiseinformationen-fuer-passagiere-mit-eingeschraenkter-mobilitaet\" \/>\n<meta property=\"og:site_name\" content=\"BusTravel Iceland\" \/>\n<meta property=\"article:modified_time\" content=\"2025-11-14T10:01:54+00:00\" \/>\n<meta name=\"twitter:card\" content=\"summary_large_image\" \/>\n<script type=\"application\/ld+json\" class=\"yoast-schema-graph\">{\"@context\":\"https:\/\/schema.org\",\"@graph\":[{\"@type\":\"WebPage\",\"@id\":\"https:\/\/bustravel.is\/de\/reiseinformationen-fuer-passagiere-mit-eingeschraenkter-mobilitaet\",\"url\":\"https:\/\/bustravel.is\/de\/reiseinformationen-fuer-passagiere-mit-eingeschraenkter-mobilitaet\",\"name\":\"Informationen f\u00fcr mobilit\u00e4tseingeschr\u00e4nkte Reisende - BusTravel Iceland\",\"isPartOf\":{\"@id\":\"https:\/\/bustravel.is\/de#website\"},\"datePublished\":\"2023-09-26T13:42:40+00:00\",\"dateModified\":\"2025-11-14T10:01:54+00:00\",\"description\":\"BusTravel Iceland bietet sicheres und komfortables Reisen f\u00fcr alle G\u00e4ste, einschlie\u00dflich Passagieren mit besonderen Bed\u00fcrfnissen, und legt gro\u00dfen Wert auf barrierefreie und inklusive Erlebnisse.\",\"inLanguage\":\"de\",\"potentialAction\":[{\"@type\":\"ReadAction\",\"target\":[\"https:\/\/bustravel.is\/de\/reiseinformationen-fuer-passagiere-mit-eingeschraenkter-mobilitaet\"]}]},{\"@type\":\"WebSite\",\"@id\":\"https:\/\/bustravel.is\/de#website\",\"url\":\"https:\/\/bustravel.is\/de\",\"name\":\"BusTravel Iceland\",\"description\":\"#1 for Guided Tours in Iceland\",\"potentialAction\":[{\"@type\":\"SearchAction\",\"target\":{\"@type\":\"EntryPoint\",\"urlTemplate\":\"https:\/\/bustravel.is\/de?s={search_term_string}\"},\"query-input\":{\"@type\":\"PropertyValueSpecification\",\"valueRequired\":true,\"valueName\":\"search_term_string\"}}],\"inLanguage\":\"de\"}]}<\/script>\n<!-- \/ Yoast SEO Premium plugin. -->","yoast_head_json":{"title":"Informationen f\u00fcr mobilit\u00e4tseingeschr\u00e4nkte Reisende - BusTravel Iceland","description":"BusTravel Iceland bietet sicheres und komfortables Reisen f\u00fcr alle G\u00e4ste, einschlie\u00dflich Passagieren mit besonderen Bed\u00fcrfnissen, und legt gro\u00dfen Wert auf barrierefreie und inklusive Erlebnisse.","robots":{"index":"index","follow":"follow","max-snippet":"max-snippet:-1","max-image-preview":"max-image-preview:large","max-video-preview":"max-video-preview:-1"},"canonical":"https:\/\/bustravel.is\/de\/reiseinformationen-fuer-passagiere-mit-eingeschraenkter-mobilitaet","og_locale":"de_DE","og_type":"article","og_title":"Informationen f\u00fcr mobilit\u00e4tseingeschr\u00e4nkte Reisende - BusTravel Iceland","og_description":"BusTravel Iceland bietet sicheres und komfortables Reisen f\u00fcr alle G\u00e4ste, einschlie\u00dflich Passagieren mit besonderen Bed\u00fcrfnissen, und legt gro\u00dfen Wert auf barrierefreie und inklusive Erlebnisse.","og_url":"https:\/\/bustravel.is\/de\/reiseinformationen-fuer-passagiere-mit-eingeschraenkter-mobilitaet","og_site_name":"BusTravel Iceland","article_modified_time":"2025-11-14T10:01:54+00:00","twitter_card":"summary_large_image","schema":{"@context":"https:\/\/schema.org","@graph":[{"@type":"WebPage","@id":"https:\/\/bustravel.is\/de\/reiseinformationen-fuer-passagiere-mit-eingeschraenkter-mobilitaet","url":"https:\/\/bustravel.is\/de\/reiseinformationen-fuer-passagiere-mit-eingeschraenkter-mobilitaet","name":"Informationen f\u00fcr mobilit\u00e4tseingeschr\u00e4nkte Reisende - BusTravel Iceland","isPartOf":{"@id":"https:\/\/bustravel.is\/de#website"},"datePublished":"2023-09-26T13:42:40+00:00","dateModified":"2025-11-14T10:01:54+00:00","description":"BusTravel Iceland bietet sicheres und komfortables Reisen f\u00fcr alle G\u00e4ste, einschlie\u00dflich Passagieren mit besonderen Bed\u00fcrfnissen, und legt gro\u00dfen Wert auf barrierefreie und inklusive Erlebnisse.","inLanguage":"de","potentialAction":[{"@type":"ReadAction","target":["https:\/\/bustravel.is\/de\/reiseinformationen-fuer-passagiere-mit-eingeschraenkter-mobilitaet"]}]},{"@type":"WebSite","@id":"https:\/\/bustravel.is\/de#website","url":"https:\/\/bustravel.is\/de","name":"BusTravel Iceland","description":"#1 for Guided Tours in Iceland","potentialAction":[{"@type":"SearchAction","target":{"@type":"EntryPoint","urlTemplate":"https:\/\/bustravel.is\/de?s={search_term_string}"},"query-input":{"@type":"PropertyValueSpecification","valueRequired":true,"valueName":"search_term_string"}}],"inLanguage":"de"}]}},"_links":{"self":[{"href":"https:\/\/bustravel.is\/de\/wp-json\/wp\/v2\/pages\/57088","targetHints":{"allow":["GET"]}}],"collection":[{"href":"https:\/\/bustravel.is\/de\/wp-json\/wp\/v2\/pages"}],"about":[{"href":"https:\/\/bustravel.is\/de\/wp-json\/wp\/v2\/types\/page"}],"author":[{"embeddable":true,"href":"https:\/\/bustravel.is\/de\/wp-json\/wp\/v2\/users\/8"}],"replies":[{"embeddable":true,"href":"https:\/\/bustravel.is\/de\/wp-json\/wp\/v2\/comments?post=57088"}],"version-history":[{"count":3,"href":"https:\/\/bustravel.is\/de\/wp-json\/wp\/v2\/pages\/57088\/revisions"}],"predecessor-version":[{"id":64190,"href":"https:\/\/bustravel.is\/de\/wp-json\/wp\/v2\/pages\/57088\/revisions\/64190"}],"wp:attachment":[{"href":"https:\/\/bustravel.is\/de\/wp-json\/wp\/v2\/media?parent=57088"}],"curies":[{"name":"wp","href":"https:\/\/api.w.org\/{rel}","templated":true}]}}