{"id":57086,"date":"2023-09-26T13:45:24","date_gmt":"2023-09-26T13:45:24","guid":{"rendered":"https:\/\/bustravel.is\/?page_id=57086"},"modified":"2025-11-14T09:58:25","modified_gmt":"2025-11-14T09:58:25","slug":"das-reisen-mit-kindern-auf-touren-von-bustravel-iceland","status":"publish","type":"page","link":"https:\/\/bustravel.is\/de\/das-reisen-mit-kindern-auf-touren-von-bustravel-iceland","title":{"rendered":"Das Reisen mit Kindern auf Touren von BusTravel Iceland"},"content":{"rendered":"<div     class=\"\">\n    <h1>Das Reisen mit Kindern auf Touren von BusTravel Iceland<\/h1>\n<\/div>\n\n<div     class=\" \">\n    <p><strong>Sicherheit<\/strong><\/p>\n<p>Unsere Flotte umfasst Busse verschiedener Typen und Gr\u00f6\u00dfen. Alle unsere Busse sind mit Sicherheitsgurten f\u00fcr Erwachsene ausgestattet. F\u00fcr die Sicherheit von Kindern bieten wir F\u00fcnfpunktgurte f\u00fcr Kinder ab 2 Jahren mit einem Gewicht zwischen 15 und 25 kg an.<\/p>\n<p><strong>Folgendes Kindersitzsystem bieten wir an:<\/strong><\/p>\n<ul>\n<li>KidyBus Harness mit der Zulassungsnummer ECE R44.04<\/li>\n<li>F\u00fcr Kinder \u00fcber zwei Jahren und einem Gewicht von 15-25 kg<\/li>\n<\/ul>\n<\/div>\n\n<div     class=\"\">\n    <div class=\"image\">\n        <img width=\"1574\" height=\"884\" src=\"https:\/\/bustravel.is\/wp-content\/uploads\/2025\/07\/KidyBus-Harness-approved-by-ECE-R44.04.jpg\" class=\"attachment- size-\" alt=\"KidyBus-Harness-approved-by-ECE-R44.04\" title=\"KidyBus\" loading=\"lazy\" srcset=\"https:\/\/bustravel.is\/wp-content\/uploads\/2025\/07\/KidyBus-Harness-approved-by-ECE-R44.04-300x168.jpg 300w, https:\/\/bustravel.is\/wp-content\/uploads\/2025\/07\/KidyBus-Harness-approved-by-ECE-R44.04-600x337.jpg 600w, https:\/\/bustravel.is\/wp-content\/uploads\/2025\/07\/KidyBus-Harness-approved-by-ECE-R44.04-768x431.jpg 768w, https:\/\/bustravel.is\/wp-content\/uploads\/2025\/07\/KidyBus-Harness-approved-by-ECE-R44.04-1024x575.jpg 1024w, https:\/\/bustravel.is\/wp-content\/uploads\/2025\/07\/KidyBus-Harness-approved-by-ECE-R44.04-1536x863.jpg 1536w, https:\/\/bustravel.is\/wp-content\/uploads\/2025\/07\/KidyBus-Harness-approved-by-ECE-R44.04.jpg 1574w\" sizes=\"auto, (max-width: 1574px) 100vw, 1574px\" fetchpriority=\"high\" decoding=\"async\" \/>        <div class=\"media__description\"><\/div>\n    <\/div>\n<\/div>\n\n<div     class=\" \">\n    <p>&nbsp;<\/p>\n<p><strong>Wenn Sie eine Buchung mit einem Kind machen<\/strong><\/p>\n<p>Bitte stellen Sie sicher, dass Sie die Sicherheitsausr\u00fcstung f\u00fcr Kinder bei Ihrer Buchung reservieren, indem Sie sich an unser Kundensupport-Team wenden. Kinder- (2\u20137 Jahre) und Jugendtarife (8\u201315 Jahre) sind auf den meisten unserer Touren verf\u00fcgbar, wenn sie in Begleitung eines voll zahlenden Erwachsenen reisen.<\/p>\n<p><strong>Altersbeschr\u00e4nkungen auf unseren Ausfl\u00fcgen<\/strong><\/p>\n<ul>\n<li>0-2 Jahre: aufgrund von Sicherheitsbedenken, k\u00f6nnen Kinder unter zwei Jahren leider nicht mitgef\u00fchrt werden.<\/li>\n<li>2-8 Jahre: Alle unsere Kleingruppentouren, Ausfl\u00fcge zur Gletschlagune J\u00f6kuls\u00e1rl\u00f3n und Nordlichterjagden haben eine Altersbeschr\u00e4nkung von 8 Jahren.<\/li>\n<\/ul>\n<p>Bitte beachten Sie, dass Touren, die hei\u00dfe Quellen wie die <a href=\"https:\/\/support.bluelagoon.com\/hc\/en-us\/articles\/360005869277-Children-and-the-Blue-Lagoon\">Blaue Lagune<\/a> oder die <a href=\"https:\/\/secretlagoon.is\/terms-and-conditions\/\">Secret Lagoon<\/a> beinhalten, zus\u00e4tzlichen Altersbeschr\u00e4nkungen unterliegen k\u00f6nnen, die von den jeweiligen Richtlinien abh\u00e4ngen. Die entsprechenden Gesch\u00e4ftsbedingungen k\u00f6nnen Sie einsehen, indem Sie auf die Namen klicken.<\/p>\n<p>F\u00fcr weitere Informationen zum Reisen mit Kindern wenden Sie sich bitte an unseren Kundenservice unter <a href=\"mailto:info@bustravel.is\">info@bustravel.is<\/a>.<\/p>\n<p>Zus\u00e4tzliche Informationen zu den Vorschriften und Bestimmungen f\u00fcr das Reisen mit Kindern in Island finden Sie auf der Website der <a href=\"http:\/\/www.samgongustofa.is\/media\/umferd\/Oryggi-barna-i-bil.ENSKA.pdf\">isl\u00e4ndischen Verkehrsbeh\u00f6rde<\/a>.<\/p>\n<\/div>","protected":false},"excerpt":{"rendered":"","protected":false},"author":8,"featured_media":0,"parent":0,"menu_order":0,"comment_status":"closed","ping_status":"closed","template":"","meta":{"_acf_changed":false,"footnotes":""},"class_list":["post-57086","page","type-page","status-publish","hentry"],"acf":[],"yoast_head":"<!-- This site is optimized with the Yoast SEO Premium plugin v27.5 (Yoast SEO v27.5) - https:\/\/yoast.com\/product\/yoast-seo-premium-wordpress\/ -->\n<title>Das Reisen mit Kindern auf Touren von BusTravel Iceland - BusTravel Iceland<\/title>\n<meta name=\"description\" content=\"Familienreisen in Island: So gelingt das Reisen mit Kindern auf Touren von BusTravel Iceland.\" \/>\n<meta name=\"robots\" content=\"index, follow, max-snippet:-1, max-image-preview:large, max-video-preview:-1\" \/>\n<link rel=\"canonical\" href=\"https:\/\/bustravel.is\/de\/das-reisen-mit-kindern-auf-touren-von-bustravel-iceland\" \/>\n<meta property=\"og:locale\" content=\"de_DE\" \/>\n<meta property=\"og:type\" content=\"article\" \/>\n<meta property=\"og:title\" content=\"Das Reisen mit Kindern auf Touren von BusTravel Iceland - BusTravel Iceland\" \/>\n<meta property=\"og:description\" content=\"Familienreisen in Island: So gelingt das Reisen mit Kindern auf Touren von BusTravel Iceland.\" \/>\n<meta property=\"og:url\" content=\"https:\/\/bustravel.is\/de\/das-reisen-mit-kindern-auf-touren-von-bustravel-iceland\" \/>\n<meta property=\"og:site_name\" content=\"BusTravel Iceland\" \/>\n<meta property=\"article:modified_time\" content=\"2025-11-14T09:58:25+00:00\" \/>\n<meta name=\"twitter:card\" content=\"summary_large_image\" \/>\n<script type=\"application\/ld+json\" class=\"yoast-schema-graph\">{\"@context\":\"https:\\\/\\\/schema.org\",\"@graph\":[{\"@type\":\"WebPage\",\"@id\":\"https:\\\/\\\/bustravel.is\\\/de\\\/das-reisen-mit-kindern-auf-touren-von-bustravel-iceland\",\"url\":\"https:\\\/\\\/bustravel.is\\\/de\\\/das-reisen-mit-kindern-auf-touren-von-bustravel-iceland\",\"name\":\"Das Reisen mit Kindern auf Touren von BusTravel Iceland - BusTravel Iceland\",\"isPartOf\":{\"@id\":\"https:\\\/\\\/bustravel.is\\\/de#website\"},\"datePublished\":\"2023-09-26T13:45:24+00:00\",\"dateModified\":\"2025-11-14T09:58:25+00:00\",\"description\":\"Familienreisen in Island: So gelingt das Reisen mit Kindern auf Touren von BusTravel Iceland.\",\"inLanguage\":\"de\",\"potentialAction\":[{\"@type\":\"ReadAction\",\"target\":[\"https:\\\/\\\/bustravel.is\\\/de\\\/das-reisen-mit-kindern-auf-touren-von-bustravel-iceland\"]}]},{\"@type\":\"WebSite\",\"@id\":\"https:\\\/\\\/bustravel.is\\\/de#website\",\"url\":\"https:\\\/\\\/bustravel.is\\\/de\",\"name\":\"BusTravel Iceland\",\"description\":\"#1 for Guided Tours in Iceland\",\"potentialAction\":[{\"@type\":\"SearchAction\",\"target\":{\"@type\":\"EntryPoint\",\"urlTemplate\":\"https:\\\/\\\/bustravel.is\\\/de?s={search_term_string}\"},\"query-input\":{\"@type\":\"PropertyValueSpecification\",\"valueRequired\":true,\"valueName\":\"search_term_string\"}}],\"inLanguage\":\"de\"}]}<\/script>\n<!-- \/ Yoast SEO Premium plugin. -->","yoast_head_json":{"title":"Das Reisen mit Kindern auf Touren von BusTravel Iceland - BusTravel Iceland","description":"Familienreisen in Island: So gelingt das Reisen mit Kindern auf Touren von BusTravel Iceland.","robots":{"index":"index","follow":"follow","max-snippet":"max-snippet:-1","max-image-preview":"max-image-preview:large","max-video-preview":"max-video-preview:-1"},"canonical":"https:\/\/bustravel.is\/de\/das-reisen-mit-kindern-auf-touren-von-bustravel-iceland","og_locale":"de_DE","og_type":"article","og_title":"Das Reisen mit Kindern auf Touren von BusTravel Iceland - BusTravel Iceland","og_description":"Familienreisen in Island: So gelingt das Reisen mit Kindern auf Touren von BusTravel Iceland.","og_url":"https:\/\/bustravel.is\/de\/das-reisen-mit-kindern-auf-touren-von-bustravel-iceland","og_site_name":"BusTravel Iceland","article_modified_time":"2025-11-14T09:58:25+00:00","twitter_card":"summary_large_image","schema":{"@context":"https:\/\/schema.org","@graph":[{"@type":"WebPage","@id":"https:\/\/bustravel.is\/de\/das-reisen-mit-kindern-auf-touren-von-bustravel-iceland","url":"https:\/\/bustravel.is\/de\/das-reisen-mit-kindern-auf-touren-von-bustravel-iceland","name":"Das Reisen mit Kindern auf Touren von BusTravel Iceland - BusTravel Iceland","isPartOf":{"@id":"https:\/\/bustravel.is\/de#website"},"datePublished":"2023-09-26T13:45:24+00:00","dateModified":"2025-11-14T09:58:25+00:00","description":"Familienreisen in Island: So gelingt das Reisen mit Kindern auf Touren von BusTravel Iceland.","inLanguage":"de","potentialAction":[{"@type":"ReadAction","target":["https:\/\/bustravel.is\/de\/das-reisen-mit-kindern-auf-touren-von-bustravel-iceland"]}]},{"@type":"WebSite","@id":"https:\/\/bustravel.is\/de#website","url":"https:\/\/bustravel.is\/de","name":"BusTravel Iceland","description":"#1 for Guided Tours in Iceland","potentialAction":[{"@type":"SearchAction","target":{"@type":"EntryPoint","urlTemplate":"https:\/\/bustravel.is\/de?s={search_term_string}"},"query-input":{"@type":"PropertyValueSpecification","valueRequired":true,"valueName":"search_term_string"}}],"inLanguage":"de"}]}},"_links":{"self":[{"href":"https:\/\/bustravel.is\/de\/wp-json\/wp\/v2\/pages\/57086","targetHints":{"allow":["GET"]}}],"collection":[{"href":"https:\/\/bustravel.is\/de\/wp-json\/wp\/v2\/pages"}],"about":[{"href":"https:\/\/bustravel.is\/de\/wp-json\/wp\/v2\/types\/page"}],"author":[{"embeddable":true,"href":"https:\/\/bustravel.is\/de\/wp-json\/wp\/v2\/users\/8"}],"replies":[{"embeddable":true,"href":"https:\/\/bustravel.is\/de\/wp-json\/wp\/v2\/comments?post=57086"}],"version-history":[{"count":4,"href":"https:\/\/bustravel.is\/de\/wp-json\/wp\/v2\/pages\/57086\/revisions"}],"predecessor-version":[{"id":64212,"href":"https:\/\/bustravel.is\/de\/wp-json\/wp\/v2\/pages\/57086\/revisions\/64212"}],"wp:attachment":[{"href":"https:\/\/bustravel.is\/de\/wp-json\/wp\/v2\/media?parent=57086"}],"curies":[{"name":"wp","href":"https:\/\/api.w.org\/{rel}","templated":true}]}}