{"id":3442,"date":"2023-08-08T10:28:46","date_gmt":"2023-08-08T10:28:46","guid":{"rendered":"https:\/\/bustravel.is\/contact"},"modified":"2024-11-08T17:48:54","modified_gmt":"2024-11-08T17:48:54","slug":"contact","status":"publish","type":"page","link":"https:\/\/bustravel.is\/de\/contact","title":{"rendered":"Kontakt"},"content":{"rendered":"\n\n<div id=\"modalContact\" class=\"modal is-hidden modal--primary\" data-js=\"modal\">\n\t<div class=\"modal__content\" data-js=\"modal-content\">\n\n\t\t<div class=\"modal__head\">\n\t\t\t<div class=\"modal__header\">\n\t\t\t\t<div>\n\t\t\t\t\t<h2 class=\"modal__title\" class=\"modal__title\" id=\"schicke-uns-eine-nachricht\">Schicke uns eine Nachricht<\/h2>\n\t\t\t\t\t<p class=\"modal__intro\">Wir versuchen sobald wie m\u00f6glich zu antworten.<\/p>\n\t\t\t\t\t<p class=\"modal__intro modal__success_text\">Deine Nachricht wurde erfolgreich zugestellt.<\/p>\n\t\t\t\t<\/div>\n\t\t\t<\/div>\n\t\t\t\n<div class=\"modal__close-button-container\">\n\t<button title=\"Modul schlie\u00dfen\" class=\"modal__close-button \" data-js=\"closeModal\">\n\t\tSchlie\u00dfen\t<\/button>\n<\/div>\n\t\t<\/div>\n\n\t\t<div class=\"modal__body u-mt-xs\">\n\t\t\t\n<div class=\"wpcf7 no-js\" id=\"wpcf7-f1118-o1\" lang=\"de-DE\" dir=\"ltr\" data-wpcf7-id=\"1118\">\n<div class=\"screen-reader-response\"><p role=\"status\" aria-live=\"polite\" aria-atomic=\"true\"><\/p> <ul><\/ul><\/div>\n<form action=\"\/de\/wp-json\/wp\/v2\/pages\/3442#wpcf7-f1118-o1\" method=\"post\" class=\"wpcf7-form init\" aria-label=\"Kontaktformular\" novalidate=\"novalidate\" data-status=\"init\">\n<fieldset class=\"hidden-fields-container\"><input type=\"hidden\" name=\"_wpcf7\" value=\"1118\" \/><input type=\"hidden\" name=\"_wpcf7_version\" value=\"6.1.5\" \/><input type=\"hidden\" name=\"_wpcf7_locale\" value=\"de_DE\" \/><input type=\"hidden\" name=\"_wpcf7_unit_tag\" value=\"wpcf7-f1118-o1\" \/><input type=\"hidden\" name=\"_wpcf7_container_post\" value=\"0\" \/><input type=\"hidden\" name=\"_wpcf7_posted_data_hash\" value=\"\" \/><input type=\"hidden\" name=\"_wpcf7_recaptcha_response\" value=\"\" \/>\n<\/fieldset>\n<div class=\"FormGroup FormGroup--text\">\n\t<p><label class=\"InputLabel\" for=\"your-name\">Name<\/label><span class=\"wpcf7-form-control-wrap\" data-name=\"your-name\"><input size=\"40\" maxlength=\"400\" class=\"wpcf7-form-control wpcf7-text wpcf7-validates-as-required TextInput\" id=\"name\" aria-required=\"true\" aria-invalid=\"false\" value=\"\" type=\"text\" name=\"your-name\" \/><\/span>\n\t<\/p>\n<\/div>\n<div class=\"FormGroup FormGroup--text\">\n\t<p><label class=\"InputLabel\" for=\"email\">E-Mail-Adresse<\/label><span class=\"wpcf7-form-control-wrap\" data-name=\"email\"><input size=\"40\" maxlength=\"400\" class=\"wpcf7-form-control wpcf7-email wpcf7-validates-as-required wpcf7-text wpcf7-validates-as-email TextInput\" id=\"email\" aria-required=\"true\" aria-invalid=\"false\" value=\"\" type=\"email\" name=\"email\" \/><\/span>\n\t<\/p>\n<\/div>\n<div class=\"FormGroup FormGroup--textarea\">\n\t<p><label class=\"InputLabel\" for=\"\">Nachricht<\/label><span class=\"wpcf7-form-control-wrap\" data-name=\"textarea\"><textarea cols=\"30\" rows=\"5\" maxlength=\"2000\" class=\"wpcf7-form-control wpcf7-textarea wpcf7-validates-as-required Textarea\" aria-required=\"true\" aria-invalid=\"false\" name=\"textarea\"><\/textarea><\/span>\n\t<\/p>\n<\/div>\n<div class=\"u-mt-xs u-mb-sm\">\n\t<p><input class=\"wpcf7-form-control wpcf7-submit has-spinner button button--primary button--large button--mobile-full\" id=\"Id\" type=\"submit\" value=\"Senden\" \/>\n\t<\/p>\n<\/div><div class=\"wpcf7-response-output\" aria-hidden=\"true\"><\/div>\n<\/form>\n<\/div>\n\n\t\t\t\n<button title=\"Ok\" type=\"button\"  class=\"button button--primary button--mobile-full modal__success_btn button--large \"   data-js=\"closeModal\">\n\t\t\t\n\t\t\n\t\t\t\t\t<span class=\"text\">\n\t\t\t\tOk\t\t\t<\/span>\n\t\t\n\t<\/button>\n\n\t\t<\/div>\n\t<\/div>\n<\/div>\n\n<div class=\"contact-page\">\n    <div class=\"contact-page__inner\">\n        <div class=\"u-mt-md u-mb-sm\">\n\t\t\t\n<div class=\"head\">\n\t<div class=\"breadcrumbs\"><\/div>\n\t\n\t<h1 class=\"head__title\">Kontakt<\/h1>\n\t\n\t\t\n\t\t\t<div class=\"head__text\">\n\t\t\tDu fragst dich, wie man eine Tour mit uns bucht, ben\u00f6tigst Hilfe mit deinen Reisepl\u00e4nen oder m\u00f6chtest schlicht weitere Informationen \u00fcber unsere Leistungen erhalten? Wir helfen dir gerne! \t\t\t\t\t<\/div>\n\t\n\t<\/div>\n        <\/div>\n\n        <div class=\"u-mb-xs\">\n\t\t\t\n<div class=\"contact-options\">\n\t\t\t<div class=\"contact-options__item\">\n\t\t\t<div class=\"contact-options__icon\">\n\t\t\t\t<svg width=\"48\" height=\"48\" fill=\"none\" xmlns=\"http:\/\/www.w3.org\/2000\/svg\"><path d=\"M19.6 19.2h9.12m0 4.8H19.6m9.12-12H19.6a9.6 9.6 0 00-9.6 9.6 9.6 9.6 0 009.6 9.6h1.92a2.4 2.4 0 012.4 2.4V36c9.958-6.335 14.338-7.933 14.4-14.263V21.6a9.6 9.6 0 00-9.6-9.6z\" stroke=\"#152B47\" stroke-width=\"1.6\" stroke-miterlimit=\"10\" stroke-linecap=\"round\" stroke-linejoin=\"round\"\/><\/svg>\t\t\t<\/div>\n\t\t\t<div class=\"contact-options__content\">\n\t\t\t\t<div class=\"contact-options__label\">Live-Chat mit unseren Kundenberatern<\/div>\n\t\t\t\t<div class=\"contact-options__link\">\n\t\t\t\t\t\n\t\t\t\t\t\n<button title=\"Sprich mit uns\" type=\"button\"  class=\"button button--simple  \"   onclick=\"Beacon('open')\">\n\t\t\t\n\t\t\n\t\t\t\t\t<span class=\"text\">\n\t\t\t\tSprich mit uns\t\t\t<\/span>\n\t\t\n\t<\/button>\n\t\t\t\t\t\n\t\t\t\t<\/div>\n\t\t\t<\/div>\n\t\t<\/div>\n\t\t\t<div class=\"contact-options__item\">\n\t\t\t<div class=\"contact-options__icon\">\n\t\t\t\t<svg width=\"48\" height=\"48\" fill=\"none\" xmlns=\"http:\/\/www.w3.org\/2000\/svg\"><path d=\"M31.575 28.905L34.514 36\" stroke=\"#152B47\" stroke-width=\"1.6\" stroke-miterlimit=\"10\" stroke-linecap=\"round\" stroke-linejoin=\"round\"\/><rect x=\"11\" y=\"13\" width=\"26\" height=\"9\" rx=\"2\" stroke=\"#152B47\" stroke-width=\"1.6\" stroke-miterlimit=\"10\" stroke-linecap=\"round\" stroke-linejoin=\"round\"\/><path d=\"M24 17.5h-9.5\" stroke=\"#152B47\" stroke-width=\"1.6\" stroke-miterlimit=\"10\" stroke-linecap=\"round\" stroke-linejoin=\"round\"\/><path d=\"M27.249 18.462l10.443 10.443h-6.117l-4.326 4.326V18.46z\" fill=\"#fff\" stroke=\"#152B47\" stroke-width=\"1.6\" stroke-miterlimit=\"10\" stroke-linecap=\"round\" stroke-linejoin=\"round\"\/><\/svg>\t\t\t<\/div>\n\t\t\t<div class=\"contact-options__content\">\n\t\t\t\t<div class=\"contact-options__label\">Onlineformular<\/div>\n\t\t\t\t<div class=\"contact-options__link\">\n\t\t\t\t\t\n\t\t\t\t\t\n<span    class=\"button button--simple  \"   data-js=\"modalContact\">\n\t\t\t\n\t\t\n\t\t\t\t\t<span class=\"text\">\n\t\t\t\tSchicke uns eine Nachricht\t\t\t<\/span>\n\t\t\n\t<\/span>\n\t\t\t\t\t\n\t\t\t\t<\/div>\n\t\t\t<\/div>\n\t\t<\/div>\n\t\t\t<div class=\"contact-options__item\">\n\t\t\t<div class=\"contact-options__icon\">\n\t\t\t\t<svg width=\"48\" height=\"48\" fill=\"none\" xmlns=\"http:\/\/www.w3.org\/2000\/svg\"><path d=\"M19.6 19.2h9.12m0 4.8H19.6m9.12-12H19.6a9.6 9.6 0 00-9.6 9.6 9.6 9.6 0 009.6 9.6h1.92a2.4 2.4 0 012.4 2.4V36c9.958-6.335 14.338-7.933 14.4-14.263V21.6a9.6 9.6 0 00-9.6-9.6z\" stroke=\"#152B47\" stroke-width=\"1.6\" stroke-miterlimit=\"10\" stroke-linecap=\"round\" stroke-linejoin=\"round\"\/><\/svg>\t\t\t<\/div>\n\t\t\t<div class=\"contact-options__content\">\n\t\t\t\t<div class=\"contact-options__label\">E-Mail<\/div>\n\t\t\t\t<div class=\"contact-options__link\">\n\t\t\t\t\t\n\t\t\t\t\t\n<a title=\"info@bustravel.is\"  href=\"mailto:info@bustravel.is\" class=\"button button--simple  \"   >\n\t\t\t\n\t\t\n\t\t\t\t\t<span class=\"text\">\n\t\t\t\tinfo@bustravel.is\t\t\t<\/span>\n\t\t\n\t<\/a>\n\t\t\t\t\t\n\t\t\t\t<\/div>\n\t\t\t<\/div>\n\t\t<\/div>\n\t\t\t<div class=\"contact-options__item\">\n\t\t\t<div class=\"contact-options__icon\">\n\t\t\t\t<svg width=\"48\" height=\"48\" fill=\"none\" xmlns=\"http:\/\/www.w3.org\/2000\/svg\"><path d=\"M24.872 16.83a.871.871 0 101.743 0 .871.871 0 00-1.743 0zm3.483 0a.871.871 0 101.743 0 .871.871 0 00-1.742 0zm3.489 0a.871.871 0 101.743 0 .871.871 0 00-1.743 0z\" fill=\"#152B47\"\/><path d=\"M22.619 30.772l2.614-1.743 5.216 1.743v3.485c0 .963-.768 1.743-1.73 1.743C19.092 36 10 26.965 10 17.34c0-.963.78-1.73 1.743-1.73h3.485l1.743 5.215-1.743 2.614c1.113 2.783 4.608 6.22 7.39 7.333zM20.514 16.83a5.228 5.228 0 005.229 5.228v3.485l3.485-3.485h3.486c2.888 0 5.286-2.341 5.286-5.229 0-2.887-2.398-5.228-5.286-5.228h-6.971a5.228 5.228 0 00-5.229 5.228z\" stroke=\"#152B47\" stroke-width=\"1.4\" stroke-miterlimit=\"10\" stroke-linecap=\"round\" stroke-linejoin=\"round\"\/><\/svg>\t\t\t<\/div>\n\t\t\t<div class=\"contact-options__content\">\n\t\t\t\t<div class=\"contact-options__label\">Telefon<\/div>\n\t\t\t\t<div class=\"contact-options__link\">\n\t\t\t\t\t\n\t\t\t\t\t\n<a title=\"+(354) 539 3111\"  href=\"tel:+3545393111\" class=\"button button--simple  \"   >\n\t\t\t\n\t\t\n\t\t\t\t\t<span class=\"text\">\n\t\t\t\t+354 539 3111\t\t\t<\/span>\n\t\t\n\t<\/a>\n\t\t\t\t\t\n\t\t\t\t<\/div>\n\t\t\t<\/div>\n\t\t<\/div>\n\t<\/div>\n        <\/div>\n\n        <div class=\"u-mb-xs\">\n\t\t\t\n<div class=\"view-faq\">\n\t<div class=\"view-faq__left\">\n\t\t<div class=\"view-faq__text\">Du ben\u00f6tigst Informationen \u00fcber deine Buchung &#8211; Reservierung \u00e4ndern, Stornierungen oder Umbuchen? In unserem FAQ findest du viele Antworten.<\/div>\n\t<\/div>\n\t<div class=\"view-faq__right\">\n\t\t\n<a title=\"View FAQ\"  href=\"https:\/\/bustravel.is\/faq\" class=\"button button--secondary button--medium \"   >\n\t\t\t\n\t\t\t\t\t<span class=\"text\">\n\t\t\t\tH\u00e4ufig gestellte Fragen\t\t\t<\/span>\n\t\t\n\t\t\t\t\t<span class=\"icon button__icon\"><svg width=\"24\" height=\"24\" fill=\"none\" xmlns=\"http:\/\/www.w3.org\/2000\/svg\"><path d=\"M6 12h12m0 0l-4.5-4.5M18 12l-4.5 4.5\" stroke=\"#E36934\" stroke-width=\"2\" stroke-linecap=\"round\" stroke-linejoin=\"round\"\/><\/svg><\/span>\n\t\t\n\t<\/a>\n\t<\/div>\n<\/div>\n        <\/div>\n\n        <div class=\"u-mb-xlg\">\n\t\t\t\n<div class=\"card-contact\">\n    <div class=\"card-contact__content\">\n        <div class=\"card-contact__label\">Unser B\u00fcro<\/div>\n        <div class=\"card-contact__address\">BusTravel Iceland<br\/>Sk\u00f3garhl\u00ed\u00f0 10<br\/>105 Reykjav\u00edk, Iceland<\/div>\n\t\t\n<a title=\"Get directions\"  href=\"https:\/\/goo.gl\/maps\/NaJoJhvNWvANx8y59\" class=\"button button--simple button--medium \" target=\"_blank\"  >\n\t\t\t\n\t\t\n\t\t\t\t\t<span class=\"text\">\n\t\t\t\t<strong>Wegbeschreibung \u00f6ffnen<\/strong>\t\t\t<\/span>\n\t\t\n\t<\/a>\n    <\/div>\n\t<a href=\"https:\/\/goo.gl\/maps\/NaJoJhvNWvANx8y59\" target=\"_blank\">\n\t\t<img decoding=\"async\" class=\"card-contact__image u-display-desktop lazyload\" data-src=\"\/wp-content\/themes\/bustravel\/assets\/img\/contact\/map.png\" alt=\"Map\" src=\"data:image\/svg+xml;base64,PHN2ZyB3aWR0aD0iMSIgaGVpZ2h0PSIxIiB4bWxucz0iaHR0cDovL3d3dy53My5vcmcvMjAwMC9zdmciPjwvc3ZnPg==\" style=\"--smush-placeholder-width: 660px; --smush-placeholder-aspect-ratio: 660\/400;\">\n\t\t<img decoding=\"async\" class=\"card-contact__image u-display-mobile lazyload\" data-src=\"\/wp-content\/themes\/bustravel\/assets\/img\/contact\/map-mobile.png\" alt=\"Map\" src=\"data:image\/svg+xml;base64,PHN2ZyB3aWR0aD0iMSIgaGVpZ2h0PSIxIiB4bWxucz0iaHR0cDovL3d3dy53My5vcmcvMjAwMC9zdmciPjwvc3ZnPg==\" style=\"--smush-placeholder-width: 320px; --smush-placeholder-aspect-ratio: 320\/320;\">\n\t<\/a>\n<\/div>\n        <\/div>\n    <\/div>\n\n<\/div>\n","protected":false},"excerpt":{"rendered":"","protected":false},"author":1,"featured_media":0,"parent":0,"menu_order":0,"comment_status":"closed","ping_status":"closed","template":"","meta":{"_acf_changed":false,"footnotes":""},"class_list":["post-3442","page","type-page","status-publish","hentry"],"acf":[],"yoast_head":"<!-- This site is optimized with the Yoast SEO Premium plugin v26.6 (Yoast SEO v26.9) - https:\/\/yoast.com\/product\/yoast-seo-premium-wordpress\/ -->\n<title>Kontakt - BusTravel Iceland<\/title>\n<meta name=\"description\" content=\"BusTravel Iceland&#039;s exceptional customer support is dedicated to ensuring you have the ultimate travel experience in Iceland.\" \/>\n<meta name=\"robots\" content=\"index, follow, max-snippet:-1, max-image-preview:large, max-video-preview:-1\" \/>\n<link rel=\"canonical\" href=\"https:\/\/bustravel.is\/de\/contact\" \/>\n<meta property=\"og:locale\" content=\"de_DE\" \/>\n<meta property=\"og:type\" content=\"article\" \/>\n<meta property=\"og:title\" content=\"Kontakt - BusTravel Iceland\" \/>\n<meta property=\"og:description\" content=\"BusTravel Iceland&#039;s exceptional customer support is dedicated to ensuring you have the ultimate travel experience in Iceland.\" \/>\n<meta property=\"og:url\" content=\"https:\/\/bustravel.is\/de\/contact\" \/>\n<meta property=\"og:site_name\" content=\"BusTravel Iceland\" \/>\n<meta property=\"article:modified_time\" content=\"2024-11-08T17:48:54+00:00\" \/>\n<meta name=\"twitter:card\" content=\"summary_large_image\" \/>\n<script type=\"application\/ld+json\" class=\"yoast-schema-graph\">{\"@context\":\"https:\/\/schema.org\",\"@graph\":[{\"@type\":\"WebPage\",\"@id\":\"https:\/\/bustravel.is\/de\/contact\",\"url\":\"https:\/\/bustravel.is\/de\/contact\",\"name\":\"Kontakt - BusTravel Iceland\",\"isPartOf\":{\"@id\":\"https:\/\/bustravel.is\/de#website\"},\"datePublished\":\"2023-08-08T10:28:46+00:00\",\"dateModified\":\"2024-11-08T17:48:54+00:00\",\"description\":\"BusTravel Iceland's exceptional customer support is dedicated to ensuring you have the ultimate travel experience in Iceland.\",\"inLanguage\":\"de\",\"potentialAction\":[{\"@type\":\"ReadAction\",\"target\":[\"https:\/\/bustravel.is\/de\/contact\"]}]},{\"@type\":\"WebSite\",\"@id\":\"https:\/\/bustravel.is\/de#website\",\"url\":\"https:\/\/bustravel.is\/de\",\"name\":\"BusTravel Iceland\",\"description\":\"#1 for Guided Tours in Iceland\",\"potentialAction\":[{\"@type\":\"SearchAction\",\"target\":{\"@type\":\"EntryPoint\",\"urlTemplate\":\"https:\/\/bustravel.is\/de?s={search_term_string}\"},\"query-input\":{\"@type\":\"PropertyValueSpecification\",\"valueRequired\":true,\"valueName\":\"search_term_string\"}}],\"inLanguage\":\"de\"}]}<\/script>\n<!-- \/ Yoast SEO Premium plugin. -->","yoast_head_json":{"title":"Kontakt - BusTravel Iceland","description":"BusTravel Iceland's exceptional customer support is dedicated to ensuring you have the ultimate travel experience in Iceland.","robots":{"index":"index","follow":"follow","max-snippet":"max-snippet:-1","max-image-preview":"max-image-preview:large","max-video-preview":"max-video-preview:-1"},"canonical":"https:\/\/bustravel.is\/de\/contact","og_locale":"de_DE","og_type":"article","og_title":"Kontakt - BusTravel Iceland","og_description":"BusTravel Iceland's exceptional customer support is dedicated to ensuring you have the ultimate travel experience in Iceland.","og_url":"https:\/\/bustravel.is\/de\/contact","og_site_name":"BusTravel Iceland","article_modified_time":"2024-11-08T17:48:54+00:00","twitter_card":"summary_large_image","schema":{"@context":"https:\/\/schema.org","@graph":[{"@type":"WebPage","@id":"https:\/\/bustravel.is\/de\/contact","url":"https:\/\/bustravel.is\/de\/contact","name":"Kontakt - BusTravel Iceland","isPartOf":{"@id":"https:\/\/bustravel.is\/de#website"},"datePublished":"2023-08-08T10:28:46+00:00","dateModified":"2024-11-08T17:48:54+00:00","description":"BusTravel Iceland's exceptional customer support is dedicated to ensuring you have the ultimate travel experience in Iceland.","inLanguage":"de","potentialAction":[{"@type":"ReadAction","target":["https:\/\/bustravel.is\/de\/contact"]}]},{"@type":"WebSite","@id":"https:\/\/bustravel.is\/de#website","url":"https:\/\/bustravel.is\/de","name":"BusTravel Iceland","description":"#1 for Guided Tours in Iceland","potentialAction":[{"@type":"SearchAction","target":{"@type":"EntryPoint","urlTemplate":"https:\/\/bustravel.is\/de?s={search_term_string}"},"query-input":{"@type":"PropertyValueSpecification","valueRequired":true,"valueName":"search_term_string"}}],"inLanguage":"de"}]}},"_links":{"self":[{"href":"https:\/\/bustravel.is\/de\/wp-json\/wp\/v2\/pages\/3442","targetHints":{"allow":["GET"]}}],"collection":[{"href":"https:\/\/bustravel.is\/de\/wp-json\/wp\/v2\/pages"}],"about":[{"href":"https:\/\/bustravel.is\/de\/wp-json\/wp\/v2\/types\/page"}],"author":[{"embeddable":true,"href":"https:\/\/bustravel.is\/de\/wp-json\/wp\/v2\/users\/1"}],"replies":[{"embeddable":true,"href":"https:\/\/bustravel.is\/de\/wp-json\/wp\/v2\/comments?post=3442"}],"version-history":[{"count":8,"href":"https:\/\/bustravel.is\/de\/wp-json\/wp\/v2\/pages\/3442\/revisions"}],"predecessor-version":[{"id":56990,"href":"https:\/\/bustravel.is\/de\/wp-json\/wp\/v2\/pages\/3442\/revisions\/56990"}],"wp:attachment":[{"href":"https:\/\/bustravel.is\/de\/wp-json\/wp\/v2\/media?parent=3442"}],"curies":[{"name":"wp","href":"https:\/\/api.w.org\/{rel}","templated":true}]}}